{"id":1004,"date":"2019-11-22T14:29:11","date_gmt":"2019-11-22T13:29:11","guid":{"rendered":"http:\/\/schumansquare.net\/?page_id=1004"},"modified":"2022-04-04T18:03:22","modified_gmt":"2022-04-04T16:03:22","slug":"schuman-lights-up-2019-en","status":"publish","type":"page","link":"https:\/\/schumansquare.net\/index.php\/schuman-lights-up-2019-en\/","title":{"rendered":"Schuman Lights Up &#8211; 11\/2019"},"content":{"rendered":"\n<h3>The place to be<\/h3>\n\n\n\n<h2>Inauguration aux couleurs des tartans \u00e9cossais<\/h2>\n\n\n\n<figure class=\"wp-block-gallery columns-3 is-cropped\"><ul class=\"blocks-gallery-grid\"><li class=\"blocks-gallery-item\"><figure><img loading=\"lazy\" width=\"640\" height=\"480\" src=\"http:\/\/schumansquare.net\/wp-content\/uploads\/2019\/12\/IMG_1170.jpeg\" alt=\"\" data-id=\"1010\" data-link=\"http:\/\/schumansquare.net\/index.php\/accueil\/img_1170\/\" class=\"wp-image-1010\" srcset=\"https:\/\/schumansquare.net\/wp-content\/uploads\/2019\/12\/IMG_1170.jpeg 640w, https:\/\/schumansquare.net\/wp-content\/uploads\/2019\/12\/IMG_1170-300x225.jpeg 300w, https:\/\/schumansquare.net\/wp-content\/uploads\/2019\/12\/IMG_1170-120x90.jpeg 120w\" sizes=\"(max-width: 640px) 100vw, 640px\" \/><\/figure><\/li><li class=\"blocks-gallery-item\"><figure><img loading=\"lazy\" width=\"640\" height=\"480\" src=\"http:\/\/schumansquare.net\/wp-content\/uploads\/2019\/12\/IMG_1171.jpeg\" alt=\"\" data-id=\"1011\" data-link=\"http:\/\/schumansquare.net\/index.php\/accueil\/img_1171\/\" class=\"wp-image-1011\" srcset=\"https:\/\/schumansquare.net\/wp-content\/uploads\/2019\/12\/IMG_1171.jpeg 640w, https:\/\/schumansquare.net\/wp-content\/uploads\/2019\/12\/IMG_1171-300x225.jpeg 300w, https:\/\/schumansquare.net\/wp-content\/uploads\/2019\/12\/IMG_1171-120x90.jpeg 120w\" sizes=\"(max-width: 640px) 100vw, 640px\" \/><\/figure><\/li><li class=\"blocks-gallery-item\"><figure><img loading=\"lazy\" width=\"640\" height=\"480\" src=\"http:\/\/schumansquare.net\/wp-content\/uploads\/2019\/12\/IMG_1183.jpeg\" alt=\"\" data-id=\"1012\" data-link=\"http:\/\/schumansquare.net\/index.php\/accueil\/img_1183\/\" class=\"wp-image-1012\" srcset=\"https:\/\/schumansquare.net\/wp-content\/uploads\/2019\/12\/IMG_1183.jpeg 640w, https:\/\/schumansquare.net\/wp-content\/uploads\/2019\/12\/IMG_1183-300x225.jpeg 300w, https:\/\/schumansquare.net\/wp-content\/uploads\/2019\/12\/IMG_1183-120x90.jpeg 120w\" sizes=\"(max-width: 640px) 100vw, 640px\" \/><\/figure><\/li><li class=\"blocks-gallery-item\"><figure><img loading=\"lazy\" width=\"640\" height=\"480\" src=\"http:\/\/schumansquare.net\/wp-content\/uploads\/2019\/12\/IMG_1185.jpeg\" alt=\"\" data-id=\"1013\" data-link=\"http:\/\/schumansquare.net\/index.php\/accueil\/img_1185\/\" class=\"wp-image-1013\" srcset=\"https:\/\/schumansquare.net\/wp-content\/uploads\/2019\/12\/IMG_1185.jpeg 640w, https:\/\/schumansquare.net\/wp-content\/uploads\/2019\/12\/IMG_1185-300x225.jpeg 300w, https:\/\/schumansquare.net\/wp-content\/uploads\/2019\/12\/IMG_1185-120x90.jpeg 120w\" sizes=\"(max-width: 640px) 100vw, 640px\" \/><\/figure><\/li><\/ul><\/figure>\n\n\n\n<h2>Une participation r\u00e9ussie de la Finlande&#8230;<\/h2>\n\n\n\n<figure class=\"wp-block-gallery columns-3 is-cropped\"><ul class=\"blocks-gallery-grid\"><li class=\"blocks-gallery-item\"><figure><img loading=\"lazy\" width=\"640\" height=\"480\" src=\"http:\/\/schumansquare.net\/wp-content\/uploads\/2020\/05\/IMG_1292-1.jpeg\" alt=\"\" data-id=\"1176\" data-full-url=\"http:\/\/schumansquare.net\/wp-content\/uploads\/2020\/05\/IMG_1292-1.jpeg\" data-link=\"http:\/\/schumansquare.net\/index.php\/schuman-lights-up-2019-en\/img_1292-1\/\" class=\"wp-image-1176\" srcset=\"https:\/\/schumansquare.net\/wp-content\/uploads\/2020\/05\/IMG_1292-1.jpeg 640w, https:\/\/schumansquare.net\/wp-content\/uploads\/2020\/05\/IMG_1292-1-300x225.jpeg 300w, https:\/\/schumansquare.net\/wp-content\/uploads\/2020\/05\/IMG_1292-1-120x90.jpeg 120w\" sizes=\"(max-width: 640px) 100vw, 640px\" \/><\/figure><\/li><li class=\"blocks-gallery-item\"><figure><img loading=\"lazy\" width=\"480\" height=\"640\" src=\"http:\/\/schumansquare.net\/wp-content\/uploads\/2020\/05\/IMG_1291-1.jpeg\" alt=\"\" data-id=\"1177\" data-full-url=\"http:\/\/schumansquare.net\/wp-content\/uploads\/2020\/05\/IMG_1291-1.jpeg\" data-link=\"http:\/\/schumansquare.net\/index.php\/schuman-lights-up-2019-en\/img_1291-1\/\" class=\"wp-image-1177\" srcset=\"https:\/\/schumansquare.net\/wp-content\/uploads\/2020\/05\/IMG_1291-1.jpeg 480w, https:\/\/schumansquare.net\/wp-content\/uploads\/2020\/05\/IMG_1291-1-225x300.jpeg 225w\" sizes=\"(max-width: 480px) 100vw, 480px\" \/><\/figure><\/li><li class=\"blocks-gallery-item\"><figure><img loading=\"lazy\" width=\"480\" height=\"640\" src=\"http:\/\/schumansquare.net\/wp-content\/uploads\/2020\/05\/IMG_1283-1.jpeg\" alt=\"\" data-id=\"1178\" data-full-url=\"http:\/\/schumansquare.net\/wp-content\/uploads\/2020\/05\/IMG_1283-1.jpeg\" data-link=\"http:\/\/schumansquare.net\/index.php\/schuman-lights-up-2019-en\/img_1283-1\/\" class=\"wp-image-1178\" srcset=\"https:\/\/schumansquare.net\/wp-content\/uploads\/2020\/05\/IMG_1283-1.jpeg 480w, https:\/\/schumansquare.net\/wp-content\/uploads\/2020\/05\/IMG_1283-1-225x300.jpeg 225w\" sizes=\"(max-width: 480px) 100vw, 480px\" \/><\/figure><\/li><li class=\"blocks-gallery-item\"><figure><img loading=\"lazy\" width=\"640\" height=\"480\" src=\"http:\/\/schumansquare.net\/wp-content\/uploads\/2020\/05\/IMG_1266-1.jpeg\" alt=\"\" data-id=\"1179\" data-full-url=\"http:\/\/schumansquare.net\/wp-content\/uploads\/2020\/05\/IMG_1266-1.jpeg\" data-link=\"http:\/\/schumansquare.net\/index.php\/schuman-lights-up-2019-en\/img_1266-1\/\" class=\"wp-image-1179\" srcset=\"https:\/\/schumansquare.net\/wp-content\/uploads\/2020\/05\/IMG_1266-1.jpeg 640w, https:\/\/schumansquare.net\/wp-content\/uploads\/2020\/05\/IMG_1266-1-300x225.jpeg 300w, https:\/\/schumansquare.net\/wp-content\/uploads\/2020\/05\/IMG_1266-1-120x90.jpeg 120w\" sizes=\"(max-width: 640px) 100vw, 640px\" \/><\/figure><\/li><\/ul><\/figure>\n\n\n\n<h2>Soir\u00e9e Yoga&#8230; g\u00e9niale!<\/h2>\n\n\n\n<figure class=\"wp-block-gallery columns-3 is-cropped\"><ul class=\"blocks-gallery-grid\"><li class=\"blocks-gallery-item\"><figure><img loading=\"lazy\" width=\"640\" height=\"480\" src=\"http:\/\/schumansquare.net\/wp-content\/uploads\/2019\/12\/IMG_1218.jpeg\" alt=\"\" data-id=\"1015\" data-link=\"http:\/\/schumansquare.net\/index.php\/accueil\/img_1218\/\" class=\"wp-image-1015\" srcset=\"https:\/\/schumansquare.net\/wp-content\/uploads\/2019\/12\/IMG_1218.jpeg 640w, https:\/\/schumansquare.net\/wp-content\/uploads\/2019\/12\/IMG_1218-300x225.jpeg 300w, https:\/\/schumansquare.net\/wp-content\/uploads\/2019\/12\/IMG_1218-120x90.jpeg 120w\" sizes=\"(max-width: 640px) 100vw, 640px\" \/><\/figure><\/li><li class=\"blocks-gallery-item\"><figure><img loading=\"lazy\" width=\"640\" height=\"480\" src=\"http:\/\/schumansquare.net\/wp-content\/uploads\/2019\/12\/IMG_1220-3.jpeg\" alt=\"\" data-id=\"1016\" data-link=\"http:\/\/schumansquare.net\/index.php\/accueil\/img_1220-3\/\" class=\"wp-image-1016\" srcset=\"https:\/\/schumansquare.net\/wp-content\/uploads\/2019\/12\/IMG_1220-3.jpeg 640w, https:\/\/schumansquare.net\/wp-content\/uploads\/2019\/12\/IMG_1220-3-300x225.jpeg 300w, https:\/\/schumansquare.net\/wp-content\/uploads\/2019\/12\/IMG_1220-3-120x90.jpeg 120w\" sizes=\"(max-width: 640px) 100vw, 640px\" \/><\/figure><\/li><li class=\"blocks-gallery-item\"><figure><img loading=\"lazy\" width=\"640\" height=\"480\" src=\"http:\/\/schumansquare.net\/wp-content\/uploads\/2019\/12\/IMG_1223-2.jpeg\" alt=\"\" data-id=\"1017\" data-link=\"http:\/\/schumansquare.net\/index.php\/accueil\/img_1223-2\/\" class=\"wp-image-1017\" srcset=\"https:\/\/schumansquare.net\/wp-content\/uploads\/2019\/12\/IMG_1223-2.jpeg 640w, https:\/\/schumansquare.net\/wp-content\/uploads\/2019\/12\/IMG_1223-2-300x225.jpeg 300w, https:\/\/schumansquare.net\/wp-content\/uploads\/2019\/12\/IMG_1223-2-120x90.jpeg 120w\" sizes=\"(max-width: 640px) 100vw, 640px\" \/><\/figure><\/li><li class=\"blocks-gallery-item\"><figure><img loading=\"lazy\" width=\"640\" height=\"480\" src=\"http:\/\/schumansquare.net\/wp-content\/uploads\/2019\/12\/IMG_1226.jpeg\" alt=\"\" data-id=\"1018\" data-link=\"http:\/\/schumansquare.net\/index.php\/accueil\/img_1226\/\" class=\"wp-image-1018\" srcset=\"https:\/\/schumansquare.net\/wp-content\/uploads\/2019\/12\/IMG_1226.jpeg 640w, https:\/\/schumansquare.net\/wp-content\/uploads\/2019\/12\/IMG_1226-300x225.jpeg 300w, https:\/\/schumansquare.net\/wp-content\/uploads\/2019\/12\/IMG_1226-120x90.jpeg 120w\" sizes=\"(max-width: 640px) 100vw, 640px\" \/><\/figure><\/li><li class=\"blocks-gallery-item\"><figure><img loading=\"lazy\" width=\"640\" height=\"480\" src=\"http:\/\/schumansquare.net\/wp-content\/uploads\/2019\/12\/IMG_1228-2.jpeg\" alt=\"\" data-id=\"1019\" data-link=\"http:\/\/schumansquare.net\/index.php\/accueil\/img_1228-2\/\" class=\"wp-image-1019\" srcset=\"https:\/\/schumansquare.net\/wp-content\/uploads\/2019\/12\/IMG_1228-2.jpeg 640w, https:\/\/schumansquare.net\/wp-content\/uploads\/2019\/12\/IMG_1228-2-300x225.jpeg 300w, https:\/\/schumansquare.net\/wp-content\/uploads\/2019\/12\/IMG_1228-2-120x90.jpeg 120w\" sizes=\"(max-width: 640px) 100vw, 640px\" \/><\/figure><\/li><li class=\"blocks-gallery-item\"><figure><img loading=\"lazy\" width=\"480\" height=\"640\" src=\"http:\/\/schumansquare.net\/wp-content\/uploads\/2019\/12\/IMG_1232.jpeg\" alt=\"\" data-id=\"1020\" data-link=\"http:\/\/schumansquare.net\/index.php\/accueil\/img_1232\/\" class=\"wp-image-1020\" srcset=\"https:\/\/schumansquare.net\/wp-content\/uploads\/2019\/12\/IMG_1232.jpeg 480w, https:\/\/schumansquare.net\/wp-content\/uploads\/2019\/12\/IMG_1232-225x300.jpeg 225w\" sizes=\"(max-width: 480px) 100vw, 480px\" \/><\/figure><\/li><li class=\"blocks-gallery-item\"><figure><img loading=\"lazy\" width=\"480\" height=\"640\" src=\"http:\/\/schumansquare.net\/wp-content\/uploads\/2019\/12\/IMG_1253.jpeg\" alt=\"\" data-id=\"1021\" data-link=\"http:\/\/schumansquare.net\/index.php\/accueil\/img_1253\/\" class=\"wp-image-1021\" srcset=\"https:\/\/schumansquare.net\/wp-content\/uploads\/2019\/12\/IMG_1253.jpeg 480w, https:\/\/schumansquare.net\/wp-content\/uploads\/2019\/12\/IMG_1253-225x300.jpeg 225w\" sizes=\"(max-width: 480px) 100vw, 480px\" \/><\/figure><\/li><li class=\"blocks-gallery-item\"><figure><img loading=\"lazy\" width=\"480\" height=\"640\" src=\"http:\/\/schumansquare.net\/wp-content\/uploads\/2019\/12\/IMG_1254.jpeg\" alt=\"\" data-id=\"1022\" data-link=\"http:\/\/schumansquare.net\/index.php\/accueil\/img_1254\/\" class=\"wp-image-1022\" srcset=\"https:\/\/schumansquare.net\/wp-content\/uploads\/2019\/12\/IMG_1254.jpeg 480w, https:\/\/schumansquare.net\/wp-content\/uploads\/2019\/12\/IMG_1254-225x300.jpeg 225w\" sizes=\"(max-width: 480px) 100vw, 480px\" \/><\/figure><\/li><\/ul><\/figure>\n\n\n\n<h3><br>F\u00eates de quartier&nbsp;: Musique, Danse, &nbsp;Food.  <br>( 29 novembre &gt; 4&nbsp; d\u00e9cembre 2019 ) <\/h3>\n\n\n\n<p> Entre le 29 novembre et le 6 d\u00e9cembre 2019, le rond-point Schuman, au c\u0153ur de Bruxelles et de l\u2019Europe, sera illumin\u00e9 de mille feux pendant les f\u00eates de No\u00ebl. De la lumi\u00e8re et un \u00e9l\u00e9gant chapiteau \u00e9ph\u00e9m\u00e8re de toile blanche sera dress\u00e9. Largement ouvert au public l\u2019espace sera accueillant&nbsp; pour recevoir tous les visiteurs curieux de d\u00e9couvrir une image de Bruxelles &#8211; capitale de l\u2019Europe &#8211; riche d\u2019\u00e9changes et de culture, de savoir-faire et de gastronomie vari\u00e9e. Chacun pourra venir fl\u00e2ner au gr\u00e9 de sa curiosit\u00e9 et rencontrer les d\u00e9cideurs europ\u00e9ens et belges dans leur quartier, dans la rue\u2026 <\/p>\n\n\n\n<figure class=\"wp-block-table\"><table><tbody><tr><td>Vendredi 29.11.19<\/td><td>17.00 &gt; 22.00.<\/td><td>\nSoir\u00e9e d\u2019inauguration offerte par le bureau du gouvernement Ecossais \u00e0 Bruxelles \u00e0 l\u2019occasion de la c\u00e9l\u00e9bration de la St Andrews \u00ab traditional CEILIDH \u00bb : Music, Dancing, Food et beaucoup de plaisir.\n<a href=\"https:\/\/twitter.com\/ScotlandHouseEU\/status\/1068223435787198466\">https:\/\/twitter.com\/ScotlandHouseEU\/status\/1068223435787198466<\/a> &nbsp;&nbsp;\n<\/td><\/tr><tr><td>Dimanche 1.12.19<\/td><td>12.00 &gt; 22.00<\/td><td>\nJourn\u00e9e dansante. Le studio \u00ab Youdance \u00bb se d\u00e9place sur le rond-point Schuman et vous convie aux plaisirs de la danse : initiation gratuite \u00e0 la Salsa, Bachata, workshops. Food and Drinks seront vendus.\n<a href=\"https:\/\/www.facebook.com\/events\/478674476112520\/\">https:\/\/www.facebook.com\/events\/478674476112520\/<\/a>\n<\/td><\/tr><tr><td>Lundi <br>2.12.19<\/td><td>18.00 &gt; 22.00<\/td><td>\nCours de Yoga et de Pilates, estime de soi, bien-\u00eatre pour le corps , l\u2019esprit et l\u2019\u00e2me (. <a href=\"https:\/\/www.orsiyogapilates.com\">https:\/\/www.orsiyogapilates.com<\/a>,\nhttps:\/\/www.we-fearless.com\n<\/td><\/tr><tr><td>Mercredi <br>4.12.19<\/td><td>17.00 &gt; 22.00<\/td><td>Soir\u00e9e offerte par les ambassades, les bureaux des r\u00e9gions et du tourisme qui proposent un large tour d\u2019Europe de leurs sp\u00e9cialit\u00e9s et gourmandises de saison. Food and Drinks&nbsp; &nbsp; &nbsp; &nbsp;<\/td><\/tr><\/tbody><\/table><\/figure>\n","protected":false},"excerpt":{"rendered":"<p>The place to be Inauguration aux couleurs des tartans \u00e9cossais Une participation r\u00e9ussie de la Finlande&#8230; Soir\u00e9e Yoga&#8230; g\u00e9niale! F\u00eates de quartier&nbsp;: Musique, Danse, &nbsp;Food. ( 29 novembre &gt; 4&nbsp; d\u00e9cembre 2019 ) Entre le 29 novembre et le 6 d\u00e9cembre 2019, le rond-point Schuman, au c\u0153ur de Bruxelles et de l\u2019Europe, sera illumin\u00e9 de&hellip;<\/p>\n","protected":false},"author":1,"featured_media":0,"parent":0,"menu_order":0,"comment_status":"closed","ping_status":"closed","template":"","meta":[],"_links":{"self":[{"href":"https:\/\/schumansquare.net\/index.php\/wp-json\/wp\/v2\/pages\/1004"}],"collection":[{"href":"https:\/\/schumansquare.net\/index.php\/wp-json\/wp\/v2\/pages"}],"about":[{"href":"https:\/\/schumansquare.net\/index.php\/wp-json\/wp\/v2\/types\/page"}],"author":[{"embeddable":true,"href":"https:\/\/schumansquare.net\/index.php\/wp-json\/wp\/v2\/users\/1"}],"replies":[{"embeddable":true,"href":"https:\/\/schumansquare.net\/index.php\/wp-json\/wp\/v2\/comments?post=1004"}],"version-history":[{"count":9,"href":"https:\/\/schumansquare.net\/index.php\/wp-json\/wp\/v2\/pages\/1004\/revisions"}],"predecessor-version":[{"id":1820,"href":"https:\/\/schumansquare.net\/index.php\/wp-json\/wp\/v2\/pages\/1004\/revisions\/1820"}],"wp:attachment":[{"href":"https:\/\/schumansquare.net\/index.php\/wp-json\/wp\/v2\/media?parent=1004"}],"curies":[{"name":"wp","href":"https:\/\/api.w.org\/{rel}","templated":true}]}}