{"id":1364,"date":"2021-10-22T12:17:44","date_gmt":"2021-10-22T10:17:44","guid":{"rendered":"http:\/\/schumansquare.net\/?page_id=1364"},"modified":"2021-12-07T10:47:47","modified_gmt":"2021-12-07T09:47:47","slug":"schuman-lights-up-2021","status":"publish","type":"page","link":"https:\/\/schumansquare.net\/index.php\/schuman-lights-up-2021\/","title":{"rendered":"Schuman Lights Up 2021"},"content":{"rendered":"\n<h2 class=\"has-text-align-center\">NEW LOOK!<br>Faire r\u00eaver au centre de l\u2019Europe<\/h2>\n\n\n\n<p class=\"has-text-align-center has-medium-font-size\">F\u00e9\u00e9rie exceptionnelle de lumi\u00e8res<br>D\u00e9cembre 2021<br><\/p>\n\n\n\n<p>Sur le Rond-point Schuman, l\u2019ASBL Schuman Square installera un \u00e9l\u00e9gant chapiteau illumin\u00e9, chauff\u00e9, confortable pour accueillir des \u00e9v\u00e9nements repr\u00e9sentatifs de la diversit\u00e9 culturelle du quartier europ\u00e9en (voir programme ci-dessous).<\/p>\n\n\n\n<p class=\"has-black-color has-text-color has-background\" style=\"background-color:#d6eff3\"><em>L\u2019espace sera ouvert au public qui pourra d\u00e9couvrir une image de Bruxelles \u2013 Capitale de l\u2019Europe \u2013 riche d\u2019\u00e9changes vari\u00e9s. Chacun pourra venir fl\u00e2ner au gr\u00e9 de sa curiosit\u00e9 et rencontrer les d\u00e9cideurs europ\u00e9ens et belges dans leur quartier. Pass Sanitaire Obligatoire.<\/em><\/p>\n\n\n\n<div class=\"wp-block-image\"><figure class=\"aligncenter size-large\"><img loading=\"lazy\" width=\"1024\" height=\"1024\" src=\"http:\/\/schumansquare.net\/wp-content\/uploads\/2021\/10\/Montage_LightsUp-1024x1024.png\" alt=\"\" class=\"wp-image-1377\" srcset=\"https:\/\/schumansquare.net\/wp-content\/uploads\/2021\/10\/Montage_LightsUp-1024x1024.png 1024w, https:\/\/schumansquare.net\/wp-content\/uploads\/2021\/10\/Montage_LightsUp-300x300.png 300w, https:\/\/schumansquare.net\/wp-content\/uploads\/2021\/10\/Montage_LightsUp-150x150.png 150w, https:\/\/schumansquare.net\/wp-content\/uploads\/2021\/10\/Montage_LightsUp-768x768.png 768w, https:\/\/schumansquare.net\/wp-content\/uploads\/2021\/10\/Montage_LightsUp-1536x1536.png 1536w, https:\/\/schumansquare.net\/wp-content\/uploads\/2021\/10\/Montage_LightsUp-2048x2048.png 2048w\" sizes=\"(max-width: 1024px) 100vw, 1024px\" \/><\/figure><\/div>\n\n\n\n<p><strong>PROGRAMME<\/strong><\/p>\n\n\n\n<p class=\"has-vivid-red-color has-text-color\"><strong>29 nov. (19.00 &gt; 22.00)<\/strong><\/p>\n\n\n\n<p><strong><a href=\"http:\/\/schumansquare.net\/index.php\/slovenian-week\/\" data-type=\"page\" data-id=\"1402\"><span class=\"has-inline-color has-vivid-cyan-blue-color\">Soir\u00e9e offerte par la Pr\u00e9sidence Slov\u00e8ne<\/span><\/a><\/strong> avec la participation de Ana Soklic (la candidate de la Slov\u00e8nie lors du concours Eurovision 2020).<\/p>\n\n\n\n<p class=\"has-vivid-red-color has-text-color\"><strong>30 nov. (18.30)<\/strong><\/p>\n\n\n\n<p><strong>Inauguration de l\u2019\u00e9clairage f\u00e9erique<\/strong> par l\u2019\u00e9chevin de la ville de Bruxelles, Fabian Maingain<strong>. &nbsp;&nbsp;&nbsp;<\/strong><\/p>\n\n\n\n<p class=\"has-vivid-red-color has-text-color\"><strong>30 nov. &gt; 1 d\u00e9c. (11.00 &gt; 22.00)<\/strong><\/p>\n\n\n\n<p><strong><a href=\"http:\/\/schumansquare.net\/index.php\/slovenian-week\/\" data-type=\"page\" data-id=\"1402\">Festival Slov\u00e8ne<\/a><\/strong> offert par la Pr\u00e9sidence Slov\u00e8ne (nature, sport, culture, gastronomie et sciences)<\/p>\n\n\n\n<p class=\"has-vivid-red-color has-text-color\"><strong>2 d\u00e9c. (18.00 &gt; 21.30)<\/strong><\/p>\n\n\n\n<p>\u00c0 l\u2019occasion de <strong><a href=\"http:\/\/schumansquare.net\/index.php\/eurohanukah\/\" data-type=\"page\" data-id=\"1441\"><span class=\"has-inline-color has-vivid-cyan-blue-color\">Eurochanukah<\/span>, soir\u00e9e musicale<\/a><\/strong> offerte par EJCC. Alliel (candidat The Voice 2019) chants, danses et buffet<\/p>\n\n\n\n<p class=\"has-vivid-red-color has-text-color\"><strong>4 et 5 d\u00e9c. (10.00 &gt; 20.00 )<\/strong><\/p>\n\n\n\n<p><strong>L\u2019Art et la Culture qui s\u2019exposent et se partagent<\/strong> \u2013 sur le th\u00e8me \u00ab&nbsp;<a href=\"http:\/\/schumansquare.net\/index.php\/nos-souhaits-nos-espoirs-pour-2022\/\" data-type=\"page\" data-id=\"1382\"><span class=\"has-inline-color has-vivid-cyan-blue-color\">Nos souhaits, nos espoirs pour 2022<\/span><\/a>&nbsp;\u00bb \u0153uvre participative anim\u00e9e par l\u2019ASBL Estampille, Food and Drinks et \u00ab\u00a0Weekend bouquins\u00a0\u00bb<\/p>\n\n\n\n<p class=\"has-vivid-red-color has-text-color\"><strong>6 d\u00e9c. (19 &gt; 21.00)<\/strong><\/p>\n\n\n\n<p><a href=\"http:\/\/schumansquare.net\/index.php\/superbe-recital-du-duo-dandini\/\" data-type=\"page\" data-id=\"1469\"><strong>Concert<\/strong>. R\u00e9cital du Duo Dandini. <strong>Halidou Nombre<\/strong>, <strong>Baryton-r\u00e9sident Chapelle&nbsp;Musicale Reine Elisabeth<\/strong>, accompagn\u00e9 \u00e0 l\u2019accord\u00e9on par <strong>J\u00e9r\u00e9my Herbiniaux<\/strong> (120 places limit\u00e9es, r\u00e9servations obligatoires)<\/a><\/p>\n\n\n\n<p class=\"has-vivid-red-color has-text-color\"><strong>7 d\u00e9c. (17.00 &gt; 22.00)<\/strong><\/p>\n\n\n\n<p><strong>Tourn\u00e9e des sp\u00e9cialit\u00e9s gourmandes.<\/strong> R\u00e9ception offerte par Ambassades, bureaux des R\u00e9gions et offices&nbsp;de Tourisme qui proposent leurs produits traditionnels.<\/p>\n\n\n\n<p class=\"has-vivid-red-color has-text-color\"><strong>30 nov. 21 &gt; 1 jan. 22<\/strong><\/p>\n\n\n\n<div class=\"wp-block-image\"><figure class=\"aligncenter size-full\"><a href=\"http:\/\/schumansquare.net\/index.php\/sky-castle\/\"><img loading=\"lazy\" width=\"540\" height=\"216\" src=\"http:\/\/schumansquare.net\/wp-content\/uploads\/2021\/11\/SkyCastleBlockMed.jpg\" alt=\"\" class=\"wp-image-1465\" srcset=\"https:\/\/schumansquare.net\/wp-content\/uploads\/2021\/11\/SkyCastleBlockMed.jpg 540w, https:\/\/schumansquare.net\/wp-content\/uploads\/2021\/11\/SkyCastleBlockMed-300x120.jpg 300w\" sizes=\"(max-width: 540px) 100vw, 540px\" \/><\/a><figcaption>Cliquez pour plus d&rsquo;infos sur <a href=\"http:\/\/schumansquare.net\/index.php\/sky-castle\/\" data-type=\"page\" data-id=\"1429\">Sky Castle<\/a><\/figcaption><\/figure><\/div>\n\n\n\n<p>Les arbres de la Petite rue de la Loi, seront illumin\u00e9s jusqu\u2019\u00e0 l\u2019entr\u00e9e du parc du Cinquantenaire o\u00f9 le buste de Robert Schuman sera \u00e9clair\u00e9.&nbsp;Des guirlandes de lumi\u00e8res seront plac\u00e9es dans les rues commer\u00e7antes (Archim\u00e8de, St\u00e9vin) jusqu\u2019au Square Marguerite. <\/p>\n\n\n\n<h4 class=\"has-white-color has-vivid-cyan-blue-background-color has-text-color has-background\">Au vu des restrictions et r\u00e8gles covid strictes mises en place par le gouvernement, les animations suivantes sont annul\u00e9es avec beaucoup de regrets.<\/h4>\n\n\n\n<p class=\"has-black-color has-text-color\"><span class=\"has-inline-color has-vivid-red-color\"><strong>8 d\u00e9c.<\/strong><\/span> <strong><span class=\"has-inline-color has-black-color\">Journ\u00e9e de bien \u00eatre, d\u2019harm<\/span>onie, de m\u00e9ditation<\/strong> <strong>(annul\u00e9 pour cause de Covid)<\/strong><\/p>\n\n\n\n<p>    \u2022 <strong><span class=\"has-inline-color has-vivid-red-color\">1<\/span><\/strong><span class=\"has-inline-color has-vivid-red-color\">2.30 &gt; 14.30<\/span><strong>&nbsp;:<\/strong> <a href=\"http:\/\/schumansquare.net\/index.php\/mindfulness-mindful-eating\/\" data-type=\"page\" data-id=\"1492\">m\u00e9ditation, mindful eating, manger en conscience<\/a><\/p>\n\n\n\n<p>    \u2022 <span class=\"has-inline-color has-vivid-red-color\">18.30 &gt; 19.30<\/span><strong> :<\/strong> <a href=\"http:\/\/schumansquare.net\/index.php\/pilates-yoga\/\" data-type=\"page\" data-id=\"1494\">Pilates<\/a><\/p>\n\n\n\n<p><strong><span class=\"has-inline-color has-vivid-red-color\">    \u2022  <\/span><\/strong><span class=\"has-inline-color has-vivid-red-color\">19.30 &gt; 20.30<\/span><strong>&nbsp;:<\/strong> <a href=\"http:\/\/schumansquare.net\/index.php\/pilates-yoga\/\" data-type=\"page\" data-id=\"1494\">Yoga<\/a><\/p>\n\n\n\n<p><span class=\"has-inline-color has-vivid-red-color\"><strong>10 d\u00e9c. (18.00 &gt; 23.00)<\/strong><\/span> <strong>(annul\u00e9 pour cause de Covid)<\/strong><\/p>\n\n\n\n<p><a href=\"http:\/\/schumansquare.net\/index.php\/dance-on-the-rond-point\/\" data-type=\"page\" data-id=\"1517\">Danses du vendredi soir sur le rond-point Schuman (initiation libre Salsa, Bachata)<\/a><\/p>\n\n\n\n<p><span class=\"has-inline-color has-vivid-red-color\"><strong>12 d\u00e9c. (14.00 &gt; 23.00)<\/strong><\/span> <strong>(annul\u00e9 pour cause de Covid)<\/strong><\/p>\n\n\n\n<p><a href=\"http:\/\/schumansquare.net\/index.php\/dance-on-the-rond-point\/\" data-type=\"page\" data-id=\"1517\">Schuman B.A.S.S. (Bachata And SalSa).<\/a> &nbsp;Le studio Youdance vous initie aux plaisirs de la Salsa, Bachata<\/p>\n\n\n\n<p><strong><span class=\"has-inline-color has-vivid-red-color\">14 d\u00e9c. (18.00 &gt; 21.00)<\/span><\/strong> <strong>(annul\u00e9 pour cause de Covid)<\/strong><\/p>\n\n\n\n<p>R\u00e9ception offerte par la Repr\u00e9sentation de la Commission europ\u00e9enne en Belgique &#8211; @EU4BE (sur invitation)<\/p>\n\n\n\n<figure class=\"wp-block-image size-large\"><img loading=\"lazy\" width=\"1024\" height=\"322\" src=\"http:\/\/schumansquare.net\/wp-content\/uploads\/2021\/11\/LogosSponsorsSM-1024x322.jpg\" alt=\"\" class=\"wp-image-1413\" srcset=\"https:\/\/schumansquare.net\/wp-content\/uploads\/2021\/11\/LogosSponsorsSM-1024x322.jpg 1024w, https:\/\/schumansquare.net\/wp-content\/uploads\/2021\/11\/LogosSponsorsSM-300x94.jpg 300w, https:\/\/schumansquare.net\/wp-content\/uploads\/2021\/11\/LogosSponsorsSM-768x242.jpg 768w, https:\/\/schumansquare.net\/wp-content\/uploads\/2021\/11\/LogosSponsorsSM.jpg 1280w\" sizes=\"(max-width: 1024px) 100vw, 1024px\" \/><\/figure>\n","protected":false},"excerpt":{"rendered":"<p>NEW LOOK!Faire r\u00eaver au centre de l\u2019Europe F\u00e9\u00e9rie exceptionnelle de lumi\u00e8resD\u00e9cembre 2021 Sur le Rond-point Schuman, l\u2019ASBL Schuman Square installera un \u00e9l\u00e9gant chapiteau illumin\u00e9, chauff\u00e9, confortable pour accueillir des \u00e9v\u00e9nements repr\u00e9sentatifs de la diversit\u00e9 culturelle du quartier europ\u00e9en (voir programme ci-dessous). L\u2019espace sera ouvert au public qui pourra d\u00e9couvrir une image de Bruxelles \u2013 Capitale&hellip;<\/p>\n","protected":false},"author":1,"featured_media":0,"parent":0,"menu_order":0,"comment_status":"closed","ping_status":"closed","template":"","meta":[],"_links":{"self":[{"href":"https:\/\/schumansquare.net\/index.php\/wp-json\/wp\/v2\/pages\/1364"}],"collection":[{"href":"https:\/\/schumansquare.net\/index.php\/wp-json\/wp\/v2\/pages"}],"about":[{"href":"https:\/\/schumansquare.net\/index.php\/wp-json\/wp\/v2\/types\/page"}],"author":[{"embeddable":true,"href":"https:\/\/schumansquare.net\/index.php\/wp-json\/wp\/v2\/users\/1"}],"replies":[{"embeddable":true,"href":"https:\/\/schumansquare.net\/index.php\/wp-json\/wp\/v2\/comments?post=1364"}],"version-history":[{"count":39,"href":"https:\/\/schumansquare.net\/index.php\/wp-json\/wp\/v2\/pages\/1364\/revisions"}],"predecessor-version":[{"id":1644,"href":"https:\/\/schumansquare.net\/index.php\/wp-json\/wp\/v2\/pages\/1364\/revisions\/1644"}],"wp:attachment":[{"href":"https:\/\/schumansquare.net\/index.php\/wp-json\/wp\/v2\/media?parent=1364"}],"curies":[{"name":"wp","href":"https:\/\/api.w.org\/{rel}","templated":true}]}}