{"id":1382,"date":"2021-11-02T15:03:55","date_gmt":"2021-11-02T14:03:55","guid":{"rendered":"http:\/\/schumansquare.net\/?page_id=1382"},"modified":"2021-12-04T17:41:14","modified_gmt":"2021-12-04T16:41:14","slug":"nos-souhaits-nos-espoirs-pour-2022","status":"publish","type":"page","link":"https:\/\/schumansquare.net\/index.php\/nos-souhaits-nos-espoirs-pour-2022\/","title":{"rendered":"Exprimez vos souhaits, vos espoirs pour 2022"},"content":{"rendered":"\n<h2><span class=\"has-inline-color has-vivid-red-color\">Samedi 4\/12 et Dimanche 5\/12 de 11h \u00e0 20h<\/span><\/h2>\n\n\n\n<figure class=\"wp-block-gallery aligncenter columns-3 is-cropped\"><ul class=\"blocks-gallery-grid\"><li class=\"blocks-gallery-item\"><figure><img loading=\"lazy\" width=\"1024\" height=\"683\" src=\"http:\/\/schumansquare.net\/wp-content\/uploads\/2021\/12\/IMG_1887-copie-1024x683.jpg\" alt=\"\" data-id=\"1629\" data-full-url=\"http:\/\/schumansquare.net\/wp-content\/uploads\/2021\/12\/IMG_1887-copie.jpg\" data-link=\"http:\/\/schumansquare.net\/index.php\/nos-souhaits-nos-espoirs-pour-2022\/img_1887-copie\/\" class=\"wp-image-1629\" srcset=\"https:\/\/schumansquare.net\/wp-content\/uploads\/2021\/12\/IMG_1887-copie-1024x683.jpg 1024w, https:\/\/schumansquare.net\/wp-content\/uploads\/2021\/12\/IMG_1887-copie-300x200.jpg 300w, https:\/\/schumansquare.net\/wp-content\/uploads\/2021\/12\/IMG_1887-copie-768x512.jpg 768w, https:\/\/schumansquare.net\/wp-content\/uploads\/2021\/12\/IMG_1887-copie-1536x1024.jpg 1536w, https:\/\/schumansquare.net\/wp-content\/uploads\/2021\/12\/IMG_1887-copie.jpg 1638w\" sizes=\"(max-width: 1024px) 100vw, 1024px\" \/><\/figure><\/li><li class=\"blocks-gallery-item\"><figure><img loading=\"lazy\" width=\"1024\" height=\"683\" src=\"http:\/\/schumansquare.net\/wp-content\/uploads\/2021\/12\/IMG_1888-copie-1024x683.jpg\" alt=\"\" data-id=\"1630\" data-full-url=\"http:\/\/schumansquare.net\/wp-content\/uploads\/2021\/12\/IMG_1888-copie.jpg\" data-link=\"http:\/\/schumansquare.net\/index.php\/nos-souhaits-nos-espoirs-pour-2022\/img_1888-copie\/\" class=\"wp-image-1630\" srcset=\"https:\/\/schumansquare.net\/wp-content\/uploads\/2021\/12\/IMG_1888-copie-1024x683.jpg 1024w, https:\/\/schumansquare.net\/wp-content\/uploads\/2021\/12\/IMG_1888-copie-300x200.jpg 300w, https:\/\/schumansquare.net\/wp-content\/uploads\/2021\/12\/IMG_1888-copie-768x512.jpg 768w, https:\/\/schumansquare.net\/wp-content\/uploads\/2021\/12\/IMG_1888-copie-1536x1024.jpg 1536w, https:\/\/schumansquare.net\/wp-content\/uploads\/2021\/12\/IMG_1888-copie.jpg 1638w\" sizes=\"(max-width: 1024px) 100vw, 1024px\" \/><\/figure><\/li><li class=\"blocks-gallery-item\"><figure><img loading=\"lazy\" width=\"1024\" height=\"683\" src=\"http:\/\/schumansquare.net\/wp-content\/uploads\/2021\/12\/IMG_1889-copie-1024x683.jpg\" alt=\"\" data-id=\"1631\" data-full-url=\"http:\/\/schumansquare.net\/wp-content\/uploads\/2021\/12\/IMG_1889-copie.jpg\" data-link=\"http:\/\/schumansquare.net\/index.php\/nos-souhaits-nos-espoirs-pour-2022\/img_1889-copie\/\" class=\"wp-image-1631\" srcset=\"https:\/\/schumansquare.net\/wp-content\/uploads\/2021\/12\/IMG_1889-copie-1024x683.jpg 1024w, https:\/\/schumansquare.net\/wp-content\/uploads\/2021\/12\/IMG_1889-copie-300x200.jpg 300w, https:\/\/schumansquare.net\/wp-content\/uploads\/2021\/12\/IMG_1889-copie-768x512.jpg 768w, https:\/\/schumansquare.net\/wp-content\/uploads\/2021\/12\/IMG_1889-copie-1536x1024.jpg 1536w, https:\/\/schumansquare.net\/wp-content\/uploads\/2021\/12\/IMG_1889-copie.jpg 1638w\" sizes=\"(max-width: 1024px) 100vw, 1024px\" \/><\/figure><\/li><li class=\"blocks-gallery-item\"><figure><img loading=\"lazy\" width=\"1024\" height=\"683\" src=\"http:\/\/schumansquare.net\/wp-content\/uploads\/2021\/12\/IMG_1890-copie-1024x683.jpg\" alt=\"\" data-id=\"1632\" data-full-url=\"http:\/\/schumansquare.net\/wp-content\/uploads\/2021\/12\/IMG_1890-copie.jpg\" data-link=\"http:\/\/schumansquare.net\/index.php\/nos-souhaits-nos-espoirs-pour-2022\/img_1890-copie\/\" class=\"wp-image-1632\" srcset=\"https:\/\/schumansquare.net\/wp-content\/uploads\/2021\/12\/IMG_1890-copie-1024x683.jpg 1024w, https:\/\/schumansquare.net\/wp-content\/uploads\/2021\/12\/IMG_1890-copie-300x200.jpg 300w, https:\/\/schumansquare.net\/wp-content\/uploads\/2021\/12\/IMG_1890-copie-768x512.jpg 768w, https:\/\/schumansquare.net\/wp-content\/uploads\/2021\/12\/IMG_1890-copie-1536x1024.jpg 1536w, https:\/\/schumansquare.net\/wp-content\/uploads\/2021\/12\/IMG_1890-copie.jpg 1638w\" sizes=\"(max-width: 1024px) 100vw, 1024px\" \/><\/figure><\/li><li class=\"blocks-gallery-item\"><figure><img loading=\"lazy\" width=\"1024\" height=\"683\" src=\"http:\/\/schumansquare.net\/wp-content\/uploads\/2021\/12\/IMG_1891-copie-1024x683.jpg\" alt=\"\" data-id=\"1633\" data-full-url=\"http:\/\/schumansquare.net\/wp-content\/uploads\/2021\/12\/IMG_1891-copie.jpg\" data-link=\"http:\/\/schumansquare.net\/index.php\/nos-souhaits-nos-espoirs-pour-2022\/img_1891-copie\/\" class=\"wp-image-1633\" srcset=\"https:\/\/schumansquare.net\/wp-content\/uploads\/2021\/12\/IMG_1891-copie-1024x683.jpg 1024w, https:\/\/schumansquare.net\/wp-content\/uploads\/2021\/12\/IMG_1891-copie-300x200.jpg 300w, https:\/\/schumansquare.net\/wp-content\/uploads\/2021\/12\/IMG_1891-copie-768x512.jpg 768w, https:\/\/schumansquare.net\/wp-content\/uploads\/2021\/12\/IMG_1891-copie-1536x1024.jpg 1536w, https:\/\/schumansquare.net\/wp-content\/uploads\/2021\/12\/IMG_1891-copie.jpg 1638w\" sizes=\"(max-width: 1024px) 100vw, 1024px\" \/><\/figure><\/li><li class=\"blocks-gallery-item\"><figure><img loading=\"lazy\" width=\"1024\" height=\"683\" src=\"http:\/\/schumansquare.net\/wp-content\/uploads\/2021\/12\/IMG_1892-copie-1024x683.jpg\" alt=\"\" data-id=\"1634\" data-full-url=\"http:\/\/schumansquare.net\/wp-content\/uploads\/2021\/12\/IMG_1892-copie.jpg\" data-link=\"http:\/\/schumansquare.net\/index.php\/nos-souhaits-nos-espoirs-pour-2022\/img_1892-copie\/\" class=\"wp-image-1634\" srcset=\"https:\/\/schumansquare.net\/wp-content\/uploads\/2021\/12\/IMG_1892-copie-1024x683.jpg 1024w, https:\/\/schumansquare.net\/wp-content\/uploads\/2021\/12\/IMG_1892-copie-300x200.jpg 300w, https:\/\/schumansquare.net\/wp-content\/uploads\/2021\/12\/IMG_1892-copie-768x512.jpg 768w, https:\/\/schumansquare.net\/wp-content\/uploads\/2021\/12\/IMG_1892-copie-1536x1024.jpg 1536w, https:\/\/schumansquare.net\/wp-content\/uploads\/2021\/12\/IMG_1892-copie.jpg 1638w\" sizes=\"(max-width: 1024px) 100vw, 1024px\" \/><\/figure><\/li><\/ul><figcaption class=\"blocks-gallery-caption\">ce samedi matin<\/figcaption><\/figure>\n\n\n\n<div class=\"wp-block-image\"><figure class=\"aligncenter size-large\"><img loading=\"lazy\" width=\"808\" height=\"1024\" src=\"http:\/\/schumansquare.net\/wp-content\/uploads\/2021\/11\/oeuvre-participative-2022-2-808x1024.jpg\" alt=\"\" class=\"wp-image-1462\" srcset=\"https:\/\/schumansquare.net\/wp-content\/uploads\/2021\/11\/oeuvre-participative-2022-2-808x1024.jpg 808w, https:\/\/schumansquare.net\/wp-content\/uploads\/2021\/11\/oeuvre-participative-2022-2-237x300.jpg 237w, https:\/\/schumansquare.net\/wp-content\/uploads\/2021\/11\/oeuvre-participative-2022-2-768x974.jpg 768w, https:\/\/schumansquare.net\/wp-content\/uploads\/2021\/11\/oeuvre-participative-2022-2-1212x1536.jpg 1212w, https:\/\/schumansquare.net\/wp-content\/uploads\/2021\/11\/oeuvre-participative-2022-2.jpg 1285w\" sizes=\"(max-width: 808px) 100vw, 808px\" \/><\/figure><\/div>\n\n\n\n<h2 class=\"has-text-align-center has-text-color\" style=\"color:#0020a3\"><strong>\u0152uvre participative<\/strong> \u00e0 l\u2019occasion du <em>Schuman lights Up<\/em><\/h2>\n\n\n\n<p><em>Les visiteurs qui profitent \u00e0 cette occasion, d\u2019un moment de magie et de r\u00eaverie pourront venir s\u2019exprimer sur une immense toile.&nbsp; Quelles sont nos r\u00eaves et nos attentes pour l\u2019avenir&nbsp;?<\/em><\/p>\n\n\n\n<p><em>Les participants seront guid\u00e9s par des personnes qualifi\u00e9es (artiste, coach et animateur).&nbsp; A l\u2019aide de formes, de gabarits et de feutres, les espoirs de chacun se transformeront en une grande \u0153uvre publique.&nbsp;<\/em><\/p>\n\n\n\n<p>Exposition d\u2019artistes&nbsp;:<\/p>\n\n\n\n<ul><li>Gess Santens<\/li><li>Nicolas Guti\u00e8rrez<\/li><\/ul>\n\n\n\n<h4>Weekend bouquins: les visiteurs peuvent venir partager leurs lectures, \u00e9changer ou vendre leurs livres.<\/h4>\n\n\n\n<p>Organisation:<\/p>\n\n\n\n<div class=\"wp-block-image\"><figure class=\"aligncenter size-full\"><img loading=\"lazy\" width=\"340\" height=\"380\" src=\"http:\/\/schumansquare.net\/wp-content\/uploads\/2021\/11\/LogoEstampille.png\" alt=\"\" class=\"wp-image-1387\" srcset=\"https:\/\/schumansquare.net\/wp-content\/uploads\/2021\/11\/LogoEstampille.png 340w, https:\/\/schumansquare.net\/wp-content\/uploads\/2021\/11\/LogoEstampille-268x300.png 268w\" sizes=\"(max-width: 340px) 100vw, 340px\" \/><\/figure><\/div>\n\n\n\n<h2 class=\"has-text-align-center\">\u00ab\u00a0L\u2019Art et la Culture qui s\u2019exposent et se partagent\u00a0\u00bb<\/h2>\n\n\n\n<p class=\"has-text-align-center has-black-color has-text-color has-normal-font-size\">Cr\u00e9\u00e9e en octobre 2012, l\u2019Estampille a pour but de promouvoir et d\u00e9velopper diverses activit\u00e9s culturelles et conviviales dans le quartier et au-del\u00e0, en vue de susciter des \u00e9changes.&nbsp; En tant que galerie d\u2019art, elle met son espace \u00e0 disposition des artistes.<\/p>\n\n\n\n<p class=\"has-text-align-center\">75, rue de Pavie \u00e0 1000 Bruxelles<br>www. estampille.be \u2014 info@estampille.be<br>+32477 753 717<\/p>\n\n\n\n<figure class=\"wp-block-image size-large is-style-default\"><img loading=\"lazy\" width=\"1024\" height=\"322\" src=\"http:\/\/schumansquare.net\/wp-content\/uploads\/2021\/11\/LogosSponsorsSM-1-1024x322.jpg\" alt=\"\" class=\"wp-image-1449\" srcset=\"https:\/\/schumansquare.net\/wp-content\/uploads\/2021\/11\/LogosSponsorsSM-1-1024x322.jpg 1024w, https:\/\/schumansquare.net\/wp-content\/uploads\/2021\/11\/LogosSponsorsSM-1-300x94.jpg 300w, https:\/\/schumansquare.net\/wp-content\/uploads\/2021\/11\/LogosSponsorsSM-1-768x242.jpg 768w, https:\/\/schumansquare.net\/wp-content\/uploads\/2021\/11\/LogosSponsorsSM-1.jpg 1240w\" sizes=\"(max-width: 1024px) 100vw, 1024px\" \/><\/figure>\n","protected":false},"excerpt":{"rendered":"<p>Samedi 4\/12 et Dimanche 5\/12 de 11h \u00e0 20h \u0152uvre participative \u00e0 l\u2019occasion du Schuman lights Up Les visiteurs qui profitent \u00e0 cette occasion, d\u2019un moment de magie et de r\u00eaverie pourront venir s\u2019exprimer sur une immense toile.&nbsp; Quelles sont nos r\u00eaves et nos attentes pour l\u2019avenir&nbsp;? Les participants seront guid\u00e9s par des personnes qualifi\u00e9es&hellip;<\/p>\n","protected":false},"author":1,"featured_media":0,"parent":0,"menu_order":0,"comment_status":"closed","ping_status":"closed","template":"","meta":[],"_links":{"self":[{"href":"https:\/\/schumansquare.net\/index.php\/wp-json\/wp\/v2\/pages\/1382"}],"collection":[{"href":"https:\/\/schumansquare.net\/index.php\/wp-json\/wp\/v2\/pages"}],"about":[{"href":"https:\/\/schumansquare.net\/index.php\/wp-json\/wp\/v2\/types\/page"}],"author":[{"embeddable":true,"href":"https:\/\/schumansquare.net\/index.php\/wp-json\/wp\/v2\/users\/1"}],"replies":[{"embeddable":true,"href":"https:\/\/schumansquare.net\/index.php\/wp-json\/wp\/v2\/comments?post=1382"}],"version-history":[{"count":13,"href":"https:\/\/schumansquare.net\/index.php\/wp-json\/wp\/v2\/pages\/1382\/revisions"}],"predecessor-version":[{"id":1636,"href":"https:\/\/schumansquare.net\/index.php\/wp-json\/wp\/v2\/pages\/1382\/revisions\/1636"}],"wp:attachment":[{"href":"https:\/\/schumansquare.net\/index.php\/wp-json\/wp\/v2\/media?parent=1382"}],"curies":[{"name":"wp","href":"https:\/\/api.w.org\/{rel}","templated":true}]}}