{"id":1469,"date":"2021-11-09T12:16:09","date_gmt":"2021-11-09T11:16:09","guid":{"rendered":"http:\/\/schumansquare.net\/?page_id=1469"},"modified":"2021-11-10T11:11:52","modified_gmt":"2021-11-10T10:11:52","slug":"superbe-recital-du-duo-dandini","status":"publish","type":"page","link":"https:\/\/schumansquare.net\/index.php\/superbe-recital-du-duo-dandini\/","title":{"rendered":"R\u00e9cital du DUO DANDINI"},"content":{"rendered":"\n<p class=\"has-text-align-center\">! INVITATION !<\/p>\n\n\n\n<p>Dans le cadre de Schuman Lights Up, le lundi 6 d\u00e9cembre \u00e0 19 h, le jeune baryton <strong><a href=\"https:\/\/halidounombre.com\/\">Halidou Nombre<\/a><\/strong> (<strong>Chapelle musicale Reine-Elisabeth<\/strong>) mettra le public \u00e0 ses pieds, en reprenant quelques \u00ab\u00a0p\u00e9pites\u00a0\u00bb de son r\u00e9pertoire. \u00c9blouissant de style, de brio et de punch vocal, il sera accompagn\u00e9 de l&rsquo;accord\u00e9oniste le plus complice qui soit : J\u00e9r\u00e9my Herbiniaux, comme toujours parfait !<\/p>\n\n\n\n<div class=\"wp-block-image\"><figure class=\"aligncenter size-large\"><img loading=\"lazy\" width=\"623\" height=\"1024\" src=\"http:\/\/schumansquare.net\/wp-content\/uploads\/2021\/11\/DuoDandini-623x1024.jpg\" alt=\"\" class=\"wp-image-1471\" srcset=\"https:\/\/schumansquare.net\/wp-content\/uploads\/2021\/11\/DuoDandini-623x1024.jpg 623w, https:\/\/schumansquare.net\/wp-content\/uploads\/2021\/11\/DuoDandini-182x300.jpg 182w, https:\/\/schumansquare.net\/wp-content\/uploads\/2021\/11\/DuoDandini-768x1263.jpg 768w, https:\/\/schumansquare.net\/wp-content\/uploads\/2021\/11\/DuoDandini-934x1536.jpg 934w, https:\/\/schumansquare.net\/wp-content\/uploads\/2021\/11\/DuoDandini.jpg 1240w\" sizes=\"(max-width: 623px) 100vw, 623px\" \/><\/figure><\/div>\n\n\n\n<p class=\"has-text-align-center\">CONCERT GRATUIT<\/p>\n\n\n\n<p class=\"has-text-align-center has-vivid-red-color has-white-background-color has-text-color has-background\">Nombre de places limit\u00e9. R\u00e9servation et inscription obligatoires : barbarawitkowska@pizzicato.be<br>T\u00e9l. 0479 57 41 66<br>Respect des mesures CovidSafe en vigueur.<\/p>\n\n\n\n<h3><strong>Programme<\/strong><\/h3>\n\n\n\n<p class=\"has-text-align-center\"><strong>Op\u00e9ra<\/strong> :<br>Rossini &#8211; Le barbier de S\u00e9ville &#8211; Air de La Calunnia<br>Bizet &#8211; Carmen &#8211; Air du Tor\u00e9ador<br>Mozart &#8211; Don Juan &#8211; Deh, vieni alla finestra<\/p>\n\n\n\n<p class=\"has-text-align-center\"><br><strong>Musique sacr\u00e9e :<\/strong><br>Bach &#8211; Missa in G, BWV 236 Gratias agimus tibi<br>Gounod &#8211; Ave Maria<\/p>\n\n\n\n<p class=\"has-text-align-center\"><br><strong>Chansons<\/strong> :<br>Astor Piazzolla &#8211; Chiquilin de Bachin<br>Carlos Gustavino &#8211; La rosa y el sauce<br>Lucienne Delyle &#8211; Mon amant de Saint-Jean<br>Clara Schumann &#8211; Der Abendstern<br>Paul Misraki &#8211; La Scarlatine<br>Jeff Buckley &#8211; Hallelujah<\/p>\n\n\n\n<p class=\"has-text-align-center\"><br><strong>Chants de No\u00ebl :<\/strong><br>Andy Williams &#8211; It&rsquo;s the most beautiful time of the year<br>Nat King Cole &#8211; Christmas Song<\/p>\n\n\n\n<p class=\"has-text-align-center\"><br><strong>Bis :<\/strong><br>Donizetti &#8211; Me voglio fa &lsquo;na casa<br><\/p>\n\n\n\n<p>Organisation :<\/p>\n\n\n\n<div class=\"wp-block-image\"><figure class=\"aligncenter size-large is-resized\"><img src=\"http:\/\/schumansquare.net\/wp-content\/uploads\/2021\/11\/pizzicato_logo-914x1024.jpg\" alt=\"\" class=\"wp-image-1473\" width=\"400\" srcset=\"https:\/\/schumansquare.net\/wp-content\/uploads\/2021\/11\/pizzicato_logo-914x1024.jpg 914w, https:\/\/schumansquare.net\/wp-content\/uploads\/2021\/11\/pizzicato_logo-268x300.jpg 268w, https:\/\/schumansquare.net\/wp-content\/uploads\/2021\/11\/pizzicato_logo-768x860.jpg 768w, https:\/\/schumansquare.net\/wp-content\/uploads\/2021\/11\/pizzicato_logo-1372x1536.jpg 1372w, https:\/\/schumansquare.net\/wp-content\/uploads\/2021\/11\/pizzicato_logo-1829x2048.jpg 1829w\" sizes=\"(max-width: 914px) 100vw, 914px\" \/><\/figure><\/div>\n","protected":false},"excerpt":{"rendered":"<p>! INVITATION ! Dans le cadre de Schuman Lights Up, le lundi 6 d\u00e9cembre \u00e0 19 h, le jeune baryton Halidou Nombre (Chapelle musicale Reine-Elisabeth) mettra le public \u00e0 ses pieds, en reprenant quelques \u00ab\u00a0p\u00e9pites\u00a0\u00bb de son r\u00e9pertoire. \u00c9blouissant de style, de brio et de punch vocal, il sera accompagn\u00e9 de l&rsquo;accord\u00e9oniste le plus complice&hellip;<\/p>\n","protected":false},"author":1,"featured_media":0,"parent":0,"menu_order":0,"comment_status":"closed","ping_status":"closed","template":"","meta":[],"_links":{"self":[{"href":"https:\/\/schumansquare.net\/index.php\/wp-json\/wp\/v2\/pages\/1469"}],"collection":[{"href":"https:\/\/schumansquare.net\/index.php\/wp-json\/wp\/v2\/pages"}],"about":[{"href":"https:\/\/schumansquare.net\/index.php\/wp-json\/wp\/v2\/types\/page"}],"author":[{"embeddable":true,"href":"https:\/\/schumansquare.net\/index.php\/wp-json\/wp\/v2\/users\/1"}],"replies":[{"embeddable":true,"href":"https:\/\/schumansquare.net\/index.php\/wp-json\/wp\/v2\/comments?post=1469"}],"version-history":[{"count":8,"href":"https:\/\/schumansquare.net\/index.php\/wp-json\/wp\/v2\/pages\/1469\/revisions"}],"predecessor-version":[{"id":1491,"href":"https:\/\/schumansquare.net\/index.php\/wp-json\/wp\/v2\/pages\/1469\/revisions\/1491"}],"wp:attachment":[{"href":"https:\/\/schumansquare.net\/index.php\/wp-json\/wp\/v2\/media?parent=1469"}],"curies":[{"name":"wp","href":"https:\/\/api.w.org\/{rel}","templated":true}]}}