{"id":1682,"date":"2022-03-29T15:46:03","date_gmt":"2022-03-29T13:46:03","guid":{"rendered":"http:\/\/schumansquare.net\/?page_id=1682"},"modified":"2022-04-08T14:43:38","modified_gmt":"2022-04-08T12:43:38","slug":"les-evenements-marquants-de-2021","status":"publish","type":"page","link":"https:\/\/schumansquare.net\/index.php\/les-evenements-marquants-de-2021\/","title":{"rendered":"2013-2018"},"content":{"rendered":"\n<div class=\"wp-block-themeisle-blocks-advanced-columns has-2-columns has-desktop-oneTwo-layout has-tablet-equal-layout has-mobile-collapsedRows-layout has-default-gap has-vertical-unset\" id=\"wp-block-themeisle-blocks-advanced-columns-18c2a04a\"><div class=\"wp-block-themeisle-blocks-advanced-columns-overlay\"><\/div><div class=\"innerblocks-wrap\">\n<div class=\"wp-block-themeisle-blocks-advanced-column\" id=\"wp-block-themeisle-blocks-advanced-column-ff35dee9\">\n<h3>Schuman Square asbl organise des \u00e9v\u00e9nements r\u00e9curents comme<\/h3>\n\n\n\n<p><a href=\"http:\/\/schumansquare.net\/index.php\/la-fete-des-pains\/\" data-type=\"page\" data-id=\"44\">La F\u00eate des pains au printemps<\/a><\/p>\n\n\n\n<p>Le <a href=\"http:\/\/schumansquare.net\/index.php\/schuman-light-up\/\" data-type=\"page\" data-id=\"50\">Schuman Light Up<\/a> en novembre-d\u00e9cembre<br><br>D&rsquo;autres \u00e9v\u00e9nements occasionnel sont \u00e9galement organis\u00e9s en septembre. \u00c9v\u00e9nements que vous pouvez voir sur d&rsquo;autres pages de ce site.<\/p>\n<\/div>\n\n\n\n<div class=\"wp-block-themeisle-blocks-advanced-column\" id=\"wp-block-themeisle-blocks-advanced-column-64c9d113\">\n<figure class=\"wp-block-image size-full is-resized\"><img loading=\"lazy\" src=\"http:\/\/schumansquare.net\/wp-content\/uploads\/2019\/04\/FDP_Bloc-1.png\" alt=\"\" class=\"wp-image-667\" width=\"487\" height=\"487\" srcset=\"https:\/\/schumansquare.net\/wp-content\/uploads\/2019\/04\/FDP_Bloc-1.png 300w, https:\/\/schumansquare.net\/wp-content\/uploads\/2019\/04\/FDP_Bloc-1-150x150.png 150w\" sizes=\"(max-width: 487px) 100vw, 487px\" \/><\/figure>\n\n\n\n<figure class=\"wp-block-image size-full\"><img loading=\"lazy\" width=\"640\" height=\"480\" src=\"http:\/\/schumansquare.net\/wp-content\/uploads\/2019\/12\/IMG_1220-3.jpeg\" alt=\"\" class=\"wp-image-1016\" srcset=\"https:\/\/schumansquare.net\/wp-content\/uploads\/2019\/12\/IMG_1220-3.jpeg 640w, https:\/\/schumansquare.net\/wp-content\/uploads\/2019\/12\/IMG_1220-3-300x225.jpeg 300w, https:\/\/schumansquare.net\/wp-content\/uploads\/2019\/12\/IMG_1220-3-120x90.jpeg 120w\" sizes=\"(max-width: 640px) 100vw, 640px\" \/><\/figure>\n<\/div>\n<\/div><\/div>\n\n\n\n<p><\/p>\n","protected":false},"excerpt":{"rendered":"","protected":false},"author":1,"featured_media":0,"parent":0,"menu_order":0,"comment_status":"closed","ping_status":"closed","template":"","meta":[],"_links":{"self":[{"href":"https:\/\/schumansquare.net\/index.php\/wp-json\/wp\/v2\/pages\/1682"}],"collection":[{"href":"https:\/\/schumansquare.net\/index.php\/wp-json\/wp\/v2\/pages"}],"about":[{"href":"https:\/\/schumansquare.net\/index.php\/wp-json\/wp\/v2\/types\/page"}],"author":[{"embeddable":true,"href":"https:\/\/schumansquare.net\/index.php\/wp-json\/wp\/v2\/users\/1"}],"replies":[{"embeddable":true,"href":"https:\/\/schumansquare.net\/index.php\/wp-json\/wp\/v2\/comments?post=1682"}],"version-history":[{"count":4,"href":"https:\/\/schumansquare.net\/index.php\/wp-json\/wp\/v2\/pages\/1682\/revisions"}],"predecessor-version":[{"id":1852,"href":"https:\/\/schumansquare.net\/index.php\/wp-json\/wp\/v2\/pages\/1682\/revisions\/1852"}],"wp:attachment":[{"href":"https:\/\/schumansquare.net\/index.php\/wp-json\/wp\/v2\/media?parent=1682"}],"curies":[{"name":"wp","href":"https:\/\/api.w.org\/{rel}","templated":true}]}}