{"id":1894,"date":"2022-05-19T16:57:37","date_gmt":"2022-05-19T14:57:37","guid":{"rendered":"http:\/\/schumansquare.net\/?page_id=1894"},"modified":"2022-10-12T17:02:08","modified_gmt":"2022-10-12T15:02:08","slug":"2022-et-son-printemps-festif","status":"publish","type":"page","link":"https:\/\/schumansquare.net\/index.php\/2022-et-son-printemps-festif\/","title":{"rendered":"2022 et son printemps festif"},"content":{"rendered":"\n<div class=\"wp-block-themeisle-blocks-advanced-columns has-1-columns has-desktop-equal-layout has-tablet-equal-layout has-mobile-equal-layout has-default-gap has-vertical-unset\" id=\"wp-block-themeisle-blocks-advanced-columns-db353fdd\"><div class=\"wp-block-themeisle-blocks-advanced-columns-overlay\"><\/div><div class=\"innerblocks-wrap\">\n\n<div class=\"wp-block-themeisle-blocks-advanced-column\" id=\"wp-block-themeisle-blocks-advanced-column-2671fd8e\">\n\n<h2>La f\u00eate du pain 2022, un succ\u00e8s manifeste. <br>Un record de fr\u00e9quentation ce 7 mai&#8230; suivi de deux concerts gratuits<\/h2>\n\n<\/div>\n\n<\/div><\/div>\n\n\n\n[ngg src=\u00a0\u00bbgalleries\u00a0\u00bb ids=\u00a0\u00bb24&Prime; display=\u00a0\u00bbbasic_thumbnail\u00a0\u00bb thumbnail_crop=\u00a0\u00bb0&Prime;]\n\n\n\n<h2 class=\"has-pale-cyan-blue-background-color has-background\">L\u2019hommage aux P\u00e8res fondateurs de la Communaut\u00e9 Europ\u00e9enne avec la participation d\u2019un quatuor ukrainien<\/h2>\n\n\n\n[ngg src=\u00a0\u00bbgalleries\u00a0\u00bb ids=\u00a0\u00bb25&Prime; display=\u00a0\u00bbbasic_thumbnail\u00a0\u00bb thumbnail_crop=\u00a0\u00bb0&Prime;]\n","protected":false},"excerpt":{"rendered":"<p>L\u2019hommage aux P\u00e8res fondateurs de la Communaut\u00e9 Europ\u00e9enne avec la participation d\u2019un quatuor ukrainien<\/p>\n","protected":false},"author":1,"featured_media":0,"parent":0,"menu_order":0,"comment_status":"closed","ping_status":"closed","template":"","meta":[],"_links":{"self":[{"href":"https:\/\/schumansquare.net\/index.php\/wp-json\/wp\/v2\/pages\/1894"}],"collection":[{"href":"https:\/\/schumansquare.net\/index.php\/wp-json\/wp\/v2\/pages"}],"about":[{"href":"https:\/\/schumansquare.net\/index.php\/wp-json\/wp\/v2\/types\/page"}],"author":[{"embeddable":true,"href":"https:\/\/schumansquare.net\/index.php\/wp-json\/wp\/v2\/users\/1"}],"replies":[{"embeddable":true,"href":"https:\/\/schumansquare.net\/index.php\/wp-json\/wp\/v2\/comments?post=1894"}],"version-history":[{"count":7,"href":"https:\/\/schumansquare.net\/index.php\/wp-json\/wp\/v2\/pages\/1894\/revisions"}],"predecessor-version":[{"id":1962,"href":"https:\/\/schumansquare.net\/index.php\/wp-json\/wp\/v2\/pages\/1894\/revisions\/1962"}],"wp:attachment":[{"href":"https:\/\/schumansquare.net\/index.php\/wp-json\/wp\/v2\/media?parent=1894"}],"curies":[{"name":"wp","href":"https:\/\/api.w.org\/{rel}","templated":true}]}}