{"id":1953,"date":"2022-10-12T16:51:03","date_gmt":"2022-10-12T14:51:03","guid":{"rendered":"https:\/\/schumansquare.net\/?page_id=1953"},"modified":"2022-12-01T16:03:07","modified_gmt":"2022-12-01T15:03:07","slug":"schuman-lights-up-2022-energie-du-futur","status":"publish","type":"page","link":"https:\/\/schumansquare.net\/index.php\/schuman-lights-up-2022-energie-du-futur\/","title":{"rendered":"Schuman Lights Up 2022 &#8211; \u00c9nergie du futur"},"content":{"rendered":"\n<div class=\"wp-block-image\"><figure class=\"aligncenter size-large\"><img loading=\"lazy\" width=\"761\" height=\"1024\" src=\"https:\/\/schumansquare.net\/wp-content\/uploads\/2022\/12\/SLU_affiche_Site-1-761x1024.jpg\" alt=\"\" class=\"wp-image-2103\" srcset=\"https:\/\/schumansquare.net\/wp-content\/uploads\/2022\/12\/SLU_affiche_Site-1-761x1024.jpg 761w, https:\/\/schumansquare.net\/wp-content\/uploads\/2022\/12\/SLU_affiche_Site-1-223x300.jpg 223w, https:\/\/schumansquare.net\/wp-content\/uploads\/2022\/12\/SLU_affiche_Site-1-768x1033.jpg 768w, https:\/\/schumansquare.net\/wp-content\/uploads\/2022\/12\/SLU_affiche_Site-1-1142x1536.jpg 1142w, https:\/\/schumansquare.net\/wp-content\/uploads\/2022\/12\/SLU_affiche_Site-1.jpg 1200w\" sizes=\"(max-width: 761px) 100vw, 761px\" \/><figcaption><span class=\"has-inline-color has-vivid-green-cyan-color\">Cette ann\u00e9e, l&rsquo;\u00e9nergie des festivit\u00e9s sera 100% renouvelable.<\/span><\/figcaption><\/figure><\/div>\n\n\n\n<p>Du 5 au 19 d\u00e9cembre 2022, sur le Rond-point Schuman, nous installerons l\u2019\u00e9l\u00e9gant chapiteau \u00e9ph\u00e9m\u00e8re que vous connaissez depuis 2013 (le SkyShelter). Il sera illumin\u00e9, confortable pour accueillir une s\u00e9rie d\u2019\u00e9v\u00e9nements repr\u00e9sentatifs de la diversit\u00e9 culturelle du quartier.<\/p>\n\n\n\n<p>Cette ann\u00e9e, l\u2019ensemble s\u2019inscrit r\u00e9solument dans le vaste projet du <strong>pacte vert europ\u00e9en<\/strong>. <br>La Commission Europ\u00e9enne pr\u00e9sentera une exposition didactique pour expliquer sa strat\u00e9gie, ses ambitions. <br>Les professionnels pr\u00e9senteront des r\u00e9alisations concr\u00e8tes respectueuses de l\u2019environnement. <\/p>\n\n\n\n<p><strong>Le rond-point Schuman sera \u00e0 la pointe de l\u2019innovation \u00e9nerg\u00e9tique.<\/strong> <\/p>\n\n\n\n<p>Toyota Europe offrira l&rsquo;\u00e9nergie n\u00e9cessaire \u00e0 l&rsquo;illumination du rond-point lors de trois \u00e9v\u00e9nements (<a href=\"https:\/\/schumansquare.net\/index.php\/schuman-green-lights-up\/\" data-type=\"page\" data-id=\"1941\">voir notre programme<\/a>). Une Toyota Mirai, motoris\u00e9e par une pile \u00e0 hydrog\u00e8ne fournira la puissance n\u00e9cessaire.<\/p>\n\n\n\n<p><br>Cliquez sur ce lien pour <a href=\"https:\/\/schumansquare.net\/index.php\/schuman-green-lights-up\/\" data-type=\"URL\" data-id=\"https:\/\/schumansquare.net\/index.php\/schuman-green-lights-up\/\"><span class=\"has-inline-color has-vivid-cyan-blue-color\">voir le programme d\u00e9taill\u00e9 de toutes les activit\u00e9s.<\/span><\/a><\/p>\n\n\n\n<p>Venez nombreux aux activit\u00e9s propos\u00e9es gratuitement par l&rsquo;asbl Schuman Square.<\/p>\n\n\n\n<figure class=\"wp-block-image size-large\"><img loading=\"lazy\" width=\"1024\" height=\"1024\" src=\"https:\/\/schumansquare.net\/wp-content\/uploads\/2022\/10\/Montage-1024x1024.jpg\" alt=\"\" class=\"wp-image-1955\" srcset=\"https:\/\/schumansquare.net\/wp-content\/uploads\/2022\/10\/Montage-1024x1024.jpg 1024w, https:\/\/schumansquare.net\/wp-content\/uploads\/2022\/10\/Montage-300x300.jpg 300w, https:\/\/schumansquare.net\/wp-content\/uploads\/2022\/10\/Montage-150x150.jpg 150w, https:\/\/schumansquare.net\/wp-content\/uploads\/2022\/10\/Montage-768x768.jpg 768w, https:\/\/schumansquare.net\/wp-content\/uploads\/2022\/10\/Montage-1536x1536.jpg 1536w, https:\/\/schumansquare.net\/wp-content\/uploads\/2022\/10\/Montage-2048x2048.jpg 2048w\" sizes=\"(max-width: 1024px) 100vw, 1024px\" \/><\/figure>\n\n\n\n<figure class=\"wp-block-image size-large\"><img loading=\"lazy\" width=\"1024\" height=\"546\" src=\"http:\/\/schumansquare.net\/wp-content\/uploads\/2022\/11\/LogosPartenaires2022-1024x546.jpg\" alt=\"\" class=\"wp-image-2002\" srcset=\"https:\/\/schumansquare.net\/wp-content\/uploads\/2022\/11\/LogosPartenaires2022-1024x546.jpg 1024w, https:\/\/schumansquare.net\/wp-content\/uploads\/2022\/11\/LogosPartenaires2022-300x160.jpg 300w, https:\/\/schumansquare.net\/wp-content\/uploads\/2022\/11\/LogosPartenaires2022-768x409.jpg 768w, https:\/\/schumansquare.net\/wp-content\/uploads\/2022\/11\/LogosPartenaires2022-1536x819.jpg 1536w, https:\/\/schumansquare.net\/wp-content\/uploads\/2022\/11\/LogosPartenaires2022.jpg 1771w\" sizes=\"(max-width: 1024px) 100vw, 1024px\" \/><figcaption>Nos sponsors<\/figcaption><\/figure>\n\n\n\n<p><\/p>\n","protected":false},"excerpt":{"rendered":"<p>Du 5 au 19 d\u00e9cembre 2022, sur le Rond-point Schuman, nous installerons l\u2019\u00e9l\u00e9gant chapiteau \u00e9ph\u00e9m\u00e8re que vous connaissez depuis 2013 (le SkyShelter). Il sera illumin\u00e9, confortable pour accueillir une s\u00e9rie d\u2019\u00e9v\u00e9nements repr\u00e9sentatifs de la diversit\u00e9 culturelle du quartier. Cette ann\u00e9e, l\u2019ensemble s\u2019inscrit r\u00e9solument dans le vaste projet du pacte vert europ\u00e9en. La Commission Europ\u00e9enne pr\u00e9sentera&hellip;<\/p>\n","protected":false},"author":1,"featured_media":0,"parent":0,"menu_order":0,"comment_status":"closed","ping_status":"closed","template":"","meta":[],"_links":{"self":[{"href":"https:\/\/schumansquare.net\/index.php\/wp-json\/wp\/v2\/pages\/1953"}],"collection":[{"href":"https:\/\/schumansquare.net\/index.php\/wp-json\/wp\/v2\/pages"}],"about":[{"href":"https:\/\/schumansquare.net\/index.php\/wp-json\/wp\/v2\/types\/page"}],"author":[{"embeddable":true,"href":"https:\/\/schumansquare.net\/index.php\/wp-json\/wp\/v2\/users\/1"}],"replies":[{"embeddable":true,"href":"https:\/\/schumansquare.net\/index.php\/wp-json\/wp\/v2\/comments?post=1953"}],"version-history":[{"count":16,"href":"https:\/\/schumansquare.net\/index.php\/wp-json\/wp\/v2\/pages\/1953\/revisions"}],"predecessor-version":[{"id":2104,"href":"https:\/\/schumansquare.net\/index.php\/wp-json\/wp\/v2\/pages\/1953\/revisions\/2104"}],"wp:attachment":[{"href":"https:\/\/schumansquare.net\/index.php\/wp-json\/wp\/v2\/media?parent=1953"}],"curies":[{"name":"wp","href":"https:\/\/api.w.org\/{rel}","templated":true}]}}