{"id":2,"date":"2019-04-08T16:47:22","date_gmt":"2019-04-08T14:47:22","guid":{"rendered":"http:\/\/schumansquare.net\/?page_id=2"},"modified":"2019-04-19T13:35:11","modified_gmt":"2019-04-19T11:35:11","slug":"page-d-exemple","status":"publish","type":"page","link":"https:\/\/schumansquare.net\/index.php\/page-d-exemple\/","title":{"rendered":"L\u2019 ASBL Schuman Square"},"content":{"rendered":"\n<h3>Le r\u00f4le de l\u2019association \u00ab\u00a0Schuman Square\u00a0\u00bb Comit\u00e9 asbl<\/h3>\n\n\n\n<h4>Accompagner<\/h4>\n\n\n\n<p>le r\u00e9am\u00e9nagement indispensable du rond-point Schuman<\/p>\n\n\n\n<h4>Assurer<\/h4>\n\n\n\n<p>par le dialogue, la choh\u00e9rence des multiples aspects\u2009:<\/p>\n\n\n\n<ul><li>la qualit\u00e9 de vie des quartiers;<\/li><li>la mobilit\u00e9;<\/li><li>la s\u00e9curit\u00e9.<br>    <\/li><\/ul>\n\n\n\n<h4>Les ma\u00eetres mots de l\u2019association sont<\/h4>\n\n\n\n<p>Art de vivre ensemble<\/p>\n\n\n\n<p>Image de Bruxelles et particuli\u00e8rement de son quartier europ\u00e9en;<\/p>\n\n\n\n<p>la mobilit\u00e9;<\/p>\n\n\n\n<p>Qualit\u00e9 de vie<\/p>\n\n\n\n<p>Animation du quartier et promotion des commerces;<\/p>\n\n\n\n<p>Organisation de la f\u00eate annuelle du pain dasn le cadre des journ\u00e9es portes ouvertes et \u00e9clairages de No\u00ebl;<\/p>\n\n\n\n<p>D\u00e9finition des acteurs locaux concern\u00e9s, des besoins et des projetes de leur quartier.<\/p>\n\n\n\n<h3>Ensemble nous y arriverons<\/h3>\n\n\n\n<h2>Rejoignez-nous\u2009!<\/h2>\n\n\n\n<p><strong> Marion Wolfers<\/strong><br> Pr\u00e9sidente<\/p>\n\n\n\n<p><strong>France Soubeyran<\/strong><br> Administratrice<\/p>\n","protected":false},"excerpt":{"rendered":"<p>Le r\u00f4le de l\u2019association \u00ab\u00a0Schuman Square\u00a0\u00bb Comit\u00e9 asbl Accompagner le r\u00e9am\u00e9nagement indispensable du rond-point Schuman Assurer par le dialogue, la choh\u00e9rence des multiples aspects\u2009: la qualit\u00e9 de vie des quartiers; la mobilit\u00e9; la s\u00e9curit\u00e9. Les ma\u00eetres mots de l\u2019association sont Art de vivre ensemble Image de Bruxelles et particuli\u00e8rement de son quartier europ\u00e9en; la mobilit\u00e9;&hellip;<\/p>\n","protected":false},"author":1,"featured_media":0,"parent":0,"menu_order":0,"comment_status":"closed","ping_status":"open","template":"","meta":[],"_links":{"self":[{"href":"https:\/\/schumansquare.net\/index.php\/wp-json\/wp\/v2\/pages\/2"}],"collection":[{"href":"https:\/\/schumansquare.net\/index.php\/wp-json\/wp\/v2\/pages"}],"about":[{"href":"https:\/\/schumansquare.net\/index.php\/wp-json\/wp\/v2\/types\/page"}],"author":[{"embeddable":true,"href":"https:\/\/schumansquare.net\/index.php\/wp-json\/wp\/v2\/users\/1"}],"replies":[{"embeddable":true,"href":"https:\/\/schumansquare.net\/index.php\/wp-json\/wp\/v2\/comments?post=2"}],"version-history":[{"count":2,"href":"https:\/\/schumansquare.net\/index.php\/wp-json\/wp\/v2\/pages\/2\/revisions"}],"predecessor-version":[{"id":642,"href":"https:\/\/schumansquare.net\/index.php\/wp-json\/wp\/v2\/pages\/2\/revisions\/642"}],"wp:attachment":[{"href":"https:\/\/schumansquare.net\/index.php\/wp-json\/wp\/v2\/media?parent=2"}],"curies":[{"name":"wp","href":"https:\/\/api.w.org\/{rel}","templated":true}]}}