{"id":2357,"date":"2023-04-24T14:32:50","date_gmt":"2023-04-24T12:32:50","guid":{"rendered":"https:\/\/schumansquare.net\/?page_id=2357"},"modified":"2023-05-15T15:55:08","modified_gmt":"2023-05-15T13:55:08","slug":"7-mai-festival-gastronomique-sur-le-rond-point","status":"publish","type":"page","link":"https:\/\/schumansquare.net\/index.php\/7-mai-festival-gastronomique-sur-le-rond-point\/","title":{"rendered":"7 mai &#8211; March\u00e9 gourmand sur le rond-point"},"content":{"rendered":"\n<h2>De 10.30 \u00e0 19.00 h, des sp\u00e9cialit\u00e9s de diff\u00e9rentes r\u00e9gions d\u2019Europe.<\/h2>\n\n\n\n<p>Parmi ces r\u00e9gions, la <strong>Roumanie<\/strong>, la <strong>Moldavie<\/strong>, l\u2019<strong>Ukraine<\/strong>, l\u2019<strong>Alsace<\/strong>, la <strong>G\u00e9orgie<\/strong>, l\u2019<strong>Espagne<\/strong>&#8230; <br>Chaque r\u00e9gion apportera ses sp\u00e9cialit\u00e9s nationales comme le fromage, les sortes de salamis, pastrami, douceurs traditionnelles, etc. Les participants roumains cuisineront des plats nationaux sur place et plus particuli\u00e8rement du barbecue et des viandes.<\/p>\n\n\n\n<p>Quelques exemples de notre r\u00e9cent \u00e9v\u00e9nement en d\u00e9cembre:<\/p>\n\n\n\n<figure class=\"wp-block-gallery columns-3 is-cropped\"><ul class=\"blocks-gallery-grid\"><li class=\"blocks-gallery-item\"><figure><img loading=\"lazy\" width=\"1024\" height=\"767\" src=\"https:\/\/schumansquare.net\/wp-content\/uploads\/2023\/04\/IMG_0321-1024x767.jpg\" alt=\"\" data-id=\"2358\" data-link=\"https:\/\/schumansquare.net\/?attachment_id=2358\" class=\"wp-image-2358\" srcset=\"https:\/\/schumansquare.net\/wp-content\/uploads\/2023\/04\/IMG_0321-1024x767.jpg 1024w, https:\/\/schumansquare.net\/wp-content\/uploads\/2023\/04\/IMG_0321-300x225.jpg 300w, https:\/\/schumansquare.net\/wp-content\/uploads\/2023\/04\/IMG_0321-768x575.jpg 768w, https:\/\/schumansquare.net\/wp-content\/uploads\/2023\/04\/IMG_0321-120x90.jpg 120w, https:\/\/schumansquare.net\/wp-content\/uploads\/2023\/04\/IMG_0321.jpg 1458w\" sizes=\"(max-width: 1024px) 100vw, 1024px\" \/><\/figure><\/li><li class=\"blocks-gallery-item\"><figure><img loading=\"lazy\" width=\"480\" height=\"480\" src=\"https:\/\/schumansquare.net\/wp-content\/uploads\/2023\/05\/IMG_5205.jpeg\" alt=\"\" data-id=\"2533\" data-full-url=\"https:\/\/schumansquare.net\/wp-content\/uploads\/2023\/05\/IMG_5205.jpeg\" data-link=\"https:\/\/schumansquare.net\/index.php\/7-mai-festival-gastronomique-sur-le-rond-point\/img_5205\/\" class=\"wp-image-2533\" srcset=\"https:\/\/schumansquare.net\/wp-content\/uploads\/2023\/05\/IMG_5205.jpeg 480w, https:\/\/schumansquare.net\/wp-content\/uploads\/2023\/05\/IMG_5205-300x300.jpeg 300w, https:\/\/schumansquare.net\/wp-content\/uploads\/2023\/05\/IMG_5205-150x150.jpeg 150w\" sizes=\"(max-width: 480px) 100vw, 480px\" \/><\/figure><\/li><li class=\"blocks-gallery-item\"><figure><img loading=\"lazy\" width=\"1024\" height=\"926\" src=\"https:\/\/schumansquare.net\/wp-content\/uploads\/2023\/04\/IMG_0322-1024x926.jpg\" alt=\"\" data-id=\"2359\" data-link=\"https:\/\/schumansquare.net\/?attachment_id=2359\" class=\"wp-image-2359\" srcset=\"https:\/\/schumansquare.net\/wp-content\/uploads\/2023\/04\/IMG_0322-1024x926.jpg 1024w, https:\/\/schumansquare.net\/wp-content\/uploads\/2023\/04\/IMG_0322-300x271.jpg 300w, https:\/\/schumansquare.net\/wp-content\/uploads\/2023\/04\/IMG_0322-768x695.jpg 768w, https:\/\/schumansquare.net\/wp-content\/uploads\/2023\/04\/IMG_0322.jpg 1207w\" sizes=\"(max-width: 1024px) 100vw, 1024px\" \/><\/figure><\/li><li class=\"blocks-gallery-item\"><figure><img loading=\"lazy\" width=\"1024\" height=\"807\" src=\"https:\/\/schumansquare.net\/wp-content\/uploads\/2023\/04\/IMG_0323-1024x807.jpg\" alt=\"\" data-id=\"2360\" data-link=\"https:\/\/schumansquare.net\/?attachment_id=2360\" class=\"wp-image-2360\" srcset=\"https:\/\/schumansquare.net\/wp-content\/uploads\/2023\/04\/IMG_0323-1024x807.jpg 1024w, https:\/\/schumansquare.net\/wp-content\/uploads\/2023\/04\/IMG_0323-300x237.jpg 300w, https:\/\/schumansquare.net\/wp-content\/uploads\/2023\/04\/IMG_0323-768x606.jpg 768w, https:\/\/schumansquare.net\/wp-content\/uploads\/2023\/04\/IMG_0323.jpg 1385w\" sizes=\"(max-width: 1024px) 100vw, 1024px\" \/><\/figure><\/li><li class=\"blocks-gallery-item\"><figure><img loading=\"lazy\" width=\"1024\" height=\"683\" src=\"https:\/\/schumansquare.net\/wp-content\/uploads\/2023\/04\/IMG_0325-1024x683.jpg\" alt=\"\" data-id=\"2361\" data-link=\"https:\/\/schumansquare.net\/?attachment_id=2361\" class=\"wp-image-2361\" srcset=\"https:\/\/schumansquare.net\/wp-content\/uploads\/2023\/04\/IMG_0325-1024x683.jpg 1024w, https:\/\/schumansquare.net\/wp-content\/uploads\/2023\/04\/IMG_0325-300x200.jpg 300w, https:\/\/schumansquare.net\/wp-content\/uploads\/2023\/04\/IMG_0325-768x512.jpg 768w, https:\/\/schumansquare.net\/wp-content\/uploads\/2023\/04\/IMG_0325-1536x1024.jpg 1536w, https:\/\/schumansquare.net\/wp-content\/uploads\/2023\/04\/IMG_0325.jpg 1638w\" sizes=\"(max-width: 1024px) 100vw, 1024px\" \/><\/figure><\/li><li class=\"blocks-gallery-item\"><figure><img loading=\"lazy\" width=\"1024\" height=\"819\" src=\"https:\/\/schumansquare.net\/wp-content\/uploads\/2023\/04\/IMG_0326-1024x819.jpg\" alt=\"\" data-id=\"2362\" data-link=\"https:\/\/schumansquare.net\/?attachment_id=2362\" class=\"wp-image-2362\" srcset=\"https:\/\/schumansquare.net\/wp-content\/uploads\/2023\/04\/IMG_0326-1024x819.jpg 1024w, https:\/\/schumansquare.net\/wp-content\/uploads\/2023\/04\/IMG_0326-300x240.jpg 300w, https:\/\/schumansquare.net\/wp-content\/uploads\/2023\/04\/IMG_0326-768x614.jpg 768w, https:\/\/schumansquare.net\/wp-content\/uploads\/2023\/04\/IMG_0326.jpg 1365w\" sizes=\"(max-width: 1024px) 100vw, 1024px\" \/><\/figure><\/li><li class=\"blocks-gallery-item\"><figure><img loading=\"lazy\" width=\"1024\" height=\"711\" src=\"https:\/\/schumansquare.net\/wp-content\/uploads\/2023\/04\/IMG_0328-1024x711.jpg\" alt=\"\" data-id=\"2363\" data-link=\"https:\/\/schumansquare.net\/?attachment_id=2363\" class=\"wp-image-2363\" srcset=\"https:\/\/schumansquare.net\/wp-content\/uploads\/2023\/04\/IMG_0328-1024x711.jpg 1024w, https:\/\/schumansquare.net\/wp-content\/uploads\/2023\/04\/IMG_0328-300x208.jpg 300w, https:\/\/schumansquare.net\/wp-content\/uploads\/2023\/04\/IMG_0328-768x533.jpg 768w, https:\/\/schumansquare.net\/wp-content\/uploads\/2023\/04\/IMG_0328-1536x1066.jpg 1536w, https:\/\/schumansquare.net\/wp-content\/uploads\/2023\/04\/IMG_0328.jpg 1573w\" sizes=\"(max-width: 1024px) 100vw, 1024px\" \/><\/figure><\/li><li class=\"blocks-gallery-item\"><figure><img loading=\"lazy\" width=\"1024\" height=\"683\" src=\"https:\/\/schumansquare.net\/wp-content\/uploads\/2023\/04\/IMG_0329-1024x683.jpg\" alt=\"\" data-id=\"2364\" data-link=\"https:\/\/schumansquare.net\/?attachment_id=2364\" class=\"wp-image-2364\" srcset=\"https:\/\/schumansquare.net\/wp-content\/uploads\/2023\/04\/IMG_0329-1024x683.jpg 1024w, https:\/\/schumansquare.net\/wp-content\/uploads\/2023\/04\/IMG_0329-300x200.jpg 300w, https:\/\/schumansquare.net\/wp-content\/uploads\/2023\/04\/IMG_0329-768x512.jpg 768w, https:\/\/schumansquare.net\/wp-content\/uploads\/2023\/04\/IMG_0329-1536x1024.jpg 1536w, https:\/\/schumansquare.net\/wp-content\/uploads\/2023\/04\/IMG_0329.jpg 1638w\" sizes=\"(max-width: 1024px) 100vw, 1024px\" \/><\/figure><\/li><li class=\"blocks-gallery-item\"><figure><img loading=\"lazy\" width=\"1024\" height=\"683\" src=\"https:\/\/schumansquare.net\/wp-content\/uploads\/2023\/04\/IMG_0338-1024x683.jpg\" alt=\"\" data-id=\"2365\" data-link=\"https:\/\/schumansquare.net\/?attachment_id=2365\" class=\"wp-image-2365\" srcset=\"https:\/\/schumansquare.net\/wp-content\/uploads\/2023\/04\/IMG_0338-1024x683.jpg 1024w, https:\/\/schumansquare.net\/wp-content\/uploads\/2023\/04\/IMG_0338-300x200.jpg 300w, https:\/\/schumansquare.net\/wp-content\/uploads\/2023\/04\/IMG_0338-768x512.jpg 768w, https:\/\/schumansquare.net\/wp-content\/uploads\/2023\/04\/IMG_0338-1536x1024.jpg 1536w, https:\/\/schumansquare.net\/wp-content\/uploads\/2023\/04\/IMG_0338.jpg 1638w\" sizes=\"(max-width: 1024px) 100vw, 1024px\" \/><\/figure><\/li><li class=\"blocks-gallery-item\"><figure><img loading=\"lazy\" width=\"480\" height=\"480\" src=\"https:\/\/schumansquare.net\/wp-content\/uploads\/2023\/05\/IMG_5204.jpeg\" alt=\"\" data-id=\"2532\" data-full-url=\"https:\/\/schumansquare.net\/wp-content\/uploads\/2023\/05\/IMG_5204.jpeg\" data-link=\"https:\/\/schumansquare.net\/index.php\/7-mai-festival-gastronomique-sur-le-rond-point\/img_5204\/\" class=\"wp-image-2532\" srcset=\"https:\/\/schumansquare.net\/wp-content\/uploads\/2023\/05\/IMG_5204.jpeg 480w, https:\/\/schumansquare.net\/wp-content\/uploads\/2023\/05\/IMG_5204-300x300.jpeg 300w, https:\/\/schumansquare.net\/wp-content\/uploads\/2023\/05\/IMG_5204-150x150.jpeg 150w\" sizes=\"(max-width: 480px) 100vw, 480px\" \/><\/figure><\/li><li class=\"blocks-gallery-item\"><figure><img loading=\"lazy\" width=\"1024\" height=\"683\" src=\"https:\/\/schumansquare.net\/wp-content\/uploads\/2023\/04\/IMG_0345-1024x683.jpg\" alt=\"\" data-id=\"2366\" data-link=\"https:\/\/schumansquare.net\/?attachment_id=2366\" class=\"wp-image-2366\" srcset=\"https:\/\/schumansquare.net\/wp-content\/uploads\/2023\/04\/IMG_0345-1024x683.jpg 1024w, https:\/\/schumansquare.net\/wp-content\/uploads\/2023\/04\/IMG_0345-300x200.jpg 300w, https:\/\/schumansquare.net\/wp-content\/uploads\/2023\/04\/IMG_0345-768x512.jpg 768w, https:\/\/schumansquare.net\/wp-content\/uploads\/2023\/04\/IMG_0345-1536x1024.jpg 1536w, https:\/\/schumansquare.net\/wp-content\/uploads\/2023\/04\/IMG_0345.jpg 1638w\" sizes=\"(max-width: 1024px) 100vw, 1024px\" \/><\/figure><\/li><li class=\"blocks-gallery-item\"><figure><img loading=\"lazy\" width=\"1024\" height=\"683\" src=\"https:\/\/schumansquare.net\/wp-content\/uploads\/2023\/04\/IMG_0349-1024x683.jpg\" alt=\"\" data-id=\"2367\" data-link=\"https:\/\/schumansquare.net\/?attachment_id=2367\" class=\"wp-image-2367\" srcset=\"https:\/\/schumansquare.net\/wp-content\/uploads\/2023\/04\/IMG_0349-1024x683.jpg 1024w, https:\/\/schumansquare.net\/wp-content\/uploads\/2023\/04\/IMG_0349-300x200.jpg 300w, https:\/\/schumansquare.net\/wp-content\/uploads\/2023\/04\/IMG_0349-768x512.jpg 768w, https:\/\/schumansquare.net\/wp-content\/uploads\/2023\/04\/IMG_0349-1536x1024.jpg 1536w, https:\/\/schumansquare.net\/wp-content\/uploads\/2023\/04\/IMG_0349.jpg 1638w\" sizes=\"(max-width: 1024px) 100vw, 1024px\" \/><\/figure><\/li><li class=\"blocks-gallery-item\"><figure><img loading=\"lazy\" width=\"1024\" height=\"683\" src=\"https:\/\/schumansquare.net\/wp-content\/uploads\/2023\/04\/IMG_0355-1024x683.jpg\" alt=\"\" data-id=\"2368\" data-link=\"https:\/\/schumansquare.net\/?attachment_id=2368\" class=\"wp-image-2368\" srcset=\"https:\/\/schumansquare.net\/wp-content\/uploads\/2023\/04\/IMG_0355-1024x683.jpg 1024w, https:\/\/schumansquare.net\/wp-content\/uploads\/2023\/04\/IMG_0355-300x200.jpg 300w, https:\/\/schumansquare.net\/wp-content\/uploads\/2023\/04\/IMG_0355-768x512.jpg 768w, https:\/\/schumansquare.net\/wp-content\/uploads\/2023\/04\/IMG_0355-1536x1024.jpg 1536w, https:\/\/schumansquare.net\/wp-content\/uploads\/2023\/04\/IMG_0355.jpg 1638w\" sizes=\"(max-width: 1024px) 100vw, 1024px\" \/><\/figure><\/li><li class=\"blocks-gallery-item\"><figure><img loading=\"lazy\" width=\"1024\" height=\"683\" src=\"https:\/\/schumansquare.net\/wp-content\/uploads\/2023\/04\/IMG_0357-1024x683.jpg\" alt=\"\" data-id=\"2369\" data-link=\"https:\/\/schumansquare.net\/?attachment_id=2369\" class=\"wp-image-2369\" srcset=\"https:\/\/schumansquare.net\/wp-content\/uploads\/2023\/04\/IMG_0357-1024x683.jpg 1024w, https:\/\/schumansquare.net\/wp-content\/uploads\/2023\/04\/IMG_0357-300x200.jpg 300w, https:\/\/schumansquare.net\/wp-content\/uploads\/2023\/04\/IMG_0357-768x512.jpg 768w, https:\/\/schumansquare.net\/wp-content\/uploads\/2023\/04\/IMG_0357-1536x1024.jpg 1536w, https:\/\/schumansquare.net\/wp-content\/uploads\/2023\/04\/IMG_0357.jpg 1638w\" sizes=\"(max-width: 1024px) 100vw, 1024px\" \/><\/figure><\/li><li class=\"blocks-gallery-item\"><figure><img loading=\"lazy\" width=\"1024\" height=\"683\" src=\"https:\/\/schumansquare.net\/wp-content\/uploads\/2023\/04\/IMG_0360-1024x683.jpg\" alt=\"\" data-id=\"2370\" data-link=\"https:\/\/schumansquare.net\/?attachment_id=2370\" class=\"wp-image-2370\" srcset=\"https:\/\/schumansquare.net\/wp-content\/uploads\/2023\/04\/IMG_0360-1024x683.jpg 1024w, https:\/\/schumansquare.net\/wp-content\/uploads\/2023\/04\/IMG_0360-300x200.jpg 300w, https:\/\/schumansquare.net\/wp-content\/uploads\/2023\/04\/IMG_0360-768x512.jpg 768w, https:\/\/schumansquare.net\/wp-content\/uploads\/2023\/04\/IMG_0360-1536x1024.jpg 1536w, https:\/\/schumansquare.net\/wp-content\/uploads\/2023\/04\/IMG_0360.jpg 1638w\" sizes=\"(max-width: 1024px) 100vw, 1024px\" \/><\/figure><\/li><li class=\"blocks-gallery-item\"><figure><img loading=\"lazy\" width=\"640\" height=\"480\" src=\"https:\/\/schumansquare.net\/wp-content\/uploads\/2023\/05\/IMG_5203.jpeg\" alt=\"\" data-id=\"2531\" data-full-url=\"https:\/\/schumansquare.net\/wp-content\/uploads\/2023\/05\/IMG_5203.jpeg\" data-link=\"https:\/\/schumansquare.net\/index.php\/7-mai-festival-gastronomique-sur-le-rond-point\/img_5203\/\" class=\"wp-image-2531\" srcset=\"https:\/\/schumansquare.net\/wp-content\/uploads\/2023\/05\/IMG_5203.jpeg 640w, https:\/\/schumansquare.net\/wp-content\/uploads\/2023\/05\/IMG_5203-300x225.jpeg 300w, https:\/\/schumansquare.net\/wp-content\/uploads\/2023\/05\/IMG_5203-120x90.jpeg 120w\" sizes=\"(max-width: 640px) 100vw, 640px\" \/><\/figure><\/li><li class=\"blocks-gallery-item\"><figure><img loading=\"lazy\" width=\"1024\" height=\"683\" src=\"https:\/\/schumansquare.net\/wp-content\/uploads\/2023\/04\/IMG_0362-1024x683.jpg\" alt=\"\" data-id=\"2371\" data-link=\"https:\/\/schumansquare.net\/?attachment_id=2371\" class=\"wp-image-2371\" srcset=\"https:\/\/schumansquare.net\/wp-content\/uploads\/2023\/04\/IMG_0362-1024x683.jpg 1024w, https:\/\/schumansquare.net\/wp-content\/uploads\/2023\/04\/IMG_0362-300x200.jpg 300w, https:\/\/schumansquare.net\/wp-content\/uploads\/2023\/04\/IMG_0362-768x512.jpg 768w, https:\/\/schumansquare.net\/wp-content\/uploads\/2023\/04\/IMG_0362-1536x1024.jpg 1536w, https:\/\/schumansquare.net\/wp-content\/uploads\/2023\/04\/IMG_0362.jpg 1638w\" sizes=\"(max-width: 1024px) 100vw, 1024px\" \/><\/figure><\/li><li class=\"blocks-gallery-item\"><figure><img loading=\"lazy\" width=\"1024\" height=\"683\" src=\"https:\/\/schumansquare.net\/wp-content\/uploads\/2023\/04\/IMG_0363-1024x683.jpg\" alt=\"\" data-id=\"2372\" data-link=\"https:\/\/schumansquare.net\/?attachment_id=2372\" class=\"wp-image-2372\" srcset=\"https:\/\/schumansquare.net\/wp-content\/uploads\/2023\/04\/IMG_0363-1024x683.jpg 1024w, https:\/\/schumansquare.net\/wp-content\/uploads\/2023\/04\/IMG_0363-300x200.jpg 300w, https:\/\/schumansquare.net\/wp-content\/uploads\/2023\/04\/IMG_0363-768x512.jpg 768w, https:\/\/schumansquare.net\/wp-content\/uploads\/2023\/04\/IMG_0363-1536x1024.jpg 1536w, https:\/\/schumansquare.net\/wp-content\/uploads\/2023\/04\/IMG_0363.jpg 1638w\" sizes=\"(max-width: 1024px) 100vw, 1024px\" \/><\/figure><\/li><\/ul><\/figure>\n","protected":false},"excerpt":{"rendered":"<p>De 10.30 \u00e0 19.00 h, des sp\u00e9cialit\u00e9s de diff\u00e9rentes r\u00e9gions d\u2019Europe. Parmi ces r\u00e9gions, la Roumanie, la Moldavie, l\u2019Ukraine, l\u2019Alsace, la G\u00e9orgie, l\u2019Espagne&#8230; Chaque r\u00e9gion apportera ses sp\u00e9cialit\u00e9s nationales comme le fromage, les sortes de salamis, pastrami, douceurs traditionnelles, etc. Les participants roumains cuisineront des plats nationaux sur place et plus particuli\u00e8rement du barbecue et&hellip;<\/p>\n","protected":false},"author":1,"featured_media":0,"parent":0,"menu_order":0,"comment_status":"closed","ping_status":"closed","template":"","meta":[],"_links":{"self":[{"href":"https:\/\/schumansquare.net\/index.php\/wp-json\/wp\/v2\/pages\/2357"}],"collection":[{"href":"https:\/\/schumansquare.net\/index.php\/wp-json\/wp\/v2\/pages"}],"about":[{"href":"https:\/\/schumansquare.net\/index.php\/wp-json\/wp\/v2\/types\/page"}],"author":[{"embeddable":true,"href":"https:\/\/schumansquare.net\/index.php\/wp-json\/wp\/v2\/users\/1"}],"replies":[{"embeddable":true,"href":"https:\/\/schumansquare.net\/index.php\/wp-json\/wp\/v2\/comments?post=2357"}],"version-history":[{"count":7,"href":"https:\/\/schumansquare.net\/index.php\/wp-json\/wp\/v2\/pages\/2357\/revisions"}],"predecessor-version":[{"id":2535,"href":"https:\/\/schumansquare.net\/index.php\/wp-json\/wp\/v2\/pages\/2357\/revisions\/2535"}],"wp:attachment":[{"href":"https:\/\/schumansquare.net\/index.php\/wp-json\/wp\/v2\/media?parent=2357"}],"curies":[{"name":"wp","href":"https:\/\/api.w.org\/{rel}","templated":true}]}}