{"id":356,"date":"2019-04-10T10:01:30","date_gmt":"2019-04-10T08:01:30","guid":{"rendered":"http:\/\/schumansquare.net\/?page_id=356"},"modified":"2019-04-19T16:51:51","modified_gmt":"2019-04-19T14:51:51","slug":"prise-de-position-2","status":"publish","type":"page","link":"https:\/\/schumansquare.net\/index.php\/prise-de-position-2\/","title":{"rendered":"Agora de l\u2019Europe et technologie"},"content":{"rendered":"\n<figure class=\"wp-block-image\"><img loading=\"lazy\" width=\"640\" height=\"167\" src=\"http:\/\/schumansquare.net\/wp-content\/uploads\/2019\/04\/CercleDeLumie\u0300re.jpeg\" alt=\"\" class=\"wp-image-358\" srcset=\"https:\/\/schumansquare.net\/wp-content\/uploads\/2019\/04\/CercleDeLumie\u0300re.jpeg 640w, https:\/\/schumansquare.net\/wp-content\/uploads\/2019\/04\/CercleDeLumie\u0300re-300x78.jpeg 300w\" sizes=\"(max-width: 640px) 100vw, 640px\" \/><figcaption>Cercle de Lumi\u00e8re<\/figcaption><\/figure>\n\n\n\n<p class=\"has-medium-font-size\"><strong>Cercle de lumi\u00e8re, de technologie, de modernit\u00e9\u2026<\/strong><\/p>\n\n\n\n<p>L\u2019ASBL Schuman Square, que vous connaissez bien, a\n\u00e9t\u00e9 constitu\u00e9e en 2013 en vue d\u2019animer, de rendre convivial, de participer \u00e0 la\nvie de cet AGORA au c\u0153ur de l\u2019Europe.&nbsp;&nbsp; <\/p>\n\n\n\n<p>A cet effet, nous suivons avec le plus grand int\u00e9r\u00eat vos r\u00e9flexions en vue du r\u00e9am\u00e9nagement de cet espace embl\u00e9matique avec lequel nous vivons depuis des ann\u00e9es. Beaucoup d\u2019entre nous ont en m\u00e9moire le <strong>spectaculaire cercle magique de lumi\u00e8re<\/strong> plac\u00e9 pendant les \u00a0mois de la pr\u00e9sidence Allemande en 2007. <\/p>\n\n\n\n<p>Aujourd\u2019hui, suite \u00e0 une premi\u00e8re consultation dans le quartier, une telle installation ne remporte que des suffrages enthousiastes comme vous pourrez le lire dans les messages ci-dessous :<\/p>\n\n\n\n<ol><li><em>\u00ab\u00a0J\u2019aime beaucoup le\ncercle \u201clumi\u00e8res et technologies\u201d qui entoure le RPS sur la photo : quelle\nexcellente id\u00e9e \u00ab\u00a0C&rsquo;est magnifique !&nbsp;\u00bb &nbsp;(Claire de Burbure, riveraine) &nbsp;&nbsp;&nbsp;<\/em><\/li><li><em>&nbsp;\u00ab&nbsp;Et tr\u00e8s polyvalent, puisqu&rsquo;on\npeut faire plein de choses en-dessous&nbsp;\u00bb ( Emile Etienne, 9 Rond point\nSchuman )<\/em><\/li><li><em>\u00ab&nbsp;Et \u00e7a d\u00e9limite\nbien le Rond-Point : ce n&rsquo;est plus un trou (une soustraction des b\u00e2timents\nautour)&nbsp;\u00bb (Hugues Belin, journaliste)<\/em><\/li><li><em>\u00ab\u00a0Quant \u00e0 l\u2019anneau\nde la pr\u00e9sidence allemande&nbsp;: j\u2019en ai un bon souvenir en effet&nbsp;\u00bb. (Barbara\nRapp, 9 Rond-point Schuman)<\/em><\/li><li><em>\u00ab\u00a0Tr\u00e8s bien! Ce\nserait formidable;&nbsp;\u00bb&nbsp; (Valerie Lepla, &nbsp;Pistolet Original) <\/em><\/li><li><em>\u00ab\u00a0Le cercle est tr\u00e8s\nbeau et symbolique&nbsp;serait en effet moderne et on pourrait y diffuser des\nmessages &nbsp;constamment&nbsp;\u00bb. (Nathalie Malivoir) <\/em><\/li><li><em>\u00ab &nbsp;Eclairage\nmagnifique\u00a0\u00bb &nbsp;(Christine\nLemaitre&nbsp;: d\u00e9corateur)<\/em><\/li><li><em>\u00ab&nbsp;C\u2019est tr\u00e8s\njoli&nbsp;\u00bb&nbsp;: (Jean Luc Cloetens ING)<\/em><\/li><li><em>\u00ab&nbsp;Ces lumi\u00e8res sont\nmagnifiques. Elles compl\u00e8tent parfaitement le rond-point et apportent une\ntouche design et chaleureuse aux b\u00e2timents environnants&nbsp;\u00bb (Caff\u00e9 Vergnano ,\n&nbsp;rond point Schuman 7 , Florence\nAzzolina)&nbsp;\u00bb.<\/em><\/li><li><em>\u00ab&nbsp;Such type and\napproach goes very well and is in harmony with the rond point&nbsp;\u00bb. (Thisvi\nEkmektzoglou).<\/em><\/li><li><em>\u00ab&nbsp;un cercle de\nlumi\u00e8re serait le symbole, au c\u0153ur du quartier europ\u00e9en, du rayonnement de\nBruxelles. Il pourrait, par des \u00e9clairages adapt\u00e9s, exprimer diff\u00e9rents moments\net \u00e9v\u00e9nements, bref , faire vivre ce quartier et la vie bruxelloise et\neurop\u00e9enne&nbsp;\u00bb France Soubeyran, riveraine, administrateur d\u00e9l\u00e9gu\u00e9es ASBL). <\/em><\/li><\/ol>\n\n\n\n<p><strong>Nous\nsommes tous demandeurs d\u2019une telle orientation qui a le m\u00e9rite de s\u2019inscrire dans\nla modernit\u00e9&nbsp;: mettre en valeur de la technologie contemporaine placerait\nr\u00e9solument Bruxelles et particuli\u00e8rement le rond point Schuman au centre de son\n\u00e9poque et dans l\u2019avenir.&nbsp; <\/strong><\/p>\n\n\n\n<p>Une telle d\u00e9cision permettrait de concilier tout \u00e0\nla fois originalit\u00e9, \u00e9l\u00e9gance, simplicit\u00e9, art, verdure et technologie en <strong>\u00e9vitant toute construction suppl\u00e9mentaire<\/strong>\npour d\u00e9gager un espace d\u00e9j\u00e0 surcharg\u00e9 de b\u00e9ton, de verre et de m\u00e9tal &nbsp;sans coh\u00e9rence. <\/p>\n\n\n\n<p>Ce style de r\u00e9alisation, a le m\u00e9rite de <strong>faire r\u00eaver<\/strong>, de structurer et de donner\nun sens \u00e0 l\u2019espace, d\u2019\u00eatre un excellent support de communications, <strong>d\u2019\u00eatre&nbsp;l\u00e9g\u00e8re<\/strong> (peu de poids pour les\nsous-sols satur\u00e9s) et d\u2019\u00eatre suffisamment <strong>a\u00e9rienne<\/strong>\npour ne pas&nbsp;perturber les activit\u00e9s au sol tout en permettant &nbsp;les nombreuses animations dont tout le\nquartier, y inclus les institutions, &nbsp;appr\u00e9cient les avantages. <\/p>\n\n\n\n<p>Nous souhaitons contribuer aux d\u00e9cisions&nbsp; qui concernent notre quartier et\ndemandons une consultation dans un esprit de transparence et de participation &nbsp;citoyenne. Nous sommes \u00e0 votre\ndisposition pour vous rencontrer dans les meilleurs d\u00e9lais. <\/p>\n\n\n\n<p><strong>Marion Wolfers<\/strong>, <em>Pr\u00e9sidente<\/em>, 25\/09\/2017<\/p>\n\n\n\n<p><strong>France Soubeyran<\/strong>, <em>Administrateur d\u00e9l\u00e9gu\u00e9e<\/em>, 25\/09\/2017<\/p>\n","protected":false},"excerpt":{"rendered":"<p>Cercle de lumi\u00e8re, de technologie, de modernit\u00e9\u2026 L\u2019ASBL Schuman Square, que vous connaissez bien, a \u00e9t\u00e9 constitu\u00e9e en 2013 en vue d\u2019animer, de rendre convivial, de participer \u00e0 la vie de cet AGORA au c\u0153ur de l\u2019Europe.&nbsp;&nbsp; A cet effet, nous suivons avec le plus grand int\u00e9r\u00eat vos r\u00e9flexions en vue du r\u00e9am\u00e9nagement de cet&hellip;<\/p>\n","protected":false},"author":1,"featured_media":0,"parent":0,"menu_order":0,"comment_status":"closed","ping_status":"closed","template":"","meta":[],"_links":{"self":[{"href":"https:\/\/schumansquare.net\/index.php\/wp-json\/wp\/v2\/pages\/356"}],"collection":[{"href":"https:\/\/schumansquare.net\/index.php\/wp-json\/wp\/v2\/pages"}],"about":[{"href":"https:\/\/schumansquare.net\/index.php\/wp-json\/wp\/v2\/types\/page"}],"author":[{"embeddable":true,"href":"https:\/\/schumansquare.net\/index.php\/wp-json\/wp\/v2\/users\/1"}],"replies":[{"embeddable":true,"href":"https:\/\/schumansquare.net\/index.php\/wp-json\/wp\/v2\/comments?post=356"}],"version-history":[{"count":7,"href":"https:\/\/schumansquare.net\/index.php\/wp-json\/wp\/v2\/pages\/356\/revisions"}],"predecessor-version":[{"id":651,"href":"https:\/\/schumansquare.net\/index.php\/wp-json\/wp\/v2\/pages\/356\/revisions\/651"}],"wp:attachment":[{"href":"https:\/\/schumansquare.net\/index.php\/wp-json\/wp\/v2\/media?parent=356"}],"curies":[{"name":"wp","href":"https:\/\/api.w.org\/{rel}","templated":true}]}}