{"id":38,"date":"2019-04-09T10:26:16","date_gmt":"2019-04-09T08:26:16","guid":{"rendered":"http:\/\/schumansquare.net\/?page_id=38"},"modified":"2019-04-23T15:11:39","modified_gmt":"2019-04-23T13:11:39","slug":"objectifs","status":"publish","type":"page","link":"https:\/\/schumansquare.net\/index.php\/objectifs\/","title":{"rendered":"Objectifs"},"content":{"rendered":"\n<p>En 2013, l\u2019\u2009ASBL Schuman Square s\u2019est engag\u00e9e pour dynamiser le quartier du rond-point Schuman et \u00eatre une force de propositions au moment des discussions men\u00e9es sur le r\u00e9am\u00e9nagement de l\u2019espace central d\u2019un des quartiers de Bruxelles le plus en vue sur la sc\u00e8ne internationale.<\/p>\n<p>Depuis sa cr\u00e9ation en 2013, l\u2019\u2009ASBL a exprim\u00e9 la volont\u00e9 d\u2019une <strong>approche constructive pour mettre en valeur l\u2019espace<\/strong> au centre du quartier europ\u00e9en, l\u2019animer, le rendre convivial.<\/p>\n<p><em>Pour ce p\u00e9rim\u00e8tre embl\u00e9matique, sollicit\u00e9 pour des manifestations quotidiennes diverses,<\/em><\/p>\n<h4>nous attendons\u2009:<\/h4>\n<p><\/p><li>un projet d\u2019avenir pour le quartier, int\u00e9gr\u00e9 dans l\u2019ensemble du territoire;<\/li>\n<li>la fin rapide et harmonieuse des chantiers en cours y compris une remise en \u00e9tat coh\u00e9rente de tous les abords;<\/li>\n<li>une bonne visibilit\u00e9 de toutes parts pour garantir la s\u00e9curit\u00e9 et le maintien de l\u2019ordre au quotidien;<\/li>\n<li>une autorit\u00e9 responsable de la gestion coordonn\u00e9e de l&rsquo;espace pour en assurer l\u2019entretien en terme de propret\u00e9, de s\u00e9curit\u00e9, d\u2019animation, d&rsquo;image, de convivialit\u00e9;<\/li>\n<li>l&rsquo;organisation d\u2019un dialogue avec l\u2019ensemble des parties.<\/li>\n<h3>nous demandons\u2009:<\/h3>\n<li>une signal\u00e9tique compr\u00e9hensible pour un quartier qui se pr\u00e9sente \u00e0 la face du monde et qui s\u2019explique;<\/li>\n<li><strong>un \u201cvide central accueillant\u201d;<\/strong><\/li>\n<li>un \u00e9clairage raffin\u00e9 pour mettre en valeur un paysage de verdure moins opaque qui inviterait les institutions europ\u00e9ennes \u00e0 descendre dans la rue, \u00e0 dialoguer avec les citoyens, \u00e0 rencontrer leurs voisins.<\/li>\n<h3>nous d\u00e9courageons\u2009:<\/h3>\n<li>un am\u00e9nagement fixe dans l\u2019\u00eelot central. Il serait contraignant et emp\u00eacherait toute cr\u00e9ativit\u00e9 \u00e9v\u00e9nementielle ou artistique<\/li>\n","protected":false},"excerpt":{"rendered":"<p>En 2013, l\u2019\u2009ASBL Schuman Square s\u2019est engag\u00e9e pour dynamiser le quartier du rond-point Schuman et \u00eatre une force de propositions au moment des discussions men\u00e9es sur le r\u00e9am\u00e9nagement de l\u2019espace central d\u2019un des quartiers de Bruxelles le plus en vue sur la sc\u00e8ne internationale. Depuis sa cr\u00e9ation en 2013, l\u2019\u2009ASBL a exprim\u00e9 la volont\u00e9 d\u2019une&hellip;<\/p>\n","protected":false},"author":1,"featured_media":0,"parent":0,"menu_order":0,"comment_status":"closed","ping_status":"closed","template":"","meta":[],"_links":{"self":[{"href":"https:\/\/schumansquare.net\/index.php\/wp-json\/wp\/v2\/pages\/38"}],"collection":[{"href":"https:\/\/schumansquare.net\/index.php\/wp-json\/wp\/v2\/pages"}],"about":[{"href":"https:\/\/schumansquare.net\/index.php\/wp-json\/wp\/v2\/types\/page"}],"author":[{"embeddable":true,"href":"https:\/\/schumansquare.net\/index.php\/wp-json\/wp\/v2\/users\/1"}],"replies":[{"embeddable":true,"href":"https:\/\/schumansquare.net\/index.php\/wp-json\/wp\/v2\/comments?post=38"}],"version-history":[{"count":3,"href":"https:\/\/schumansquare.net\/index.php\/wp-json\/wp\/v2\/pages\/38\/revisions"}],"predecessor-version":[{"id":690,"href":"https:\/\/schumansquare.net\/index.php\/wp-json\/wp\/v2\/pages\/38\/revisions\/690"}],"wp:attachment":[{"href":"https:\/\/schumansquare.net\/index.php\/wp-json\/wp\/v2\/media?parent=38"}],"curies":[{"name":"wp","href":"https:\/\/api.w.org\/{rel}","templated":true}]}}