{"id":388,"date":"2019-04-10T11:13:44","date_gmt":"2019-04-10T09:13:44","guid":{"rendered":"http:\/\/schumansquare.net\/?page_id=388"},"modified":"2019-04-18T11:34:41","modified_gmt":"2019-04-18T09:34:41","slug":"le-rond-point-schuman-et-lue","status":"publish","type":"page","link":"https:\/\/schumansquare.net\/index.php\/le-rond-point-schuman-et-lue\/","title":{"rendered":"Le Rond-Point Schuman et l\u2019UE"},"content":{"rendered":"\n<p>Sur le rond point Schuman, espace public central, les citoyens dialoguent avec leurs grands voisins, les Institutions europ\u00e9ennes et Belges.<br>Ensemble, ils se retrouvent dans la rue<\/p>\n\n\n\n<ul><li>la Commission, le Berlaymont<\/li><li>le Conseil des ministres<\/li><li>le service diplomatique: EEAS<\/li><li>la Banque europ\u00e9enne d\u2019investissement: BEI<\/li><li>le Parlement europ\u00e9en <\/li><\/ul>\n\n\n\n<p>Quelques exemples d\u2019\u00e9v\u00e9nements tr\u00e8s r\u00e9ussis organis\u00e9s avec les institutions sur le RPS<strong> :<\/strong><\/p>\n\n\n\n<ul><li><a href=\"http:\/\/schumansquare.net\/index.php\/chine-2018\/\">ann\u00e9e du tourisme EU-Chine: 2018<\/a><\/li><li><a href=\"http:\/\/schumansquare.net\/index.php\/corps-europeen-de-solidarite\/\">lancement du Corps europ\u00e9en de Solidarit\u00e9<\/a> : conf\u00e9rence de presse  avec la participation de plusieurs Commissaires Europ\u00e9ens<\/li><li>pr\u00e9sentation de la <a href=\"http:\/\/schumansquare.net\/index.php\/presentation-de-la-politique-de-qualite-de-la-dg-agri\/\">politique de qualit\u00e9 de la DG AGRI<\/a><\/li><li>projets de la DG Recherche<\/li><li><a href=\"http:\/\/schumansquare.net\/index.php\/eeas-et-ses-missions-dans-le-monde\/\">EEAS et ses missions dans le monde.<\/a> <\/li><\/ul>\n","protected":false},"excerpt":{"rendered":"<p>Sur le rond point Schuman, espace public central, les citoyens dialoguent avec leurs grands voisins, les Institutions europ\u00e9ennes et Belges.Ensemble, ils se retrouvent dans la rue la Commission, le Berlaymont le Conseil des ministres le service diplomatique: EEAS la Banque europ\u00e9enne d\u2019investissement: BEI le Parlement europ\u00e9en Quelques exemples d\u2019\u00e9v\u00e9nements tr\u00e8s r\u00e9ussis organis\u00e9s avec les institutions&hellip;<\/p>\n","protected":false},"author":1,"featured_media":0,"parent":0,"menu_order":0,"comment_status":"closed","ping_status":"closed","template":"","meta":[],"_links":{"self":[{"href":"https:\/\/schumansquare.net\/index.php\/wp-json\/wp\/v2\/pages\/388"}],"collection":[{"href":"https:\/\/schumansquare.net\/index.php\/wp-json\/wp\/v2\/pages"}],"about":[{"href":"https:\/\/schumansquare.net\/index.php\/wp-json\/wp\/v2\/types\/page"}],"author":[{"embeddable":true,"href":"https:\/\/schumansquare.net\/index.php\/wp-json\/wp\/v2\/users\/1"}],"replies":[{"embeddable":true,"href":"https:\/\/schumansquare.net\/index.php\/wp-json\/wp\/v2\/comments?post=388"}],"version-history":[{"count":6,"href":"https:\/\/schumansquare.net\/index.php\/wp-json\/wp\/v2\/pages\/388\/revisions"}],"predecessor-version":[{"id":640,"href":"https:\/\/schumansquare.net\/index.php\/wp-json\/wp\/v2\/pages\/388\/revisions\/640"}],"wp:attachment":[{"href":"https:\/\/schumansquare.net\/index.php\/wp-json\/wp\/v2\/media?parent=388"}],"curies":[{"name":"wp","href":"https:\/\/api.w.org\/{rel}","templated":true}]}}