{"id":390,"date":"2019-04-10T11:14:24","date_gmt":"2019-04-10T09:14:24","guid":{"rendered":"http:\/\/schumansquare.net\/?page_id=390"},"modified":"2019-04-17T11:42:13","modified_gmt":"2019-04-17T09:42:13","slug":"lorganisation-de-lue","status":"publish","type":"page","link":"https:\/\/schumansquare.net\/index.php\/lorganisation-de-lue\/","title":{"rendered":"La d\u00e9mocratie europ\u00e9enne"},"content":{"rendered":"\n<p>Voici un sch\u00e9ma de l&rsquo;organisation de la d\u00e9mocratie europ\u00e9enne:<\/p>\n\n\n<a href=\"https:\/\/schumansquare.net\/wp-content\/uploads\/2019\/04\/LA-DEMOCRATIE-EUROPE\u0301ENNE.pdf\" class=\"pdfemb-viewer\" style=\"\" data-width=\"max\" data-height=\"max\"  data-toolbar=\"bottom\" data-toolbar-fixed=\"off\">LA-DEMOCRATIE-EUROPE\u0301ENNE<br\/><\/a>\n<p class=\"wp-block-pdfemb-pdf-embedder-viewer\"><\/p>\n\n\n\n<p><\/p>\n","protected":false},"excerpt":{"rendered":"<p>Voici un sch\u00e9ma de l&rsquo;organisation de la d\u00e9mocratie europ\u00e9enne:<\/p>\n","protected":false},"author":1,"featured_media":0,"parent":0,"menu_order":0,"comment_status":"closed","ping_status":"closed","template":"","meta":[],"_links":{"self":[{"href":"https:\/\/schumansquare.net\/index.php\/wp-json\/wp\/v2\/pages\/390"}],"collection":[{"href":"https:\/\/schumansquare.net\/index.php\/wp-json\/wp\/v2\/pages"}],"about":[{"href":"https:\/\/schumansquare.net\/index.php\/wp-json\/wp\/v2\/types\/page"}],"author":[{"embeddable":true,"href":"https:\/\/schumansquare.net\/index.php\/wp-json\/wp\/v2\/users\/1"}],"replies":[{"embeddable":true,"href":"https:\/\/schumansquare.net\/index.php\/wp-json\/wp\/v2\/comments?post=390"}],"version-history":[{"count":5,"href":"https:\/\/schumansquare.net\/index.php\/wp-json\/wp\/v2\/pages\/390\/revisions"}],"predecessor-version":[{"id":589,"href":"https:\/\/schumansquare.net\/index.php\/wp-json\/wp\/v2\/pages\/390\/revisions\/589"}],"wp:attachment":[{"href":"https:\/\/schumansquare.net\/index.php\/wp-json\/wp\/v2\/media?parent=390"}],"curies":[{"name":"wp","href":"https:\/\/api.w.org\/{rel}","templated":true}]}}