{"id":396,"date":"2019-04-10T11:24:19","date_gmt":"2019-04-10T09:24:19","guid":{"rendered":"http:\/\/schumansquare.net\/?page_id=396"},"modified":"2019-04-10T11:28:12","modified_gmt":"2019-04-10T09:28:12","slug":"lavis-de-schuman-square-sur-lamenagement-du-rond-point","status":"publish","type":"page","link":"https:\/\/schumansquare.net\/index.php\/lavis-de-schuman-square-sur-lamenagement-du-rond-point\/","title":{"rendered":"L\u2019avis de Schuman Square sur l\u2019am\u00e9nagement du rond-point"},"content":{"rendered":"\n<p>28\/02\/2019<\/p>\n\n\n\n<p><strong>Agora Europe&nbsp;: espace de libre expression. &nbsp;<\/strong><\/p>\n\n\n\n<p><strong>Habiller l\u2019espace public et le mettre \u00e0 la disposition des citoyens. <\/strong><\/p>\n\n\n\n<p><strong>Nous remercions le ministre de s\u2019engager sur la voie d\u2019un r\u00e9am\u00e9nagement de qualit\u00e9 de l\u2019espace pour qu\u2019il devienne enfin le visuel de la capitale de l\u2019Europe de 500 millions de citoyens, un vaste lieu ouvert, &nbsp;d\u2019expression libre pour tous,<\/strong> Il&nbsp; accueille d\u00e9j\u00e0 aujourd\u2019hui des manifestations tous les jours.&nbsp; Globalement elles sont tr\u00e8s sympathiques et conviviales&nbsp; (rarement&nbsp; violentes gr\u00e2ce \u00e0 des services d\u2019ordre tr\u00e8s efficaces\u2026).&nbsp; <strong>Eviter l\u2019accumulation de &nbsp;contraintes qui rendraient l\u2019espace inaccessible et difficile \u00e0 utiliser<\/strong>\u2026.<\/p>\n\n\n\n<h2><strong>Acc\u00e8s <\/strong><\/h2>\n\n\n\n<p><strong>Les modifications substantielles de la\nmobilit\u00e9&nbsp; annonc\u00e9es posent de grandes questions&nbsp; qui appellent des r\u00e9ponses pr\u00e9alables\n.<\/strong><\/p>\n\n\n\n<p>Les choix qui\nseront fait n\u00e9cessitent une politique\/approche globale qui place le quartier\neurop\u00e9en dans le centre de la r\u00e9gion, de la ville et de quartiers tr\u00e8s habit\u00e9s.\n<\/p>\n\n\n\n<p>Un plan de\nmobilit\u00e9 d\u00e9taill\u00e9 s\u2019impose accompagn\u00e9&nbsp;\nde l\u2019analyse des cons\u00e9quences des d\u00e9cisions prises \u00e0&nbsp; tous les niveaux&nbsp;: <\/p>\n\n\n\n<ul><li>Cortenbergh \u00e0 deux bandes&nbsp;: quid\nen&nbsp; amont,&nbsp; risques de report dans les quartiers,\nquid du carrefour devant la Mosqu\u00e9e qui n\u2019apparait pas sur les &nbsp;plans actuellement pr\u00e9sent\u00e9s<\/li><li>Joyeuse -Entr\u00e9e \u00e0 double&nbsp; sens: risque d\u2019\u00eatre coup\u00e9e du\nprojet&nbsp; de \u00ab&nbsp;coul\u00e9e verte&nbsp;\u00bb\npar une surcharge de trafic. Quasi suppression des trottoirs ce qui pose de\nnombreuses questions&nbsp;: <\/li><li>seul passage\npi\u00e9tons pendant les Sommets, <\/li><li>quid des\nterrasses,&nbsp; livraisons, visiteurs,\nriverains . Acc\u00e8s pour les tonnes de livraisons quotidiennes&nbsp; pour&nbsp; EEAS et les diff\u00e9rentes installations sportives, Horeca,\nriverains qui assurent des points de convivialit\u00e9 dans le quartier.<\/li><li>Comment am\u00e9liorer les liens avec le sud\nde Bruxelles actuellement satur\u00e9s \u00e0 partir de Gray, Jourdan, Malibran\u2026<\/li><li>Quels acc\u00e8s pour la multitude de petits\nbureaux qui font la richesse du dialogue europ\u00e9en. Ex Breydel, Joyeuse-Entr\u00e9e..&nbsp;\nIl y a plus de 250 bureaux&nbsp;, tous secteurs et toutes nationalit\u00e9s dans le\nquartier qui font partie du dialogue europ\u00e9en. <\/li><li>Envisager le d\u00e9placement d\u00e9finitif des <strong>arr\u00eats de bus<\/strong> pour \u00e9viter que la STIB\nne doive informer,&nbsp; organiser des\nchangements et des d\u00e9viations \u00e0 chaque Sommet et \u00e0 la police de les g\u00e9rer<\/li><li><strong>Installer des Abribus<\/strong>&nbsp;: vu l\u2019abondance des usagers (image de Bruxelles)<\/li><li>Pr\u00e9voir des <strong>espaces de parkings alternatifs pour compenser les pertes&nbsp;: <\/strong>&nbsp;\u00e9viter d\u2019isoler le quartier (nombreux\nvisiteurs). Communication, signal\u00e9tique claire. <\/li><li>Consid\u00e9rer la mise en place de bus \u00e0\nplus petite capacit\u00e9 mais plus hautes fr\u00e9quences et mieux adapt\u00e9s \u00e0 un centre\nde ville (beaucoup de villes ont adopt\u00e9 ce syst\u00e8me)<\/li><li>Syst\u00e8me de gestion des acc\u00e8s&nbsp;??<\/li><\/ul>\n\n\n\n<h2><strong>Symbolisme, \u00e9ducation, dialogue, rencontres, ouverture de l\u2019espace, message<\/strong>\u2026 <\/h2>\n\n\n\n<p>L\u2019am\u00e9nagement de\nla future AGORA de l\u2019EUROPE et de ses abords doit correspondre \u00e0 l\u2019id\u00e9e que\nnous nous faisons <strong>d\u2019une Europe ouverte\nport\u00e9e par ses citoyens<\/strong>. Elle attire le monde entier qui se presse entre le\nConseil des ministres, la Commission et le parc du Cinquantenaire&nbsp; qui en sont les attractions principales\n(n\u00e9cessit\u00e9 de maintenir cette perspective historique). <\/p>\n\n\n\n<p>Cet espace, si mal\nvaloris\u00e9, est&nbsp; le seul lieu de&nbsp; l\u2019axe de la rue de la Loi \u00e0 faire du <strong>lien&nbsp;\nsocial entre des institutions politiques et les quartier voisins, ses\ncitoyens et ses usagers de toute sorte.<\/strong> <\/p>\n\n\n\n<p>L\u2019objectif\nessentiel \u00e0 atteindre pour le nouvel am\u00e9nagement est de s\u2019inscrire dans une\nlogique de fluidit\u00e9, d\u2019ouverture, de rencontre et de transparence.&nbsp; Les Institutions doivent venir dans la\nrue, \u00e0 la rencontre de tous en&nbsp;\nconfiance et s\u00e9curit\u00e9. &nbsp;<\/p>\n\n\n\n<p><strong>L\u2019Europe doit s\u2019ouvrir aux citoyens qui\nse posent de plus en plus de questions<\/strong>. <\/p>\n\n\n\n<p>Elle doit se\npr\u00e9senter au public, expliquer son r\u00f4le, son apport dans la vie quotidienne de\nchacun. &nbsp;<\/p>\n\n\n\n<p>L\u2019am\u00e9nagement de\nl\u2018espace doit exprimer cette logique de <strong>dialogue,\nd\u2019ouverture, d\u2019explication.&nbsp;<\/strong><\/p>\n\n\n\n<p><strong>Il <\/strong>&nbsp;faut placer <strong>\u00e9crans, cartes, signal\u00e9tiques,\ncommunication, drapeaux&nbsp;. Donner de la vie, de la couleur, de la verdure.&nbsp; Faire de la p\u00e9dagogie, donner du\nplaisir et de l\u2019interactif.<\/strong><\/p>\n\n\n\n<h2><strong>\u00c9viter de morceler l\u2019\u00eel\u00f4t central, le phare de l\u2019histoire. <\/strong><\/h2>\n\n\n\n<p><strong>Quelle est la symbolique europ\u00e9enne\nd\u2019un entonnoir <\/strong><strong>dans un espace d\u00e9j\u00e0 satur\u00e9 de\nconstructions incoh\u00e9rentes<\/strong><strong>.&nbsp;? L\u2019accumulation des contraintes\npr\u00e9vues semble impressionnante&nbsp;et risque de rendre l\u2019espace inutilisable\npour de grands \u00e9v\u00e9nements et d\u2019\u00e9loigner au lieu de rapprocher. <\/strong><\/p>\n\n\n\n<p><strong>Dans 1.800 m2, 1. 385 m2 et 995 m2\n(page 44)&nbsp; il faudrait placer&nbsp;:\n&nbsp;<\/strong><\/p>\n\n\n\n<ul><li>Un mur de s\u00e9curit\u00e9 sur la moiti\u00e9 nord\nde l\u2019espace (p 23)<\/li><li>Un auvent, partiellement \u00e0 ciel ouvert (p 24) <\/li><li>Un entonnoir&nbsp;rassemblant les eaux de pluie dans\nle centre (p 12)<\/li><li>Une ouverture d\u00e9centr\u00e9e&nbsp;tr\u00e8s&nbsp; difficile \u00e0 g\u00e9rer pour de\nl\u2019\u00e9v\u00e9nementiel <\/li><li>Des marches, des gradins, un sol irr\u00e9gulier, voir\ndangereux et difficile d\u2019acc\u00e8s pour les PMR&nbsp; (pages 11,&nbsp; 12 ,\n46)&nbsp; <\/li><li>Un seul acc\u00e8s dans un espace tr\u00e8s mouvement\u00e9 (page 43)<\/li><li>Des miroirs&nbsp;fragiles lors de manifestations. Les\nmiroirs renvoient \u00e0 une image de soi-m\u00eame et risque de refermer et non\nd\u2019ouvrir. Le Berlaymont est l\u2019image de marque que le monde entier vient voir.\nAu point de vue didactique il doit en \u00eatre ainsi. Le public vient voir\nl\u2019Europe\u2026.<\/li><li>De la verdure sur le toit. Qui en profitera . Devra\n\u00eatre parfaitement entretenue pour que les Institutions aient une belle vue\u2026<\/li><li>Attention \u00e0 la chaleur en \u00e9t\u00e9 dans un espace\nessentiellement min\u00e9ral <\/li><li>Et quid des vents \u2026<\/li><\/ul>\n\n\n\n<h2><strong>Pr\u00e9sentation sur place de Plans et Maquettes lisibles pour tous.  <\/strong><\/h2>\n\n\n\n<p><strong>Nous proposons la pr\u00e9sentation de PLANS\net de MAQUETTES tr\u00e8s pr\u00e9cises pour une bonne compr\u00e9hension par tous. Les plans\ntels que pr\u00e9sent\u00e9s sont difficiles \u00e0 lire pour des non-initi\u00e9s&nbsp;: il manque\ndes dimensions pr\u00e9cises, des vues en coupes, des explications (absences de\nl\u00e9gendes), identification claire des parties pleins pieds. Tr\u00e8s difficile \u00e0\nimaginer, \u00e0 visualiser\u2026<\/strong><\/p>\n\n\n\n<h2><strong>Rappel de nos propositions\u00a0 dont certaines ont d\u00e9j\u00e0 \u00e9t\u00e9 prises en consid\u00e9ration.\u00a0 <\/strong><\/h2>\n\n\n\n<p>En conclusions\nnous rappelons&nbsp; nos principales\ndemandes&nbsp;dans l\u2019ensemble de l\u2019espace depuis l\u2019entr\u00e9e du Cinquantenaire\njusqu\u2019\u00e0 la tr\u00e9mie de la rue de la LOI. Nous savons que certaines ont d\u00e9j\u00e0\nretenu votre attention.<\/p>\n\n\n\n<ul><li>Il faut \u00e0 certaines occasions pouvoir placer une\ngrande <strong>marquise centrale<\/strong> ,\nsymbolique, \u00e9ph\u00e9m\u00e8re. Nous sommes ouverts \u00e0 toute proposition&nbsp; int\u00e9ressante.&nbsp; <\/li><li><strong>Eviter le tout min\u00e9ral<\/strong>&nbsp;: l\u2019espace doit \u00eatre mis en\nvaleur par une v\u00e9g\u00e9tation adapt\u00e9e qui donne de la vie, du naturel .. Mise en valeur de l\u2019expertise des\npaysagistes Belge. &nbsp; \u2026 <\/li><li>Installation d\u2019un <strong>syst\u00e8me\n\u00e9lectrique<\/strong> puissant dans tout l\u2019espace&nbsp;: une priorit\u00e9. <\/li><li>Eclairage cr\u00e9ation d\u2019ambiance et de\ns\u00e9curit\u00e9&nbsp;: indirecte dans les plantes\/arbres\u2026 dans le sol, r\u00e9verb\u00e8res \u2026.<\/li><li>Solutions \u00e9l\u00e9gantes pour les <strong>poubelles<\/strong>&nbsp;r\u00e9guli\u00e8rement scell\u00e9es pendant les \u00e9v\u00e9nements, les\nSommets. Mise en sous-sol. Bulles \u00e0 verre. <\/li><li><strong>Toilettes publiques<\/strong><\/li><li>Espace de <strong>stockage\n<\/strong>de mat\u00e9riel pendant les \u00e9v\u00e9nements&nbsp;: s\u00e9curit\u00e9, anti-vols<\/li><li><strong>Mobilier <\/strong>accueillant et\nbien entretenu <\/li><li><strong>Etanch\u00e9it\u00e9<\/strong>&nbsp;: assurer\nl\u2019\u00e9coulement de l\u2019eau (et du lait ou autre \u00e0 l\u2019occasion&nbsp;! )<\/li><li>Entretenir les <strong>trottoirs<\/strong>, les arr\u00eats de bus, dans tout le quartier\u2026<\/li><li>De mani\u00e8re g\u00e9n\u00e9rale am\u00e9liorer la <strong>signal\u00e9tique<\/strong> du quartier y compris une\nindication facile et claire des b\u00e2timents des institutions (les riverains ne\nsont pas des agences de renseignements\u2026). <\/li><li><strong>Nettoyage et \u00e9clairage des statues \u00e0 l\u2019entr\u00e9e du parc du Cinquantenaire<\/strong>: s\u00e9curit\u00e9,&nbsp; structuration de l\u2019espace,&nbsp; pr\u00e9servation du patrimoine .. <\/li><li><strong>Trottoirs devant l\u2019ambassade du UK&nbsp;<\/strong>: rappel des promesses faites depuis des ann\u00e9es <\/li><\/ul>\n\n\n\n<h2><strong>Gestion parfaite des chantiers et la coh\u00e9rence des finitions : calendriers pr\u00e9cis \u00e0 respecter.<\/strong><\/h2>\n","protected":false},"excerpt":{"rendered":"<p>28\/02\/2019 Agora Europe&nbsp;: espace de libre expression. &nbsp; Habiller l\u2019espace public et le mettre \u00e0 la disposition des citoyens. Nous remercions le ministre de s\u2019engager sur la voie d\u2019un r\u00e9am\u00e9nagement de qualit\u00e9 de l\u2019espace pour qu\u2019il devienne enfin le visuel de la capitale de l\u2019Europe de 500 millions de citoyens, un vaste lieu ouvert, &nbsp;d\u2019expression&hellip;<\/p>\n","protected":false},"author":1,"featured_media":0,"parent":0,"menu_order":0,"comment_status":"closed","ping_status":"closed","template":"","meta":[],"_links":{"self":[{"href":"https:\/\/schumansquare.net\/index.php\/wp-json\/wp\/v2\/pages\/396"}],"collection":[{"href":"https:\/\/schumansquare.net\/index.php\/wp-json\/wp\/v2\/pages"}],"about":[{"href":"https:\/\/schumansquare.net\/index.php\/wp-json\/wp\/v2\/types\/page"}],"author":[{"embeddable":true,"href":"https:\/\/schumansquare.net\/index.php\/wp-json\/wp\/v2\/users\/1"}],"replies":[{"embeddable":true,"href":"https:\/\/schumansquare.net\/index.php\/wp-json\/wp\/v2\/comments?post=396"}],"version-history":[{"count":4,"href":"https:\/\/schumansquare.net\/index.php\/wp-json\/wp\/v2\/pages\/396\/revisions"}],"predecessor-version":[{"id":400,"href":"https:\/\/schumansquare.net\/index.php\/wp-json\/wp\/v2\/pages\/396\/revisions\/400"}],"wp:attachment":[{"href":"https:\/\/schumansquare.net\/index.php\/wp-json\/wp\/v2\/media?parent=396"}],"curies":[{"name":"wp","href":"https:\/\/api.w.org\/{rel}","templated":true}]}}