{"id":42,"date":"2019-04-09T10:31:45","date_gmt":"2019-04-09T08:31:45","guid":{"rendered":"http:\/\/schumansquare.net\/?page_id=42"},"modified":"2020-05-11T16:05:14","modified_gmt":"2020-05-11T14:05:14","slug":"evenements","status":"publish","type":"page","link":"https:\/\/schumansquare.net\/index.php\/evenements\/","title":{"rendered":"\u00c9v\u00e9nements"},"content":{"rendered":"\n<p>Schuman Square ASBL  \u2014 soutenue par la R\u00e9gion Bruxelles-Capitale, la ville de Bruxelles, les Institutions europ\u00e9ennes, les Repr\u00e9sentations Permanentes, les bureaux des r\u00e9gions, les riverains \u2014 organise ou co-organise tout au long des ann\u00e9es, depuis 2013, une s\u00e9rie d\u2019\u00e9v\u00e9nements sur le rond-point Schuman comme par exemple:<\/p>\n\n\n\n<ul><li>La F\u00eate des pains au printemps<\/li><li>Le Comit\u00e9 de Solidarit\u00e9 Europ\u00e9en<\/li><li>L&rsquo;hommage aux P\u00e8res Fondateurs de l\u2019Europe<\/li><li>Schuman Light Up en d\u00e9cembre<\/li><li>Europeannes<\/li><li>Tournois d\u2019\u00e9checs<\/li><li>La semaine europ\u00e9enne du sport<\/li><li>Hanukka<\/li><li>On danse sur le rond-point<\/li><li>La semaine de la mobilit\u00e9<\/li><\/ul>\n\n\n\n<p><\/p>\n","protected":false},"excerpt":{"rendered":"<p>Schuman Square ASBL \u2014 soutenue par la R\u00e9gion Bruxelles-Capitale, la ville de Bruxelles, les Institutions europ\u00e9ennes, les Repr\u00e9sentations Permanentes, les bureaux des r\u00e9gions, les riverains \u2014 organise ou co-organise tout au long des ann\u00e9es, depuis 2013, une s\u00e9rie d\u2019\u00e9v\u00e9nements sur le rond-point Schuman comme par exemple: La F\u00eate des pains au printemps Le Comit\u00e9 de&hellip;<\/p>\n","protected":false},"author":1,"featured_media":0,"parent":0,"menu_order":0,"comment_status":"closed","ping_status":"closed","template":"","meta":[],"_links":{"self":[{"href":"https:\/\/schumansquare.net\/index.php\/wp-json\/wp\/v2\/pages\/42"}],"collection":[{"href":"https:\/\/schumansquare.net\/index.php\/wp-json\/wp\/v2\/pages"}],"about":[{"href":"https:\/\/schumansquare.net\/index.php\/wp-json\/wp\/v2\/types\/page"}],"author":[{"embeddable":true,"href":"https:\/\/schumansquare.net\/index.php\/wp-json\/wp\/v2\/users\/1"}],"replies":[{"embeddable":true,"href":"https:\/\/schumansquare.net\/index.php\/wp-json\/wp\/v2\/comments?post=42"}],"version-history":[{"count":5,"href":"https:\/\/schumansquare.net\/index.php\/wp-json\/wp\/v2\/pages\/42\/revisions"}],"predecessor-version":[{"id":1160,"href":"https:\/\/schumansquare.net\/index.php\/wp-json\/wp\/v2\/pages\/42\/revisions\/1160"}],"wp:attachment":[{"href":"https:\/\/schumansquare.net\/index.php\/wp-json\/wp\/v2\/media?parent=42"}],"curies":[{"name":"wp","href":"https:\/\/api.w.org\/{rel}","templated":true}]}}