{"id":46,"date":"2019-04-09T10:36:24","date_gmt":"2019-04-09T08:36:24","guid":{"rendered":"http:\/\/schumansquare.net\/?page_id=46"},"modified":"2019-04-15T09:23:57","modified_gmt":"2019-04-15T07:23:57","slug":"corps-europeen-de-solidarite","status":"publish","type":"page","link":"https:\/\/schumansquare.net\/index.php\/corps-europeen-de-solidarite\/","title":{"rendered":"Corps Europ\u00e9en de Solidarit\u00e9"},"content":{"rendered":"\n<p>La Commission et la Presse se retrouvent sur le rond- point Schuman pour le lancement du Corps europ\u00e9en de Solidarit\u00e9 : <br>programme europ\u00e9en qui vise \u00e0 donner \u00e0 des jeunes de 17 \u00e0 30 ans les possibilit\u00e9s de se porter volontaires dans le cadre de projets dans leur pays ou \u00e0 l\u2019\u00e9tranger dans toute l\u2019Europe. <\/p>\n\n\n\n[ngg src=\u00a0\u00bbgalleries\u00a0\u00bb ids=\u00a0\u00bb14&Prime; display=\u00a0\u00bbbasic_thumbnail\u00a0\u00bb]\n","protected":false},"excerpt":{"rendered":"<p>La Commission et la Presse se retrouvent sur le rond- point Schuman pour le lancement du Corps europ\u00e9en de Solidarit\u00e9 : programme europ\u00e9en qui vise \u00e0 donner \u00e0 des jeunes de 17 \u00e0 30 ans les possibilit\u00e9s de se porter volontaires dans le cadre de projets dans leur pays ou \u00e0 l\u2019\u00e9tranger dans toute l\u2019Europe.<\/p>\n","protected":false},"author":1,"featured_media":0,"parent":0,"menu_order":0,"comment_status":"closed","ping_status":"closed","template":"","meta":[],"_links":{"self":[{"href":"https:\/\/schumansquare.net\/index.php\/wp-json\/wp\/v2\/pages\/46"}],"collection":[{"href":"https:\/\/schumansquare.net\/index.php\/wp-json\/wp\/v2\/pages"}],"about":[{"href":"https:\/\/schumansquare.net\/index.php\/wp-json\/wp\/v2\/types\/page"}],"author":[{"embeddable":true,"href":"https:\/\/schumansquare.net\/index.php\/wp-json\/wp\/v2\/users\/1"}],"replies":[{"embeddable":true,"href":"https:\/\/schumansquare.net\/index.php\/wp-json\/wp\/v2\/comments?post=46"}],"version-history":[{"count":2,"href":"https:\/\/schumansquare.net\/index.php\/wp-json\/wp\/v2\/pages\/46\/revisions"}],"predecessor-version":[{"id":516,"href":"https:\/\/schumansquare.net\/index.php\/wp-json\/wp\/v2\/pages\/46\/revisions\/516"}],"wp:attachment":[{"href":"https:\/\/schumansquare.net\/index.php\/wp-json\/wp\/v2\/media?parent=46"}],"curies":[{"name":"wp","href":"https:\/\/api.w.org\/{rel}","templated":true}]}}