{"id":48,"date":"2019-04-09T10:39:06","date_gmt":"2019-04-09T08:39:06","guid":{"rendered":"http:\/\/schumansquare.net\/?page_id=48"},"modified":"2022-04-04T17:50:01","modified_gmt":"2022-04-04T15:50:01","slug":"hommage-aux-peres-fondateurs","status":"publish","type":"page","link":"https:\/\/schumansquare.net\/index.php\/hommage-aux-peres-fondateurs\/","title":{"rendered":"Hommage aux P\u00e8res Fondateurs &#8211; 05\/2019"},"content":{"rendered":"\n<div class=\"wp-block-image\"><figure class=\"aligncenter is-resized\"><img loading=\"lazy\" src=\"http:\/\/schumansquare.net\/wp-content\/uploads\/2019\/04\/9mai.jpeg\" alt=\"\" class=\"wp-image-609\" width=\"480\" height=\"480\" srcset=\"https:\/\/schumansquare.net\/wp-content\/uploads\/2019\/04\/9mai.jpeg 480w, https:\/\/schumansquare.net\/wp-content\/uploads\/2019\/04\/9mai-150x150.jpeg 150w, https:\/\/schumansquare.net\/wp-content\/uploads\/2019\/04\/9mai-300x300.jpeg 300w\" sizes=\"(max-width: 480px) 100vw, 480px\" \/><\/figure><\/div>\n\n\n<a href=\"https:\/\/schumansquare.net\/wp-content\/uploads\/2019\/04\/EuropeDay_programme.pdf\" class=\"pdfemb-viewer\" style=\"\" data-width=\"max\" data-height=\"max\"  data-toolbar=\"bottom\" data-toolbar-fixed=\"off\">EuropeDay_programme<br\/><\/a>\n<p class=\"wp-block-pdfemb-pdf-embedder-viewer\"><\/p>\n\n\n\n<p>Quelques images des c\u00e9r\u00e9monies pr\u00e9c\u00e9dentes :<\/p>\n\n\n\n[ngg src=\u00a0\u00bbgalleries\u00a0\u00bb ids=\u00a0\u00bb4,9&Prime; display=\u00a0\u00bbbasic_thumbnail\u00a0\u00bb]\n\n\n","protected":false},"excerpt":{"rendered":"<p>Quelques images des c\u00e9r\u00e9monies pr\u00e9c\u00e9dentes :<\/p>\n","protected":false},"author":1,"featured_media":0,"parent":0,"menu_order":0,"comment_status":"closed","ping_status":"closed","template":"","meta":[],"_links":{"self":[{"href":"https:\/\/schumansquare.net\/index.php\/wp-json\/wp\/v2\/pages\/48"}],"collection":[{"href":"https:\/\/schumansquare.net\/index.php\/wp-json\/wp\/v2\/pages"}],"about":[{"href":"https:\/\/schumansquare.net\/index.php\/wp-json\/wp\/v2\/types\/page"}],"author":[{"embeddable":true,"href":"https:\/\/schumansquare.net\/index.php\/wp-json\/wp\/v2\/users\/1"}],"replies":[{"embeddable":true,"href":"https:\/\/schumansquare.net\/index.php\/wp-json\/wp\/v2\/comments?post=48"}],"version-history":[{"count":8,"href":"https:\/\/schumansquare.net\/index.php\/wp-json\/wp\/v2\/pages\/48\/revisions"}],"predecessor-version":[{"id":1817,"href":"https:\/\/schumansquare.net\/index.php\/wp-json\/wp\/v2\/pages\/48\/revisions\/1817"}],"wp:attachment":[{"href":"https:\/\/schumansquare.net\/index.php\/wp-json\/wp\/v2\/media?parent=48"}],"curies":[{"name":"wp","href":"https:\/\/api.w.org\/{rel}","templated":true}]}}