{"id":500,"date":"2019-04-13T12:16:56","date_gmt":"2019-04-13T10:16:56","guid":{"rendered":"http:\/\/schumansquare.net\/?page_id=500"},"modified":"2022-04-04T17:42:50","modified_gmt":"2022-04-04T15:42:50","slug":"nos-prochains-evenements-du-4-au-10-mai-2019","status":"publish","type":"page","link":"https:\/\/schumansquare.net\/index.php\/nos-prochains-evenements-du-4-au-10-mai-2019\/","title":{"rendered":"Semaine de la mobilit\u00e9 &#8211; 09\/2019"},"content":{"rendered":"\n<h3>Le 16 septembre 2019, Violeta Bulc, commissaire europ\u00e9enne de la mobilit\u00e9 et le ministre F\u00e9d\u00e9ral belge, Fran\u00e7ois Bellot, entour\u00e9s des Repr\u00e9sentations Permanentes, &nbsp; inaugurent la semaine europ\u00e9enne de la mobilit\u00e9&nbsp;dans le d\u00e9cor mis en place par&nbsp;l\u2019ASBL Schuman Square.<\/h3>\n\n\n\n<figure class=\"wp-block-gallery columns-3 is-cropped\"><ul class=\"blocks-gallery-grid\"><li class=\"blocks-gallery-item\"><figure><img loading=\"lazy\" width=\"640\" height=\"480\" src=\"http:\/\/schumansquare.net\/wp-content\/uploads\/2020\/05\/IMG_0379.jpeg\" alt=\"\" data-id=\"1059\" data-link=\"http:\/\/schumansquare.net\/index.php\/nos-prochains-evenements-du-4-au-10-mai-2019\/img_0379\/\" class=\"wp-image-1059\" srcset=\"https:\/\/schumansquare.net\/wp-content\/uploads\/2020\/05\/IMG_0379.jpeg 640w, https:\/\/schumansquare.net\/wp-content\/uploads\/2020\/05\/IMG_0379-300x225.jpeg 300w, https:\/\/schumansquare.net\/wp-content\/uploads\/2020\/05\/IMG_0379-120x90.jpeg 120w\" sizes=\"(max-width: 640px) 100vw, 640px\" \/><\/figure><\/li><li class=\"blocks-gallery-item\"><figure><img loading=\"lazy\" width=\"640\" height=\"480\" src=\"http:\/\/schumansquare.net\/wp-content\/uploads\/2020\/05\/IMG_0380.jpeg\" alt=\"\" data-id=\"1060\" data-link=\"http:\/\/schumansquare.net\/index.php\/nos-prochains-evenements-du-4-au-10-mai-2019\/img_0380\/\" class=\"wp-image-1060\" srcset=\"https:\/\/schumansquare.net\/wp-content\/uploads\/2020\/05\/IMG_0380.jpeg 640w, https:\/\/schumansquare.net\/wp-content\/uploads\/2020\/05\/IMG_0380-300x225.jpeg 300w, https:\/\/schumansquare.net\/wp-content\/uploads\/2020\/05\/IMG_0380-120x90.jpeg 120w\" sizes=\"(max-width: 640px) 100vw, 640px\" \/><\/figure><\/li><li class=\"blocks-gallery-item\"><figure><img loading=\"lazy\" width=\"640\" height=\"480\" src=\"http:\/\/schumansquare.net\/wp-content\/uploads\/2020\/05\/IMG_0385.jpeg\" alt=\"\" data-id=\"1061\" data-link=\"http:\/\/schumansquare.net\/index.php\/nos-prochains-evenements-du-4-au-10-mai-2019\/img_0385\/\" class=\"wp-image-1061\" srcset=\"https:\/\/schumansquare.net\/wp-content\/uploads\/2020\/05\/IMG_0385.jpeg 640w, https:\/\/schumansquare.net\/wp-content\/uploads\/2020\/05\/IMG_0385-300x225.jpeg 300w, https:\/\/schumansquare.net\/wp-content\/uploads\/2020\/05\/IMG_0385-120x90.jpeg 120w\" sizes=\"(max-width: 640px) 100vw, 640px\" \/><\/figure><\/li><li class=\"blocks-gallery-item\"><figure><img loading=\"lazy\" width=\"640\" height=\"480\" src=\"http:\/\/schumansquare.net\/wp-content\/uploads\/2020\/05\/IMG_0387.jpeg\" alt=\"\" data-id=\"1062\" data-link=\"http:\/\/schumansquare.net\/index.php\/nos-prochains-evenements-du-4-au-10-mai-2019\/img_0387\/\" class=\"wp-image-1062\" srcset=\"https:\/\/schumansquare.net\/wp-content\/uploads\/2020\/05\/IMG_0387.jpeg 640w, https:\/\/schumansquare.net\/wp-content\/uploads\/2020\/05\/IMG_0387-300x225.jpeg 300w, https:\/\/schumansquare.net\/wp-content\/uploads\/2020\/05\/IMG_0387-120x90.jpeg 120w\" sizes=\"(max-width: 640px) 100vw, 640px\" \/><\/figure><\/li><li class=\"blocks-gallery-item\"><figure><img loading=\"lazy\" width=\"640\" height=\"480\" src=\"http:\/\/schumansquare.net\/wp-content\/uploads\/2020\/05\/IMG_0388.jpeg\" alt=\"\" data-id=\"1063\" data-link=\"http:\/\/schumansquare.net\/index.php\/nos-prochains-evenements-du-4-au-10-mai-2019\/img_0388\/\" class=\"wp-image-1063\" srcset=\"https:\/\/schumansquare.net\/wp-content\/uploads\/2020\/05\/IMG_0388.jpeg 640w, https:\/\/schumansquare.net\/wp-content\/uploads\/2020\/05\/IMG_0388-300x225.jpeg 300w, https:\/\/schumansquare.net\/wp-content\/uploads\/2020\/05\/IMG_0388-120x90.jpeg 120w\" sizes=\"(max-width: 640px) 100vw, 640px\" \/><\/figure><\/li><li class=\"blocks-gallery-item\"><figure><img loading=\"lazy\" width=\"640\" height=\"480\" src=\"http:\/\/schumansquare.net\/wp-content\/uploads\/2020\/05\/IMG_0395.jpeg\" alt=\"\" data-id=\"1064\" data-link=\"http:\/\/schumansquare.net\/index.php\/nos-prochains-evenements-du-4-au-10-mai-2019\/img_0395\/\" class=\"wp-image-1064\" srcset=\"https:\/\/schumansquare.net\/wp-content\/uploads\/2020\/05\/IMG_0395.jpeg 640w, https:\/\/schumansquare.net\/wp-content\/uploads\/2020\/05\/IMG_0395-300x225.jpeg 300w, https:\/\/schumansquare.net\/wp-content\/uploads\/2020\/05\/IMG_0395-120x90.jpeg 120w\" sizes=\"(max-width: 640px) 100vw, 640px\" \/><\/figure><\/li><li class=\"blocks-gallery-item\"><figure><img loading=\"lazy\" width=\"640\" height=\"480\" src=\"http:\/\/schumansquare.net\/wp-content\/uploads\/2020\/05\/IMG_0397.jpeg\" alt=\"\" data-id=\"1065\" data-link=\"http:\/\/schumansquare.net\/index.php\/nos-prochains-evenements-du-4-au-10-mai-2019\/img_0397\/\" class=\"wp-image-1065\" srcset=\"https:\/\/schumansquare.net\/wp-content\/uploads\/2020\/05\/IMG_0397.jpeg 640w, https:\/\/schumansquare.net\/wp-content\/uploads\/2020\/05\/IMG_0397-300x225.jpeg 300w, https:\/\/schumansquare.net\/wp-content\/uploads\/2020\/05\/IMG_0397-120x90.jpeg 120w\" sizes=\"(max-width: 640px) 100vw, 640px\" \/><\/figure><\/li><li class=\"blocks-gallery-item\"><figure><img loading=\"lazy\" width=\"480\" height=\"640\" src=\"http:\/\/schumansquare.net\/wp-content\/uploads\/2020\/05\/IMG_0404.jpeg\" alt=\"\" data-id=\"1066\" data-link=\"http:\/\/schumansquare.net\/index.php\/nos-prochains-evenements-du-4-au-10-mai-2019\/img_0404\/\" class=\"wp-image-1066\" srcset=\"https:\/\/schumansquare.net\/wp-content\/uploads\/2020\/05\/IMG_0404.jpeg 480w, https:\/\/schumansquare.net\/wp-content\/uploads\/2020\/05\/IMG_0404-225x300.jpeg 225w\" sizes=\"(max-width: 480px) 100vw, 480px\" \/><\/figure><\/li><li class=\"blocks-gallery-item\"><figure><img loading=\"lazy\" width=\"640\" height=\"360\" src=\"http:\/\/schumansquare.net\/wp-content\/uploads\/2020\/05\/IMG_0406.jpeg\" alt=\"\" data-id=\"1067\" data-link=\"http:\/\/schumansquare.net\/index.php\/nos-prochains-evenements-du-4-au-10-mai-2019\/img_0406\/\" class=\"wp-image-1067\" srcset=\"https:\/\/schumansquare.net\/wp-content\/uploads\/2020\/05\/IMG_0406.jpeg 640w, https:\/\/schumansquare.net\/wp-content\/uploads\/2020\/05\/IMG_0406-300x169.jpeg 300w, https:\/\/schumansquare.net\/wp-content\/uploads\/2020\/05\/IMG_0406-540x304.jpeg 540w\" sizes=\"(max-width: 640px) 100vw, 640px\" \/><\/figure><\/li><\/ul><\/figure>\n","protected":false},"excerpt":{"rendered":"<p>Le 16 septembre 2019, Violeta Bulc, commissaire europ\u00e9enne de la mobilit\u00e9 et le ministre F\u00e9d\u00e9ral belge, Fran\u00e7ois Bellot, entour\u00e9s des Repr\u00e9sentations Permanentes, &nbsp; inaugurent la semaine europ\u00e9enne de la mobilit\u00e9&nbsp;dans le d\u00e9cor mis en place par&nbsp;l\u2019ASBL Schuman Square.<\/p>\n","protected":false},"author":1,"featured_media":0,"parent":0,"menu_order":0,"comment_status":"closed","ping_status":"closed","template":"","meta":[],"_links":{"self":[{"href":"https:\/\/schumansquare.net\/index.php\/wp-json\/wp\/v2\/pages\/500"}],"collection":[{"href":"https:\/\/schumansquare.net\/index.php\/wp-json\/wp\/v2\/pages"}],"about":[{"href":"https:\/\/schumansquare.net\/index.php\/wp-json\/wp\/v2\/types\/page"}],"author":[{"embeddable":true,"href":"https:\/\/schumansquare.net\/index.php\/wp-json\/wp\/v2\/users\/1"}],"replies":[{"embeddable":true,"href":"https:\/\/schumansquare.net\/index.php\/wp-json\/wp\/v2\/comments?post=500"}],"version-history":[{"count":15,"href":"https:\/\/schumansquare.net\/index.php\/wp-json\/wp\/v2\/pages\/500\/revisions"}],"predecessor-version":[{"id":1811,"href":"https:\/\/schumansquare.net\/index.php\/wp-json\/wp\/v2\/pages\/500\/revisions\/1811"}],"wp:attachment":[{"href":"https:\/\/schumansquare.net\/index.php\/wp-json\/wp\/v2\/media?parent=500"}],"curies":[{"name":"wp","href":"https:\/\/api.w.org\/{rel}","templated":true}]}}