{"id":521,"date":"2019-04-15T09:36:54","date_gmt":"2019-04-15T07:36:54","guid":{"rendered":"http:\/\/schumansquare.net\/?page_id=521"},"modified":"2022-04-04T17:52:24","modified_gmt":"2022-04-04T15:52:24","slug":"chine-2018","status":"publish","type":"page","link":"https:\/\/schumansquare.net\/index.php\/chine-2018\/","title":{"rendered":"Echanges culturels entre l\u2019UE et la Chine &#8211; 09\/2019"},"content":{"rendered":"\n<p>Le 25 septembre 2019, la Mission de la Chine organise sous la structure de l\u2019asbl, une magnifique journ\u00e9e sur le Th\u00e8me du bien \u00eatre et de la richesse du partage et des \u00e9changes culturels entre l\u2019UE et la Chine.<br>En pr\u00e9sence de l\u2019ambassadeur de Chine et du directeur g\u00e9n\u00e9ral de la Commission en charge des relations avec l\u2019Asie. &nbsp;<\/p>\n\n\n\n<p>La vid\u00e9o fait le tour du monde: <a href=\"https:\/\/bit.ly\/2neSruw\">https:\/\/bit.ly\/2neSruw<\/a><\/p>\n\n\n\n<figure class=\"wp-block-gallery columns-3 is-cropped\"><ul class=\"blocks-gallery-grid\"><li class=\"blocks-gallery-item\"><figure><img loading=\"lazy\" width=\"640\" height=\"480\" src=\"http:\/\/schumansquare.net\/wp-content\/uploads\/2020\/05\/IMG_0620.jpeg\" alt=\"\" data-id=\"1069\" data-link=\"http:\/\/schumansquare.net\/index.php\/chine-2018\/img_0620\/\" class=\"wp-image-1069\" srcset=\"https:\/\/schumansquare.net\/wp-content\/uploads\/2020\/05\/IMG_0620.jpeg 640w, https:\/\/schumansquare.net\/wp-content\/uploads\/2020\/05\/IMG_0620-300x225.jpeg 300w, https:\/\/schumansquare.net\/wp-content\/uploads\/2020\/05\/IMG_0620-120x90.jpeg 120w\" sizes=\"(max-width: 640px) 100vw, 640px\" \/><\/figure><\/li><li class=\"blocks-gallery-item\"><figure><img loading=\"lazy\" width=\"640\" height=\"480\" src=\"http:\/\/schumansquare.net\/wp-content\/uploads\/2020\/05\/IMG_0627.jpeg\" alt=\"\" data-id=\"1070\" data-link=\"http:\/\/schumansquare.net\/index.php\/chine-2018\/img_0627\/\" class=\"wp-image-1070\" srcset=\"https:\/\/schumansquare.net\/wp-content\/uploads\/2020\/05\/IMG_0627.jpeg 640w, https:\/\/schumansquare.net\/wp-content\/uploads\/2020\/05\/IMG_0627-300x225.jpeg 300w, https:\/\/schumansquare.net\/wp-content\/uploads\/2020\/05\/IMG_0627-120x90.jpeg 120w\" sizes=\"(max-width: 640px) 100vw, 640px\" \/><\/figure><\/li><li class=\"blocks-gallery-item\"><figure><img loading=\"lazy\" width=\"640\" height=\"480\" src=\"http:\/\/schumansquare.net\/wp-content\/uploads\/2020\/05\/IMG_0645-2.jpeg\" alt=\"\" data-id=\"1071\" data-link=\"http:\/\/schumansquare.net\/index.php\/chine-2018\/img_0645-2\/\" class=\"wp-image-1071\" srcset=\"https:\/\/schumansquare.net\/wp-content\/uploads\/2020\/05\/IMG_0645-2.jpeg 640w, https:\/\/schumansquare.net\/wp-content\/uploads\/2020\/05\/IMG_0645-2-300x225.jpeg 300w, https:\/\/schumansquare.net\/wp-content\/uploads\/2020\/05\/IMG_0645-2-120x90.jpeg 120w\" sizes=\"(max-width: 640px) 100vw, 640px\" \/><\/figure><\/li><li class=\"blocks-gallery-item\"><figure><img loading=\"lazy\" width=\"640\" height=\"480\" src=\"http:\/\/schumansquare.net\/wp-content\/uploads\/2020\/05\/IMG_0652.jpeg\" alt=\"\" data-id=\"1072\" data-link=\"http:\/\/schumansquare.net\/index.php\/chine-2018\/img_0652\/\" class=\"wp-image-1072\" srcset=\"https:\/\/schumansquare.net\/wp-content\/uploads\/2020\/05\/IMG_0652.jpeg 640w, https:\/\/schumansquare.net\/wp-content\/uploads\/2020\/05\/IMG_0652-300x225.jpeg 300w, https:\/\/schumansquare.net\/wp-content\/uploads\/2020\/05\/IMG_0652-120x90.jpeg 120w\" sizes=\"(max-width: 640px) 100vw, 640px\" \/><\/figure><\/li><li class=\"blocks-gallery-item\"><figure><img loading=\"lazy\" width=\"593\" height=\"480\" src=\"http:\/\/schumansquare.net\/wp-content\/uploads\/2020\/05\/IMG_0661.jpeg\" alt=\"\" data-id=\"1073\" data-link=\"http:\/\/schumansquare.net\/index.php\/chine-2018\/img_0661\/\" class=\"wp-image-1073\" srcset=\"https:\/\/schumansquare.net\/wp-content\/uploads\/2020\/05\/IMG_0661.jpeg 593w, https:\/\/schumansquare.net\/wp-content\/uploads\/2020\/05\/IMG_0661-300x243.jpeg 300w\" sizes=\"(max-width: 593px) 100vw, 593px\" \/><\/figure><\/li><li class=\"blocks-gallery-item\"><figure><img loading=\"lazy\" width=\"480\" height=\"640\" src=\"http:\/\/schumansquare.net\/wp-content\/uploads\/2020\/05\/IMG_0698.jpeg\" alt=\"\" data-id=\"1074\" data-link=\"http:\/\/schumansquare.net\/index.php\/chine-2018\/img_0698\/\" class=\"wp-image-1074\" srcset=\"https:\/\/schumansquare.net\/wp-content\/uploads\/2020\/05\/IMG_0698.jpeg 480w, https:\/\/schumansquare.net\/wp-content\/uploads\/2020\/05\/IMG_0698-225x300.jpeg 225w\" sizes=\"(max-width: 480px) 100vw, 480px\" \/><\/figure><\/li><\/ul><\/figure>\n\n\n\n<p><\/p>\n","protected":false},"excerpt":{"rendered":"<p>Le 25 septembre 2019, la Mission de la Chine organise sous la structure de l\u2019asbl, une magnifique journ\u00e9e sur le Th\u00e8me du bien \u00eatre et de la richesse du partage et des \u00e9changes culturels entre l\u2019UE et la Chine.En pr\u00e9sence de l\u2019ambassadeur de Chine et du directeur g\u00e9n\u00e9ral de la Commission en charge des relations&hellip;<\/p>\n","protected":false},"author":1,"featured_media":0,"parent":0,"menu_order":0,"comment_status":"closed","ping_status":"closed","template":"","meta":[],"_links":{"self":[{"href":"https:\/\/schumansquare.net\/index.php\/wp-json\/wp\/v2\/pages\/521"}],"collection":[{"href":"https:\/\/schumansquare.net\/index.php\/wp-json\/wp\/v2\/pages"}],"about":[{"href":"https:\/\/schumansquare.net\/index.php\/wp-json\/wp\/v2\/types\/page"}],"author":[{"embeddable":true,"href":"https:\/\/schumansquare.net\/index.php\/wp-json\/wp\/v2\/users\/1"}],"replies":[{"embeddable":true,"href":"https:\/\/schumansquare.net\/index.php\/wp-json\/wp\/v2\/comments?post=521"}],"version-history":[{"count":8,"href":"https:\/\/schumansquare.net\/index.php\/wp-json\/wp\/v2\/pages\/521\/revisions"}],"predecessor-version":[{"id":1818,"href":"https:\/\/schumansquare.net\/index.php\/wp-json\/wp\/v2\/pages\/521\/revisions\/1818"}],"wp:attachment":[{"href":"https:\/\/schumansquare.net\/index.php\/wp-json\/wp\/v2\/media?parent=521"}],"curies":[{"name":"wp","href":"https:\/\/api.w.org\/{rel}","templated":true}]}}