{"id":58,"date":"2019-04-09T10:45:17","date_gmt":"2019-04-09T08:45:17","guid":{"rendered":"http:\/\/schumansquare.net\/?page_id=58"},"modified":"2022-04-04T17:44:26","modified_gmt":"2022-04-04T15:44:26","slug":"les-echecs","status":"publish","type":"page","link":"https:\/\/schumansquare.net\/index.php\/les-echecs\/","title":{"rendered":"Tournoi d\u2019\u00e9checs (chess) &#8211; 09\/2019"},"content":{"rendered":"\n<h4>Le 28 septembre 2019, \u00e0 l\u2019occasion d\u2019un partie exceptionnelle, le champion du monde d\u2019\u00e9checs, &nbsp;Peter LEKO (hongrois) joue seul contre 30 joueurs de hauts niveaux.<\/h4>\n\n\n\n<p>Organis\u00e9 gr\u00e2ce \u00e0 la collaboration avec la Repr\u00e9sentation Permanente de Hongrie.<\/p>\n\n\n\n<div class=\"wp-block-image\"><figure class=\"aligncenter\"><img loading=\"lazy\" width=\"640\" height=\"480\" src=\"http:\/\/schumansquare.net\/wp-content\/uploads\/2020\/05\/IMG_0851.jpeg\" alt=\"\" class=\"wp-image-1027\" srcset=\"https:\/\/schumansquare.net\/wp-content\/uploads\/2020\/05\/IMG_0851.jpeg 640w, https:\/\/schumansquare.net\/wp-content\/uploads\/2020\/05\/IMG_0851-300x225.jpeg 300w, https:\/\/schumansquare.net\/wp-content\/uploads\/2020\/05\/IMG_0851-120x90.jpeg 120w\" sizes=\"(max-width: 640px) 100vw, 640px\" \/><\/figure><\/div>\n\n\n\n<div class=\"wp-block-image\"><figure class=\"aligncenter\"><img loading=\"lazy\" width=\"640\" height=\"480\" src=\"http:\/\/schumansquare.net\/wp-content\/uploads\/2020\/05\/IMG_0871.jpeg\" alt=\"\" class=\"wp-image-1028\" srcset=\"https:\/\/schumansquare.net\/wp-content\/uploads\/2020\/05\/IMG_0871.jpeg 640w, https:\/\/schumansquare.net\/wp-content\/uploads\/2020\/05\/IMG_0871-300x225.jpeg 300w, https:\/\/schumansquare.net\/wp-content\/uploads\/2020\/05\/IMG_0871-120x90.jpeg 120w\" sizes=\"(max-width: 640px) 100vw, 640px\" \/><\/figure><\/div>\n\n\n\n<div class=\"wp-block-image\"><figure class=\"aligncenter\"><img loading=\"lazy\" width=\"480\" height=\"640\" src=\"http:\/\/schumansquare.net\/wp-content\/uploads\/2020\/05\/IMG_0897.jpeg\" alt=\"\" class=\"wp-image-1029\" srcset=\"https:\/\/schumansquare.net\/wp-content\/uploads\/2020\/05\/IMG_0897.jpeg 480w, https:\/\/schumansquare.net\/wp-content\/uploads\/2020\/05\/IMG_0897-225x300.jpeg 225w\" sizes=\"(max-width: 480px) 100vw, 480px\" \/><\/figure><\/div>\n\n\n\n<h4>En 2018, le Brussels Chess Club et le European Chess Club organisent ensemble un tournoi tout public. 60 tables attirent des passionn\u00e9s de tous les \u00e2ges.<\/h4>\n\n\n\n<p>Jouer aux \u00e9checs au rond-point Schuman, lieu de rencontre<\/p>\n\n\n\n[ngg src=\u00a0\u00bbgalleries\u00a0\u00bb ids=\u00a0\u00bb3&Prime; display=\u00a0\u00bbbasic_thumbnail\u00a0\u00bb]\n","protected":false},"excerpt":{"rendered":"<p>Le 28 septembre 2019, \u00e0 l\u2019occasion d\u2019un partie exceptionnelle, le champion du monde d\u2019\u00e9checs, &nbsp;Peter LEKO (hongrois) joue seul contre 30 joueurs de hauts niveaux. Organis\u00e9 gr\u00e2ce \u00e0 la collaboration avec la Repr\u00e9sentation Permanente de Hongrie. En 2018, le Brussels Chess Club et le European Chess Club organisent ensemble un tournoi tout public. 60 tables&hellip;<\/p>\n","protected":false},"author":1,"featured_media":0,"parent":0,"menu_order":0,"comment_status":"closed","ping_status":"closed","template":"","meta":[],"_links":{"self":[{"href":"https:\/\/schumansquare.net\/index.php\/wp-json\/wp\/v2\/pages\/58"}],"collection":[{"href":"https:\/\/schumansquare.net\/index.php\/wp-json\/wp\/v2\/pages"}],"about":[{"href":"https:\/\/schumansquare.net\/index.php\/wp-json\/wp\/v2\/types\/page"}],"author":[{"embeddable":true,"href":"https:\/\/schumansquare.net\/index.php\/wp-json\/wp\/v2\/users\/1"}],"replies":[{"embeddable":true,"href":"https:\/\/schumansquare.net\/index.php\/wp-json\/wp\/v2\/comments?post=58"}],"version-history":[{"count":8,"href":"https:\/\/schumansquare.net\/index.php\/wp-json\/wp\/v2\/pages\/58\/revisions"}],"predecessor-version":[{"id":1813,"href":"https:\/\/schumansquare.net\/index.php\/wp-json\/wp\/v2\/pages\/58\/revisions\/1813"}],"wp:attachment":[{"href":"https:\/\/schumansquare.net\/index.php\/wp-json\/wp\/v2\/media?parent=58"}],"curies":[{"name":"wp","href":"https:\/\/api.w.org\/{rel}","templated":true}]}}