{"id":592,"date":"2019-04-17T12:10:26","date_gmt":"2019-04-17T10:10:26","guid":{"rendered":"http:\/\/schumansquare.net\/?page_id=592"},"modified":"2019-04-17T19:48:35","modified_gmt":"2019-04-17T17:48:35","slug":"europeanness-exposition-en-decembre-2018","status":"publish","type":"page","link":"https:\/\/schumansquare.net\/index.php\/europeanness-exposition-en-decembre-2018\/","title":{"rendered":"Europeanness, exposition en d\u00e9cembre 2018"},"content":{"rendered":"\n[ngg src=\u00a0\u00bbgalleries\u00a0\u00bb ids=\u00a0\u00bb19&Prime; display=\u00a0\u00bbbasic_thumbnail\u00a0\u00bb]\n\n\n\n<p>VisitBrussels exposa devant le Berlaymont, 60 b\u00e2ches, de 60 artistes de pays de toute l\u2019Europe sur le th\u00e8me \u00ab\u00a0Que signifie pour vous \u00eatre europ\u00e9ens?\u00a0\u00bb <br>La diversit\u00e9 fait \u00e9cho \u00e0 celle de Bruxelles, mise en lumi\u00e8re dans l\u2019ann\u00e9e th\u00e9matique MIXITY.brussels 2017, qui encadre ce beau projet cr\u00e9\u00e9 en collaboration avec Confinimmo et Beliris.<br>La s\u00e9lection des artistes et la production des \u0153uvres ont \u00e9t\u00e9 assur\u00e9es par le collectif d\u2019artistes URBANA et la coordination du projet par visit.brussels.<\/p>\n\n\n\n<figure class=\"wp-block-embed-wordpress wp-block-embed is-type-wp-embed is-provider-urbana-project\"><div class=\"wp-block-embed__wrapper\">\n<blockquote class=\"wp-embedded-content\" data-secret=\"M62EBi6zGH\"><a href=\"http:\/\/www.urbana-project.com\/portfolio\/europeanness\/\">Mixity Europeanness<\/a><\/blockquote><iframe class=\"wp-embedded-content\" sandbox=\"allow-scripts\" security=\"restricted\" style=\"position: absolute; clip: rect(1px, 1px, 1px, 1px);\" title=\"&laquo;&nbsp;Mixity Europeanness&nbsp;&raquo; &#8212; Urbana Project\" src=\"http:\/\/www.urbana-project.com\/portfolio\/europeanness\/embed\/#?secret=M62EBi6zGH\" data-secret=\"M62EBi6zGH\" width=\"600\" height=\"338\" frameborder=\"0\" marginwidth=\"0\" marginheight=\"0\" scrolling=\"no\"><\/iframe>\n<\/div><\/figure>\n","protected":false},"excerpt":{"rendered":"<p>VisitBrussels exposa devant le Berlaymont, 60 b\u00e2ches, de 60 artistes de pays de toute l\u2019Europe sur le th\u00e8me \u00ab\u00a0Que signifie pour vous \u00eatre europ\u00e9ens?\u00a0\u00bb La diversit\u00e9 fait \u00e9cho \u00e0 celle de Bruxelles, mise en lumi\u00e8re dans l\u2019ann\u00e9e th\u00e9matique MIXITY.brussels 2017, qui encadre ce beau projet cr\u00e9\u00e9 en collaboration avec Confinimmo et Beliris.La s\u00e9lection des artistes&hellip;<\/p>\n","protected":false},"author":1,"featured_media":0,"parent":0,"menu_order":0,"comment_status":"closed","ping_status":"closed","template":"","meta":[],"_links":{"self":[{"href":"https:\/\/schumansquare.net\/index.php\/wp-json\/wp\/v2\/pages\/592"}],"collection":[{"href":"https:\/\/schumansquare.net\/index.php\/wp-json\/wp\/v2\/pages"}],"about":[{"href":"https:\/\/schumansquare.net\/index.php\/wp-json\/wp\/v2\/types\/page"}],"author":[{"embeddable":true,"href":"https:\/\/schumansquare.net\/index.php\/wp-json\/wp\/v2\/users\/1"}],"replies":[{"embeddable":true,"href":"https:\/\/schumansquare.net\/index.php\/wp-json\/wp\/v2\/comments?post=592"}],"version-history":[{"count":5,"href":"https:\/\/schumansquare.net\/index.php\/wp-json\/wp\/v2\/pages\/592\/revisions"}],"predecessor-version":[{"id":620,"href":"https:\/\/schumansquare.net\/index.php\/wp-json\/wp\/v2\/pages\/592\/revisions\/620"}],"wp:attachment":[{"href":"https:\/\/schumansquare.net\/index.php\/wp-json\/wp\/v2\/media?parent=592"}],"curies":[{"name":"wp","href":"https:\/\/api.w.org\/{rel}","templated":true}]}}