{"id":61,"date":"2019-04-09T10:52:29","date_gmt":"2019-04-09T08:52:29","guid":{"rendered":"http:\/\/schumansquare.net\/?page_id=61"},"modified":"2019-04-09T11:34:49","modified_gmt":"2019-04-09T09:34:49","slug":"contact","status":"publish","type":"page","link":"https:\/\/schumansquare.net\/index.php\/contact\/","title":{"rendered":"Contact"},"content":{"rendered":"\n<h3>Envoyez-nous vos suggestions\u2009!<br>\nSi vous d\u00e9sirez nous soutenir, vous joindre \u00e0 nos activit\u00e9s ou <br>\nSi vous d\u00e9sirez profiter de l\u2019espace mis \u00e0 disposition par l\u2019ASBL lors des \u00e9v\u00e9nements\u2009?<\/h3>\n<p> N\u2019h\u00e9sitez pas, envoyez-nous un message \u00e0 l\u2019aide du formulaire ci-dessous. Nous vous r\u00e9pondrons avec plaisir.<\/p>\n\n\n\n<div role=\"form\" class=\"wpcf7\" id=\"wpcf7-f27-o1\" lang=\"fr-FR\" dir=\"ltr\">\n<div class=\"screen-reader-response\"><p role=\"status\" aria-live=\"polite\" aria-atomic=\"true\"><\/p> <ul><\/ul><\/div>\n<form action=\"\/index.php\/wp-json\/wp\/v2\/pages\/61#wpcf7-f27-o1\" method=\"post\" class=\"wpcf7-form init\" novalidate=\"novalidate\" data-status=\"init\">\n<div style=\"display: none;\">\n<input type=\"hidden\" name=\"_wpcf7\" value=\"27\" \/>\n<input type=\"hidden\" name=\"_wpcf7_version\" value=\"5.5.6.1\" \/>\n<input type=\"hidden\" name=\"_wpcf7_locale\" value=\"fr_FR\" \/>\n<input type=\"hidden\" name=\"_wpcf7_unit_tag\" value=\"wpcf7-f27-o1\" \/>\n<input type=\"hidden\" name=\"_wpcf7_container_post\" value=\"0\" \/>\n<input type=\"hidden\" name=\"_wpcf7_posted_data_hash\" value=\"\" \/>\n<\/div>\n<p><label> Votre nom (obligatoire)<br \/>\n    <span class=\"wpcf7-form-control-wrap your-name\"><input type=\"text\" name=\"your-name\" value=\"\" size=\"40\" class=\"wpcf7-form-control wpcf7-text wpcf7-validates-as-required\" aria-required=\"true\" aria-invalid=\"false\" \/><\/span> <\/label><\/p>\n<p><label> Votre adresse de messagerie (obligatoire)<br \/>\n    <span class=\"wpcf7-form-control-wrap your-email\"><input type=\"email\" name=\"your-email\" value=\"\" size=\"40\" class=\"wpcf7-form-control wpcf7-text wpcf7-email wpcf7-validates-as-required wpcf7-validates-as-email\" aria-required=\"true\" aria-invalid=\"false\" \/><\/span> <\/label><\/p>\n<p><label> Objet<br \/>\n    <span class=\"wpcf7-form-control-wrap your-subject\"><input type=\"text\" name=\"your-subject\" value=\"\" size=\"40\" class=\"wpcf7-form-control wpcf7-text\" aria-invalid=\"false\" \/><\/span> <\/label><\/p>\n<p><label> Votre message<br \/>\n    <span class=\"wpcf7-form-control-wrap your-message\"><textarea name=\"your-message\" cols=\"40\" rows=\"10\" class=\"wpcf7-form-control wpcf7-textarea\" aria-invalid=\"false\"><\/textarea><\/span> <\/label><\/p>\n<p><input type=\"submit\" value=\"Envoyer\" class=\"wpcf7-form-control has-spinner wpcf7-submit\" \/><\/p>\n<div class=\"wpcf7-response-output\" aria-hidden=\"true\"><\/div><\/form><\/div>\n\n\n\n<h2>Notre adresse:<\/h2>\n\n\n\n<p>Schuman Square asbl<\/p>\n\n\n\n<p>Rond-Point Schuman 9 &#8211; 1000 Bruxelles<br><\/p>\n\n\n\n<p><\/p>\n","protected":false},"excerpt":{"rendered":"<p>Envoyez-nous vos suggestions\u2009! Si vous d\u00e9sirez nous soutenir, vous joindre \u00e0 nos activit\u00e9s ou Si vous d\u00e9sirez profiter de l\u2019espace mis \u00e0 disposition par l\u2019ASBL lors des \u00e9v\u00e9nements\u2009? N\u2019h\u00e9sitez pas, envoyez-nous un message \u00e0 l\u2019aide du formulaire ci-dessous. Nous vous r\u00e9pondrons avec plaisir. Notre adresse: Schuman Square asbl Rond-Point Schuman 9 &#8211; 1000 Bruxelles<\/p>\n","protected":false},"author":1,"featured_media":0,"parent":0,"menu_order":0,"comment_status":"closed","ping_status":"closed","template":"","meta":[],"_links":{"self":[{"href":"https:\/\/schumansquare.net\/index.php\/wp-json\/wp\/v2\/pages\/61"}],"collection":[{"href":"https:\/\/schumansquare.net\/index.php\/wp-json\/wp\/v2\/pages"}],"about":[{"href":"https:\/\/schumansquare.net\/index.php\/wp-json\/wp\/v2\/types\/page"}],"author":[{"embeddable":true,"href":"https:\/\/schumansquare.net\/index.php\/wp-json\/wp\/v2\/users\/1"}],"replies":[{"embeddable":true,"href":"https:\/\/schumansquare.net\/index.php\/wp-json\/wp\/v2\/comments?post=61"}],"version-history":[{"count":5,"href":"https:\/\/schumansquare.net\/index.php\/wp-json\/wp\/v2\/pages\/61\/revisions"}],"predecessor-version":[{"id":89,"href":"https:\/\/schumansquare.net\/index.php\/wp-json\/wp\/v2\/pages\/61\/revisions\/89"}],"wp:attachment":[{"href":"https:\/\/schumansquare.net\/index.php\/wp-json\/wp\/v2\/media?parent=61"}],"curies":[{"name":"wp","href":"https:\/\/api.w.org\/{rel}","templated":true}]}}