{"id":654,"date":"2019-04-19T17:15:42","date_gmt":"2019-04-19T15:15:42","guid":{"rendered":"http:\/\/schumansquare.net\/?page_id=654"},"modified":"2022-04-04T17:43:36","modified_gmt":"2022-04-04T15:43:36","slug":"la-fete-des-pains-2018","status":"publish","type":"page","link":"https:\/\/schumansquare.net\/index.php\/la-fete-des-pains-2018\/","title":{"rendered":"La F\u00eate des Pains &#8211; 05\/2019"},"content":{"rendered":"\n<p>Notre \u00e9v\u00e9nement phare depuis 2013 dans le cadre des Portes ouvertes des institutions europ\u00e9ennes.<\/p>\n\n\n\n<figure class=\"wp-block-gallery columns-3 is-cropped\"><ul class=\"blocks-gallery-grid\"><li class=\"blocks-gallery-item\"><figure><img loading=\"lazy\" width=\"594\" height=\"480\" src=\"http:\/\/schumansquare.net\/wp-content\/uploads\/2020\/05\/Boules-deau-et-Commission-.jpeg\" alt=\"\" data-id=\"1119\" data-full-url=\"http:\/\/schumansquare.net\/wp-content\/uploads\/2020\/05\/Boules-deau-et-Commission-.jpeg\" data-link=\"http:\/\/schumansquare.net\/index.php\/la-fete-des-pains-2018\/boules-deau-et-commission\/\" class=\"wp-image-1119\" srcset=\"https:\/\/schumansquare.net\/wp-content\/uploads\/2020\/05\/Boules-deau-et-Commission-.jpeg 594w, https:\/\/schumansquare.net\/wp-content\/uploads\/2020\/05\/Boules-deau-et-Commission--300x242.jpeg 300w\" sizes=\"(max-width: 594px) 100vw, 594px\" \/><\/figure><\/li><li class=\"blocks-gallery-item\"><figure><img loading=\"lazy\" width=\"480\" height=\"640\" src=\"http:\/\/schumansquare.net\/wp-content\/uploads\/2020\/05\/Brochettes-all.jpeg\" alt=\"\" data-id=\"1120\" data-full-url=\"http:\/\/schumansquare.net\/wp-content\/uploads\/2020\/05\/Brochettes-all.jpeg\" data-link=\"http:\/\/schumansquare.net\/index.php\/la-fete-des-pains-2018\/brochettes-all\/\" class=\"wp-image-1120\" srcset=\"https:\/\/schumansquare.net\/wp-content\/uploads\/2020\/05\/Brochettes-all.jpeg 480w, https:\/\/schumansquare.net\/wp-content\/uploads\/2020\/05\/Brochettes-all-225x300.jpeg 225w\" sizes=\"(max-width: 480px) 100vw, 480px\" \/><\/figure><\/li><li class=\"blocks-gallery-item\"><figure><img loading=\"lazy\" width=\"480\" height=\"640\" src=\"http:\/\/schumansquare.net\/wp-content\/uploads\/2020\/05\/enfants.jpeg\" alt=\"\" data-id=\"1121\" data-full-url=\"http:\/\/schumansquare.net\/wp-content\/uploads\/2020\/05\/enfants.jpeg\" data-link=\"http:\/\/schumansquare.net\/index.php\/la-fete-des-pains-2018\/enfants\/\" class=\"wp-image-1121\" srcset=\"https:\/\/schumansquare.net\/wp-content\/uploads\/2020\/05\/enfants.jpeg 480w, https:\/\/schumansquare.net\/wp-content\/uploads\/2020\/05\/enfants-225x300.jpeg 225w\" sizes=\"(max-width: 480px) 100vw, 480px\" \/><\/figure><\/li><li class=\"blocks-gallery-item\"><figure><img loading=\"lazy\" width=\"640\" height=\"427\" src=\"http:\/\/schumansquare.net\/wp-content\/uploads\/2020\/05\/entre\u0301e-gne\u0301ne\u0301rale.jpeg\" alt=\"\" data-id=\"1122\" data-full-url=\"http:\/\/schumansquare.net\/wp-content\/uploads\/2020\/05\/entre\u0301e-gne\u0301ne\u0301rale.jpeg\" data-link=\"http:\/\/schumansquare.net\/index.php\/la-fete-des-pains-2018\/entree-gnenerale\/\" class=\"wp-image-1122\" srcset=\"https:\/\/schumansquare.net\/wp-content\/uploads\/2020\/05\/entre\u0301e-gne\u0301ne\u0301rale.jpeg 640w, https:\/\/schumansquare.net\/wp-content\/uploads\/2020\/05\/entre\u0301e-gne\u0301ne\u0301rale-300x200.jpeg 300w\" sizes=\"(max-width: 640px) 100vw, 640px\" \/><\/figure><\/li><li class=\"blocks-gallery-item\"><figure><img loading=\"lazy\" width=\"640\" height=\"480\" src=\"http:\/\/schumansquare.net\/wp-content\/uploads\/2020\/05\/IMG_0173.jpeg\" alt=\"\" data-id=\"1123\" data-full-url=\"http:\/\/schumansquare.net\/wp-content\/uploads\/2020\/05\/IMG_0173.jpeg\" data-link=\"http:\/\/schumansquare.net\/index.php\/la-fete-des-pains-2018\/img_0173\/\" class=\"wp-image-1123\" srcset=\"https:\/\/schumansquare.net\/wp-content\/uploads\/2020\/05\/IMG_0173.jpeg 640w, https:\/\/schumansquare.net\/wp-content\/uploads\/2020\/05\/IMG_0173-300x225.jpeg 300w, https:\/\/schumansquare.net\/wp-content\/uploads\/2020\/05\/IMG_0173-120x90.jpeg 120w\" sizes=\"(max-width: 640px) 100vw, 640px\" \/><\/figure><\/li><li class=\"blocks-gallery-item\"><figure><img loading=\"lazy\" width=\"480\" height=\"640\" src=\"http:\/\/schumansquare.net\/wp-content\/uploads\/2020\/05\/IMG_9090.jpeg\" alt=\"\" data-id=\"1124\" data-full-url=\"http:\/\/schumansquare.net\/wp-content\/uploads\/2020\/05\/IMG_9090.jpeg\" data-link=\"http:\/\/schumansquare.net\/index.php\/la-fete-des-pains-2018\/img_9090\/\" class=\"wp-image-1124\" srcset=\"https:\/\/schumansquare.net\/wp-content\/uploads\/2020\/05\/IMG_9090.jpeg 480w, https:\/\/schumansquare.net\/wp-content\/uploads\/2020\/05\/IMG_9090-225x300.jpeg 225w\" sizes=\"(max-width: 480px) 100vw, 480px\" \/><\/figure><\/li><li class=\"blocks-gallery-item\"><figure><img loading=\"lazy\" width=\"640\" height=\"360\" src=\"http:\/\/schumansquare.net\/wp-content\/uploads\/2020\/05\/les-3-boulangers-.jpeg\" alt=\"\" data-id=\"1125\" data-full-url=\"http:\/\/schumansquare.net\/wp-content\/uploads\/2020\/05\/les-3-boulangers-.jpeg\" data-link=\"http:\/\/schumansquare.net\/index.php\/la-fete-des-pains-2018\/les-3-boulangers\/\" class=\"wp-image-1125\" srcset=\"https:\/\/schumansquare.net\/wp-content\/uploads\/2020\/05\/les-3-boulangers-.jpeg 640w, https:\/\/schumansquare.net\/wp-content\/uploads\/2020\/05\/les-3-boulangers--300x169.jpeg 300w, https:\/\/schumansquare.net\/wp-content\/uploads\/2020\/05\/les-3-boulangers--540x304.jpeg 540w\" sizes=\"(max-width: 640px) 100vw, 640px\" \/><\/figure><\/li><li class=\"blocks-gallery-item\"><figure><img loading=\"lazy\" width=\"480\" height=\"557\" src=\"http:\/\/schumansquare.net\/wp-content\/uploads\/2020\/05\/Pain-et-enfants.jpeg\" alt=\"\" data-id=\"1126\" data-full-url=\"http:\/\/schumansquare.net\/wp-content\/uploads\/2020\/05\/Pain-et-enfants.jpeg\" data-link=\"http:\/\/schumansquare.net\/index.php\/la-fete-des-pains-2018\/pain-et-enfants\/\" class=\"wp-image-1126\" srcset=\"https:\/\/schumansquare.net\/wp-content\/uploads\/2020\/05\/Pain-et-enfants.jpeg 480w, https:\/\/schumansquare.net\/wp-content\/uploads\/2020\/05\/Pain-et-enfants-259x300.jpeg 259w\" sizes=\"(max-width: 480px) 100vw, 480px\" \/><\/figure><\/li><li class=\"blocks-gallery-item\"><figure><img loading=\"lazy\" width=\"600\" height=\"359\" src=\"http:\/\/schumansquare.net\/wp-content\/uploads\/2020\/05\/super-2-jpg-1.jpg\" alt=\"\" data-id=\"1127\" data-full-url=\"http:\/\/schumansquare.net\/wp-content\/uploads\/2020\/05\/super-2-jpg-1.jpg\" data-link=\"http:\/\/schumansquare.net\/index.php\/la-fete-des-pains-2018\/super-2-jpg-1\/\" class=\"wp-image-1127\" srcset=\"https:\/\/schumansquare.net\/wp-content\/uploads\/2020\/05\/super-2-jpg-1.jpg 600w, https:\/\/schumansquare.net\/wp-content\/uploads\/2020\/05\/super-2-jpg-1-300x180.jpg 300w\" sizes=\"(max-width: 600px) 100vw, 600px\" \/><\/figure><\/li><li class=\"blocks-gallery-item\"><figure><img loading=\"lazy\" width=\"640\" height=\"427\" src=\"http:\/\/schumansquare.net\/wp-content\/uploads\/2020\/05\/Trampoline-.jpeg\" alt=\"\" data-id=\"1129\" data-full-url=\"http:\/\/schumansquare.net\/wp-content\/uploads\/2020\/05\/Trampoline-.jpeg\" data-link=\"http:\/\/schumansquare.net\/index.php\/la-fete-des-pains-2018\/trampoline\/\" class=\"wp-image-1129\" srcset=\"https:\/\/schumansquare.net\/wp-content\/uploads\/2020\/05\/Trampoline-.jpeg 640w, https:\/\/schumansquare.net\/wp-content\/uploads\/2020\/05\/Trampoline--300x200.jpeg 300w\" sizes=\"(max-width: 640px) 100vw, 640px\" \/><\/figure><\/li><li class=\"blocks-gallery-item\"><figure><img loading=\"lazy\" width=\"480\" height=\"640\" src=\"http:\/\/schumansquare.net\/wp-content\/uploads\/2020\/05\/IMG_0101.jpeg\" alt=\"\" data-id=\"1131\" data-full-url=\"http:\/\/schumansquare.net\/wp-content\/uploads\/2020\/05\/IMG_0101.jpeg\" data-link=\"http:\/\/schumansquare.net\/index.php\/la-fete-des-pains-2018\/img_0101\/\" class=\"wp-image-1131\" srcset=\"https:\/\/schumansquare.net\/wp-content\/uploads\/2020\/05\/IMG_0101.jpeg 480w, https:\/\/schumansquare.net\/wp-content\/uploads\/2020\/05\/IMG_0101-225x300.jpeg 225w\" sizes=\"(max-width: 480px) 100vw, 480px\" \/><\/figure><\/li><li class=\"blocks-gallery-item\"><figure><img loading=\"lazy\" width=\"480\" height=\"640\" src=\"http:\/\/schumansquare.net\/wp-content\/uploads\/2020\/05\/IMG_0110.jpeg\" alt=\"\" data-id=\"1132\" data-full-url=\"http:\/\/schumansquare.net\/wp-content\/uploads\/2020\/05\/IMG_0110.jpeg\" data-link=\"http:\/\/schumansquare.net\/index.php\/la-fete-des-pains-2018\/img_0110\/\" class=\"wp-image-1132\" srcset=\"https:\/\/schumansquare.net\/wp-content\/uploads\/2020\/05\/IMG_0110.jpeg 480w, https:\/\/schumansquare.net\/wp-content\/uploads\/2020\/05\/IMG_0110-225x300.jpeg 225w\" sizes=\"(max-width: 480px) 100vw, 480px\" \/><\/figure><\/li><li class=\"blocks-gallery-item\"><figure><img loading=\"lazy\" width=\"480\" height=\"640\" src=\"http:\/\/schumansquare.net\/wp-content\/uploads\/2020\/05\/IMG_0088.jpeg\" alt=\"\" data-id=\"1130\" data-full-url=\"http:\/\/schumansquare.net\/wp-content\/uploads\/2020\/05\/IMG_0088.jpeg\" data-link=\"http:\/\/schumansquare.net\/index.php\/la-fete-des-pains-2018\/img_0088\/\" class=\"wp-image-1130\" srcset=\"https:\/\/schumansquare.net\/wp-content\/uploads\/2020\/05\/IMG_0088.jpeg 480w, https:\/\/schumansquare.net\/wp-content\/uploads\/2020\/05\/IMG_0088-225x300.jpeg 225w\" sizes=\"(max-width: 480px) 100vw, 480px\" \/><\/figure><\/li><\/ul><\/figure>\n\n\n\n<div class=\"wp-block-image\"><figure class=\"aligncenter\"><img loading=\"lazy\" width=\"724\" height=\"1024\" src=\"http:\/\/schumansquare.net\/wp-content\/uploads\/2019\/04\/Aff_Fe\u0302te-du-pain-2019C-724x1024.jpg\" alt=\"\" class=\"wp-image-426\" srcset=\"https:\/\/schumansquare.net\/wp-content\/uploads\/2019\/04\/Aff_Fe\u0302te-du-pain-2019C-724x1024.jpg 724w, https:\/\/schumansquare.net\/wp-content\/uploads\/2019\/04\/Aff_Fe\u0302te-du-pain-2019C-212x300.jpg 212w, https:\/\/schumansquare.net\/wp-content\/uploads\/2019\/04\/Aff_Fe\u0302te-du-pain-2019C-768x1087.jpg 768w, https:\/\/schumansquare.net\/wp-content\/uploads\/2019\/04\/Aff_Fe\u0302te-du-pain-2019C.jpg 1024w\" sizes=\"(max-width: 724px) 100vw, 724px\" \/><\/figure><\/div>\n","protected":false},"excerpt":{"rendered":"<p>Notre \u00e9v\u00e9nement phare depuis 2013 dans le cadre des Portes ouvertes des institutions europ\u00e9ennes.<\/p>\n","protected":false},"author":1,"featured_media":0,"parent":0,"menu_order":0,"comment_status":"closed","ping_status":"closed","template":"","meta":[],"_links":{"self":[{"href":"https:\/\/schumansquare.net\/index.php\/wp-json\/wp\/v2\/pages\/654"}],"collection":[{"href":"https:\/\/schumansquare.net\/index.php\/wp-json\/wp\/v2\/pages"}],"about":[{"href":"https:\/\/schumansquare.net\/index.php\/wp-json\/wp\/v2\/types\/page"}],"author":[{"embeddable":true,"href":"https:\/\/schumansquare.net\/index.php\/wp-json\/wp\/v2\/users\/1"}],"replies":[{"embeddable":true,"href":"https:\/\/schumansquare.net\/index.php\/wp-json\/wp\/v2\/comments?post=654"}],"version-history":[{"count":6,"href":"https:\/\/schumansquare.net\/index.php\/wp-json\/wp\/v2\/pages\/654\/revisions"}],"predecessor-version":[{"id":1812,"href":"https:\/\/schumansquare.net\/index.php\/wp-json\/wp\/v2\/pages\/654\/revisions\/1812"}],"wp:attachment":[{"href":"https:\/\/schumansquare.net\/index.php\/wp-json\/wp\/v2\/media?parent=654"}],"curies":[{"name":"wp","href":"https:\/\/api.w.org\/{rel}","templated":true}]}}