{"id":706,"date":"2019-04-23T17:38:58","date_gmt":"2019-04-23T15:38:58","guid":{"rendered":"http:\/\/schumansquare.net\/?page_id=706"},"modified":"2022-04-04T17:48:26","modified_gmt":"2022-04-04T15:48:26","slug":"startup-day","status":"publish","type":"page","link":"https:\/\/schumansquare.net\/index.php\/startup-day\/","title":{"rendered":"Start\u2019up Day &#8211; 05\/2019"},"content":{"rendered":"\n<p class=\"has-medium-font-size\">Discover Creative Start-up&rsquo;s and Meet Brussels European Culture<br> 8 May, 12pm-6pm<\/p>\n\n\n\n<p class=\"has-medium-font-size\">D\u00e9couvrez des start-ups innovantes et rencontrez la culture europ\u00e9enne de Bruxelles<br>8 mai, 12h \u00e0 18h<\/p>\n\n\n\n<figure class=\"wp-block-image is-resized\"><img loading=\"lazy\" src=\"http:\/\/schumansquare.net\/wp-content\/uploads\/2019\/04\/Affiche-NineOne_S-1024x1024.jpg\" alt=\"\" class=\"wp-image-703\" width=\"1024\" height=\"1024\" srcset=\"https:\/\/schumansquare.net\/wp-content\/uploads\/2019\/04\/Affiche-NineOne_S-1024x1024.jpg 1024w, https:\/\/schumansquare.net\/wp-content\/uploads\/2019\/04\/Affiche-NineOne_S-150x150.jpg 150w, https:\/\/schumansquare.net\/wp-content\/uploads\/2019\/04\/Affiche-NineOne_S-300x300.jpg 300w, https:\/\/schumansquare.net\/wp-content\/uploads\/2019\/04\/Affiche-NineOne_S-768x768.jpg 768w, https:\/\/schumansquare.net\/wp-content\/uploads\/2019\/04\/Affiche-NineOne_S.jpg 1200w\" sizes=\"(max-width: 1024px) 100vw, 1024px\" \/><\/figure>\n","protected":false},"excerpt":{"rendered":"<p>Discover Creative Start-up&rsquo;s and Meet Brussels European Culture 8 May, 12pm-6pm D\u00e9couvrez des start-ups innovantes et rencontrez la culture europ\u00e9enne de Bruxelles8 mai, 12h \u00e0 18h<\/p>\n","protected":false},"author":1,"featured_media":0,"parent":0,"menu_order":0,"comment_status":"closed","ping_status":"closed","template":"","meta":[],"_links":{"self":[{"href":"https:\/\/schumansquare.net\/index.php\/wp-json\/wp\/v2\/pages\/706"}],"collection":[{"href":"https:\/\/schumansquare.net\/index.php\/wp-json\/wp\/v2\/pages"}],"about":[{"href":"https:\/\/schumansquare.net\/index.php\/wp-json\/wp\/v2\/types\/page"}],"author":[{"embeddable":true,"href":"https:\/\/schumansquare.net\/index.php\/wp-json\/wp\/v2\/users\/1"}],"replies":[{"embeddable":true,"href":"https:\/\/schumansquare.net\/index.php\/wp-json\/wp\/v2\/comments?post=706"}],"version-history":[{"count":2,"href":"https:\/\/schumansquare.net\/index.php\/wp-json\/wp\/v2\/pages\/706\/revisions"}],"predecessor-version":[{"id":1815,"href":"https:\/\/schumansquare.net\/index.php\/wp-json\/wp\/v2\/pages\/706\/revisions\/1815"}],"wp:attachment":[{"href":"https:\/\/schumansquare.net\/index.php\/wp-json\/wp\/v2\/media?parent=706"}],"curies":[{"name":"wp","href":"https:\/\/api.w.org\/{rel}","templated":true}]}}