{"id":977,"date":"2019-10-21T10:44:35","date_gmt":"2019-10-21T08:44:35","guid":{"rendered":"http:\/\/schumansquare.net\/?page_id=977"},"modified":"2020-05-11T14:23:18","modified_gmt":"2020-05-11T12:23:18","slug":"beactive-fr-2","status":"publish","type":"page","link":"https:\/\/schumansquare.net\/index.php\/beactive-fr-2\/","title":{"rendered":"#BeActive (fr)"},"content":{"rendered":"\n<div class=\"wp-block-themeisle-blocks-advanced-columns has-1-columns has-desktop-equal-layout has-tablet-equal-layout has-mobile-equal-layout has-default-gap has-vertical-unset\" id=\"wp-block-themeisle-blocks-advanced-columns-3ec480de\"><div class=\"wp-block-themeisle-blocks-advanced-columns-overlay\"><\/div><div class=\"innerblocks-wrap\">\n<div class=\"wp-block-themeisle-blocks-advanced-column\" id=\"wp-block-themeisle-blocks-advanced-column-17a330fc\">\n<div class=\"wp-block-image\"><figure class=\"aligncenter is-resized\"><img loading=\"lazy\" src=\"http:\/\/schumansquare.net\/wp-content\/uploads\/2019\/09\/BeActive_poster_19_FR_144-730x1024.jpg\" alt=\"\" class=\"wp-image-907\" width=\"730\" height=\"1024\" srcset=\"https:\/\/schumansquare.net\/wp-content\/uploads\/2019\/09\/BeActive_poster_19_FR_144-730x1024.jpg 730w, https:\/\/schumansquare.net\/wp-content\/uploads\/2019\/09\/BeActive_poster_19_FR_144-214x300.jpg 214w, https:\/\/schumansquare.net\/wp-content\/uploads\/2019\/09\/BeActive_poster_19_FR_144-768x1077.jpg 768w, https:\/\/schumansquare.net\/wp-content\/uploads\/2019\/09\/BeActive_poster_19_FR_144.jpg 1225w\" sizes=\"(max-width: 730px) 100vw, 730px\" \/><\/figure><\/div>\n\n\n\n<h2><strong>Sport pour tous, sans fronti\u00e8res, sans limites.<\/strong><\/h2>\n\n\n\n<h3 class=\"yellow\"><strong>Une semaine de bien-\u00eatre collectif sur le rond-point Schuman<\/strong><br><strong>du 22 &gt; 29 septembre<\/strong><\/h3>\n\n\n\n<h3 class=\"has-text-align-center white\"><strong><a href=\"http:\/\/schumansquare.net\/index.php\/beactive-fr\/\">voir programme complet<\/a><\/strong><\/h3>\n\n\n\n<p>Une grande Premi\u00e8re<\/p>\n\n\n\n<p><strong>Entre le 22 et le 29 septembre, le rond- point Schuman, au c\u0153ur du quartier europ\u00e9en, sera transform\u00e9 en vaste centre multi- sports, toutes disciplines. Venez nombreux, d\u00e9couvrir et participer&nbsp; \u00e0 ces journ\u00e9es de bien-\u00eatre: &nbsp;basket, rugby, arts mariaux vari\u00e9s, yoga, d\u00e9tentes, escrime, \u00e9checs, danses et bien d\u2019autres plaisirs. <\/strong><br><br>Cette semaine s\u2019inscrit dans le cadre du programme Erasmus+ de la Commission Europ\u00e9enne qui veut ainsi v\u00e9hiculer activement le message \u00absport et bien-\u00eatre\u00bb et motiver durablement tous les citoyens \u00e0 s\u2019adonner \u00e0 des activit\u00e9s physiques. <\/p>\n\n\n\n<p>A cette occasion, l\u2019ASBL SCHUMAN\nSQUARE&nbsp; et ses partenaires\ninstalleront un terrain multisports sur le rond-point Schuman &nbsp;et un \u00e9l\u00e9gant chapiteau sur l\u2019esplanade\nde&nbsp; la rue de la Loi. Soucieux de\nd\u00e9veloppement durable, l\u2019ensemble du sol sera couvert de vinyl recyclable de\nhaute performance aux couleurs du drapeau europ\u00e9en. Les 120 tapis de Yoga\nseront offerts aux h\u00f4pitaux. &nbsp;<\/p>\n\n\n\n<p>Ces installations \u00e9ph\u00e9m\u00e8res seront\nl\u2019occasion de rencontres&nbsp; entre\namateurs de sports de toutes disciplines, tous \u00e2ges, toutes conditions\nphysiques, de tous pays et&nbsp; r\u00e9gions\nd\u2019Europe et du monde, &nbsp;\u00e0 la\nrecherches d influences culturelles r\u00e9ciproques. &nbsp;<\/p>\n\n\n\n<p>Citons entre autre les\nfinlandais lanceurs de bottes, les pays baltes et leur passion pour le basket\net les \u00e9checs, une palette vari\u00e9e d\u2019arts martiaux et leurs champions, les r\u00e9gions\nceltiques et le cricket, la promotion du yoga comme compl\u00e9ment au sport et la\nsalutation au soleil matinale , les danses de Bollywood, la Chine aux\ntraditions sportives&nbsp; mill\u00e9naires, les\nmasters cor\u00e9ens de Taekwondo, la bicyclette et le Beau V\u00e9lo de Ravel, l\u2019escrime\n&nbsp;ou l\u2019art\nde toucher son adversaire \u00e0 l\u2019arme blanche, salsa, zumba et folklore. &nbsp;\n\nA l\u2019initiative de l\u2019ASBL Schuman Square, le\nprogramme vous est propos\u00e9 avec la g\u00e9n\u00e9reuse collaboration de l\u2019ADEPS et de ses\nclubs, de la R\u00e9gion et de la Ville de Bruxelles, des Institutions europ\u00e9ennes\nvoisines, et des forces vives du quartier, qui auront mis\nensemble leurs comp\u00e9tences pour faire r\u00eaver au centre de l\u2019Europe.\n\n\n\n<\/p>\n\n\n\n<p><br>#BEACTIVE, <a href=\"http:\/\/www.schumansquare.net\">www.schumansquare.net<\/a> , <a href=\"http:\/\/www.sport-adeps.be\">www.sport-adeps.be<\/a><br>          Marion Wolfers<\/p>\n\n\n\n<div class=\"wp-block-image\"><figure class=\"aligncenter is-resized\"><a href=\"http:\/\/schumansquare.net\/index.php\/beactive-fr\/\"><img loading=\"lazy\" src=\"http:\/\/schumansquare.net\/wp-content\/uploads\/2019\/09\/ProgrammeHoraire_FR_144-1024x835.jpg\" alt=\"\" class=\"wp-image-910\" width=\"1024\" height=\"835\" srcset=\"https:\/\/schumansquare.net\/wp-content\/uploads\/2019\/09\/ProgrammeHoraire_FR_144-1024x835.jpg 1024w, https:\/\/schumansquare.net\/wp-content\/uploads\/2019\/09\/ProgrammeHoraire_FR_144-300x245.jpg 300w, https:\/\/schumansquare.net\/wp-content\/uploads\/2019\/09\/ProgrammeHoraire_FR_144-768x626.jpg 768w, https:\/\/schumansquare.net\/wp-content\/uploads\/2019\/09\/ProgrammeHoraire_FR_144.jpg 1600w\" sizes=\"(max-width: 1024px) 100vw, 1024px\" \/><\/a><\/figure><\/div>\n\n\n\n<div class=\"wp-block-image\"><figure class=\"aligncenter is-resized\"><img loading=\"lazy\" src=\"http:\/\/schumansquare.net\/wp-content\/uploads\/2019\/07\/EN-1024x256.png\" alt=\"\" class=\"wp-image-742\" width=\"880\" height=\"220\" srcset=\"https:\/\/schumansquare.net\/wp-content\/uploads\/2019\/07\/EN-1024x256.png 1024w, https:\/\/schumansquare.net\/wp-content\/uploads\/2019\/07\/EN-300x75.png 300w, https:\/\/schumansquare.net\/wp-content\/uploads\/2019\/07\/EN-768x192.png 768w\" sizes=\"(max-width: 880px) 100vw, 880px\" \/><\/figure><\/div>\n<\/div>\n<\/div><\/div>\n","protected":false},"excerpt":{"rendered":"","protected":false},"author":1,"featured_media":0,"parent":0,"menu_order":0,"comment_status":"closed","ping_status":"closed","template":"","meta":[],"_links":{"self":[{"href":"https:\/\/schumansquare.net\/index.php\/wp-json\/wp\/v2\/pages\/977"}],"collection":[{"href":"https:\/\/schumansquare.net\/index.php\/wp-json\/wp\/v2\/pages"}],"about":[{"href":"https:\/\/schumansquare.net\/index.php\/wp-json\/wp\/v2\/types\/page"}],"author":[{"embeddable":true,"href":"https:\/\/schumansquare.net\/index.php\/wp-json\/wp\/v2\/users\/1"}],"replies":[{"embeddable":true,"href":"https:\/\/schumansquare.net\/index.php\/wp-json\/wp\/v2\/comments?post=977"}],"version-history":[{"count":3,"href":"https:\/\/schumansquare.net\/index.php\/wp-json\/wp\/v2\/pages\/977\/revisions"}],"predecessor-version":[{"id":1117,"href":"https:\/\/schumansquare.net\/index.php\/wp-json\/wp\/v2\/pages\/977\/revisions\/1117"}],"wp:attachment":[{"href":"https:\/\/schumansquare.net\/index.php\/wp-json\/wp\/v2\/media?parent=977"}],"curies":[{"name":"wp","href":"https:\/\/api.w.org\/{rel}","templated":true}]}}